{"id":158551,"date":"2023-08-30T22:55:36","date_gmt":"2023-08-30T22:55:36","guid":{"rendered":"https:\/\/toystoys.md\/shop\/prod_194735157488_sc88740\/"},"modified":"2024-11-05T15:55:39","modified_gmt":"2024-11-05T13:55:39","slug":"prod_194735157488_sc88740","status":"publish","type":"product","link":"https:\/\/toystoys.md\/ru\/shop\/prod_194735157488_sc88740\/","title":{"rendered":"\u041a\u0443\u043a\u043b\u0430 \u0411\u0430\u0440\u0431\u0438 \u041c\u043e\u0434\u043d\u0438\u0446\u0430 \u0441 \u0431\u0440\u0435\u043a\u0435\u0442\u0430\u043c\u0438 \u0438 \u0440\u0430\u0434\u0443\u0436\u043d\u044b\u043c \u043f\u043b\u0430\u0442\u044c\u0435\u043c MATTEL"},"content":{"rendered":"<p>Barbie\u00ae Fashionistas\u2122 salut\u0103 diversitatea \u0219i ofer\u0103 oportunit\u0103\u021bi nesf\u00e2r\u0219ite de povestire \u0219i explorare a modei. Cu aceast\u0103 gam\u0103 larg\u0103 de p\u0103pu\u0219i, copiii vor vedea c\u00e2t de distractiv este s\u0103-\u0219i exprime individualitatea prin stil! Acesta este cadoul perfect pentru copiii care iubesc moda din \u00eentreaga lume.<\/p>\n<p>&#8211; Conceput cu ceea ce v\u0103d copiii ast\u0103zi, aceast\u0103 linie divers\u0103 de Barbie\u00ae Fashionistas\u2122 prezint\u0103 stiluri vibrante \u0219i la mod\u0103 care deschid posibilit\u0103\u021bi nesf\u00e2r\u0219ite de a povesti.<br \/>\n&#8211; Face\u021bi cuno\u0219tin\u021b\u0103 cu prima p\u0103pu\u0219\u0103 Barbie\u00ae Fashionistas\u2122 cu bretele! Un z\u00e2mbet frumos, ochelari de soare cu margarete roz \u0219i pantofi cu platform\u0103 galben\u0103, look-ul ei are multe detalii care \u00eei fac personalitatea s\u0103 ias\u0103 \u00een eviden\u021b\u0103..<br \/>\nAre p\u0103rul blond \u0219i un fizic original, poart\u0103 o rochie lent\u0103 curcubeu, cu volane pe m\u00e2neci!<br \/>\n&#8211; Mai mult\u0103 varietate face ca colec\u021bia de p\u0103pu\u0219i Barbie\u00ae Fashionistas\u2122 s\u0103 fie \u0219i mai distractiv\u0103 &#8211; sunt cadoul perfect pentru copiii de la 3 ani \u00een sus! (Fiecare se vinde separat, \u00een func\u021bie de disponibilitate).<\/p>\n<p>\u0412\u043e\u0437\u0440\u0430\u0441\u0442: \u043e\u0442 3 \u043b\u0435\u0442.<br \/>\nDimensiuni papusa: 29 cm.<br \/>\nDimensiuni cutie: 30x10x5 cm.<br \/>\n\u041f\u0440\u043e\u0438\u0437\u0432\u043e\u0434\u0438\u0442\u0435\u043b\u044c: Mattel.<\/p>","protected":false},"excerpt":{"rendered":"<p>Barbie\u00ae Fashionistas\u2122 salut\u0103 diversitatea \u0219i ofer\u0103 oportunit\u0103\u021bi nesf\u00e2r\u0219ite de povestire \u0219i explorare a modei. Cu aceast\u0103 gam\u0103 larg\u0103 de p\u0103pu\u0219i,<\/p>","protected":false},"featured_media":158632,"comment_status":"closed","ping_status":"closed","template":"..\/public\/views\/revslider-page-template.php","meta":{"_monsterinsights_skip_tracking":false,"_monsterinsights_sitenote_active":false,"_monsterinsights_sitenote_note":"","_monsterinsights_sitenote_category":0},"product_brand":[],"product_cat":[55,1137,34,1117],"product_tag":[],"class_list":{"0":"post-158551","1":"product","2":"type-product","3":"status-publish","4":"has-post-thumbnail","6":"product_cat-toate-produsele","7":"product_cat-jucarii","8":"product_cat-papusi-casute","9":"product_cat-papusi-si-seturi","11":"first","12":"instock","13":"shipping-taxable","14":"purchasable","15":"product-type-simple"},"_links":{"self":[{"href":"https:\/\/toystoys.md\/ru\/wp-json\/wp\/v2\/product\/158551","targetHints":{"allow":["GET"]}}],"collection":[{"href":"https:\/\/toystoys.md\/ru\/wp-json\/wp\/v2\/product"}],"about":[{"href":"https:\/\/toystoys.md\/ru\/wp-json\/wp\/v2\/types\/product"}],"replies":[{"embeddable":true,"href":"https:\/\/toystoys.md\/ru\/wp-json\/wp\/v2\/comments?post=158551"}],"wp:featuredmedia":[{"embeddable":true,"href":"https:\/\/toystoys.md\/ru\/wp-json\/wp\/v2\/media\/158632"}],"wp:attachment":[{"href":"https:\/\/toystoys.md\/ru\/wp-json\/wp\/v2\/media?parent=158551"}],"wp:term":[{"taxonomy":"product_brand","embeddable":true,"href":"https:\/\/toystoys.md\/ru\/wp-json\/wp\/v2\/product_brand?post=158551"},{"taxonomy":"product_cat","embeddable":true,"href":"https:\/\/toystoys.md\/ru\/wp-json\/wp\/v2\/product_cat?post=158551"},{"taxonomy":"product_tag","embeddable":true,"href":"https:\/\/toystoys.md\/ru\/wp-json\/wp\/v2\/product_tag?post=158551"}],"curies":[{"name":"wp","href":"https:\/\/api.w.org\/{rel}","templated":true}]}}