{"id":158548,"date":"2023-08-30T22:55:27","date_gmt":"2023-08-30T22:55:27","guid":{"rendered":"https:\/\/toystoys.md\/shop\/prod_194735139484_sc88722\/"},"modified":"2023-08-30T23:30:42","modified_gmt":"2023-08-30T21:30:42","slug":"prod_194735139484_sc88722","status":"publish","type":"product","link":"https:\/\/toystoys.md\/ru\/shop\/prod_194735139484_sc88722\/","title":{"rendered":"\u041a\u0443\u043a\u043b\u0430 Monster High Draculaura, \u0421\u0442\u0440\u0430\u0448\u043d\u044b\u0435 \u0441\u0435\u043a\u0440\u0435\u0442\u044b MATTEL"},"content":{"rendered":"<p>Skulltimate Secrets\u2122 revine cu Edi\u021bia Fearidescent! Aceste p\u0103pu\u0219i Monster High\u2122 ofer\u0103 un unboxing \u00eenfrico\u0219\u0103tor cu peste 19 surprize, inclusiv haine, accesorii \u0219i articole tematice. Tehnologia Color Reveal\u2122 \u0219i dezv\u0103luirea pas cu pas adaug\u0103 magie \u0219i mister, \u00een timp ce dulapul \u00een form\u0103 de sicriu este perfect pentru povestire \u0219i depozitare.<\/p>\n<ul>\n<li>P\u0103pu\u0219a Draculaura\u2122 \u0219i surprizele ei la mod\u0103 str\u0103lucesc cu detalii de perle gore-glam \u00een aceast\u0103 edi\u021bie \u00eenfrico\u0219\u0103toare a Skulltimate Secrets\u2122! Deschide-i dulapul pentru a g\u0103si descoperiri fantastice.<\/li>\n<li>Po\u021bi fura secretul? Lua\u021bi patru chei \u0219i sp\u0103la\u021bi-le de pe stratul negru \u00eenfior\u0103tor pentru un moment Color Reveal\u2122, apoi deschide\u021bi toate cele patru compartimente identice pentru a dezv\u0103lui obiectele ascunse \u00een interior.<\/li>\n<li>Odat\u0103 despachetat, folose\u0219te dulapul \u00een form\u0103 de sicriu pentru a spune pove\u0219ti uimitoare \u0219i pentru a depozita p\u0103pu\u0219a Draculaura\u2122, toate hainele \u0219i accesoriile ei.<\/li>\n<li>Draculaura\u2122 arat\u0103 fantastic de feroce cu p\u0103rul roz mat. Moda ei ciudat de \u0219ic se potrive\u0219te cu stilul ei unic de vampir \u0219i \u00eencurajeaz\u0103 amestecarea stilurilor!<\/li>\n<li>De la un tippet pufos \u0219i c\u0103\u0219ti p\u00e2n\u0103 la \u00eenghe\u021bat\u0103 de liliac \u0219i o geant\u0103 de m\u00e2n\u0103, Skulltimate Secrets\u2122 vine cu o varietate de articole care st\u00e2rnesc imagina\u021bia \u0219i exprim\u0103 stilul. Combin\u0103-le creativ pentru a ob\u021bine peste 125 de look-uri!<\/li>\n<li>C\u0103uta\u021bi alte p\u0103pu\u0219i \u0219i seturi Monster High\u2122 pentru cadouri grozave, \u021binute \u00eenfrico\u0219\u0103toare \u0219i \u00eent\u00e2lniri distractive cu ghoul. Alte p\u0103pu\u0219i \u0219i seturi de joac\u0103 v\u00e2ndute separat, \u00een func\u021bie de disponibilitate.<\/li>\n<\/ul>\n<p>\u0412\u043e\u0437\u0440\u0430\u0441\u0442: \u043e\u0442 4 \u043b\u0435\u0442.<br \/>\n\u041f\u0440\u043e\u0438\u0437\u0432\u043e\u0434\u0438\u0442\u0435\u043b\u044c: Mattel.<\/p>","protected":false},"excerpt":{"rendered":"<p>Skulltimate Secrets\u2122 revine cu Edi\u021bia Fearidescent! Aceste p\u0103pu\u0219i Monster High\u2122 ofer\u0103 un unboxing \u00eenfrico\u0219\u0103tor cu peste 19 surprize, inclusiv haine,<\/p>","protected":false},"featured_media":158641,"comment_status":"closed","ping_status":"closed","template":"","meta":{"_monsterinsights_skip_tracking":false,"_monsterinsights_sitenote_active":false,"_monsterinsights_sitenote_note":"","_monsterinsights_sitenote_category":0},"product_brand":[],"product_cat":[55,1137,34,1117],"product_tag":[],"class_list":{"0":"post-158548","1":"product","2":"type-product","3":"status-publish","4":"has-post-thumbnail","6":"product_cat-toate-produsele","7":"product_cat-jucarii","8":"product_cat-papusi-casute","9":"product_cat-papusi-si-seturi","11":"first","12":"outofstock","13":"shipping-taxable","14":"purchasable","15":"product-type-simple"},"_links":{"self":[{"href":"https:\/\/toystoys.md\/ru\/wp-json\/wp\/v2\/product\/158548","targetHints":{"allow":["GET"]}}],"collection":[{"href":"https:\/\/toystoys.md\/ru\/wp-json\/wp\/v2\/product"}],"about":[{"href":"https:\/\/toystoys.md\/ru\/wp-json\/wp\/v2\/types\/product"}],"replies":[{"embeddable":true,"href":"https:\/\/toystoys.md\/ru\/wp-json\/wp\/v2\/comments?post=158548"}],"wp:featuredmedia":[{"embeddable":true,"href":"https:\/\/toystoys.md\/ru\/wp-json\/wp\/v2\/media\/158641"}],"wp:attachment":[{"href":"https:\/\/toystoys.md\/ru\/wp-json\/wp\/v2\/media?parent=158548"}],"wp:term":[{"taxonomy":"product_brand","embeddable":true,"href":"https:\/\/toystoys.md\/ru\/wp-json\/wp\/v2\/product_brand?post=158548"},{"taxonomy":"product_cat","embeddable":true,"href":"https:\/\/toystoys.md\/ru\/wp-json\/wp\/v2\/product_cat?post=158548"},{"taxonomy":"product_tag","embeddable":true,"href":"https:\/\/toystoys.md\/ru\/wp-json\/wp\/v2\/product_tag?post=158548"}],"curies":[{"name":"wp","href":"https:\/\/api.w.org\/{rel}","templated":true}]}}