{"id":158547,"date":"2023-08-30T22:55:24","date_gmt":"2023-08-30T22:55:24","guid":{"rendered":"https:\/\/toystoys.md\/shop\/prod_194735106578_sc88681\/"},"modified":"2024-07-19T14:49:23","modified_gmt":"2024-07-19T12:49:23","slug":"prod_194735106578_sc88681","status":"publish","type":"product","link":"https:\/\/toystoys.md\/ru\/shop\/prod_194735106578_sc88681\/","title":{"rendered":"\u041a\u0443\u043a\u043b\u0430 Barbie Cutie Reveal - \u041f\u0443\u0434\u0435\u043b\u044c MATTEL"},"content":{"rendered":"<p>P\u0103pu\u0219ile Barbie Cutie Reveal Cozy Cute Tees ofer\u0103 cea mai dr\u0103gu\u021b\u0103 experien\u021b\u0103 de unboxing cu 10 surprize! Descoper\u0103 un pudel mov \u0219ic cu un tricou ata\u0219at cu cuv\u00e2ntul \u201eStar\u201d. Scoate\u021bi costumul de plu\u0219 pentru a dezv\u0103lui o p\u0103pu\u0219\u0103 Barbie de plu\u0219 cu p\u0103r lung \u0219i colorat. Va fi \u0219i mai dr\u0103gu\u021b cu mai multe surprize precum bentita, fusta din satin \u0219i mini animal de companie. \u00centoarce\u021bi blatul de plu\u0219 pentru a folosi jacheta din l\u00e2n\u0103 \u0219i \u00eentoarce\u021bi capul costumului pentru a crea un pat pentru animale de companie. Apa rece ca ghea\u021b\u0103 adaug\u0103 \u0219i mai mult\u0103 dr\u0103g\u0103l\u0103\u0219enie cu schimbarea culorii p\u0103rului p\u0103pu\u0219ii \u0219i mini-animalelor de companie &#8211; apa cald\u0103 le schimb\u0103 \u00eenapoi pentru distrac\u021bie repetat\u0103! Copiilor le va pl\u0103cea s\u0103 descopere toate surprizele dr\u0103gu\u021be din aceast\u0103 gam\u0103 dr\u0103gu\u021b\u0103 \u0219i confortabil\u0103 Barbie Cutie Reveal. Include o p\u0103pu\u0219\u0103 \u00eembr\u0103cat\u0103 ca un animal \u0219i 10 surprize.<\/p>\n<p>Cu 10 surprize \u00eentr-un pachet, p\u0103pu\u0219ile Barbie Cutie Reveal Cozy Cute Tees Series ofer\u0103 cea mai dr\u0103gu\u021b\u0103 experien\u021b\u0103 de despachetare cu prietenii animale de plu\u0219, mod\u0103 \u0219i distrac\u021bie de transformare! Ce p\u0103pu\u0219\u0103 vei deschide?<\/p>\n<p>Desface\u021bi cutia pentru a g\u0103si un pudel de plu\u0219 mov adorabil care poart\u0103 un tricou colorat cu mesajul inspira\u021bional \u201eStar\u201d \u0219i o p\u0103pu\u0219\u0103 Barbie \u00een\u0103untru.<\/p>\n<p>Ridica\u021bi capul costumului pentru a dezv\u0103lui o p\u0103pu\u0219\u0103 Barbie cu p\u0103r lung, violet \u0219i albastru \u00een dungi, un corp mobil \u0219i detalii de decor str\u0103lucitoare.<\/p>\n<p>Deschide 4 gen\u021bi surpriz\u0103 pentru a g\u0103si accesorii precum o fust\u0103 din satin, cerc Barbie, o pereche de pantofi, un burete \u0219i un mini pudel adorabil.<\/p>\n<p>Copiii o pot \u00eembr\u0103ca pe dr\u0103gu\u021ba Barbie r\u0103sturn\u00e2nd partea de sus a costumului pentru a g\u0103si o jachet\u0103 din l\u00e2n\u0103 cu imprimeu stea super moale. Capul costumului se transform\u0103 \u00eentr-un pat pentru un mini prieten!<\/p>\n<p>Folose\u0219te ap\u0103 rece ca ghea\u021b\u0103 pentru a decora p\u0103rul p\u0103pu\u0219ii Barbie cu o dung\u0103 colorat\u0103 \u0219i \u201edeschide\u201d \u0219i \u201e\u00eenchide\u201d ochii mini-animalului de companie \u2013 invers se poate realiza cu ap\u0103 cald\u0103. Repeta\u021bi din nou \u0219i din nou!<\/p>\n<p>P\u0103pu\u0219ile Barbie Cutie Reveal Cozy Cute Tees sunt un cadou grozav pentru copiii cu v\u00e2rsta peste 3 ani, mai ales pentru cei c\u0103rora le place s\u0103 descopere surprize dr\u0103gu\u021be!<\/p>\n<p>Varsta recomandata de la 3 ani.<br \/>\nProducator Mattel<\/p>","protected":false},"excerpt":{"rendered":"<p>P\u0103pu\u0219ile Barbie Cutie Reveal Cozy Cute Tees ofer\u0103 cea mai dr\u0103gu\u021b\u0103 experien\u021b\u0103 de unboxing cu 10 surprize! Descoper\u0103 un pudel<\/p>","protected":false},"featured_media":158643,"comment_status":"closed","ping_status":"closed","template":"..\/public\/views\/revslider-page-template.php","meta":{"_monsterinsights_skip_tracking":false,"_monsterinsights_sitenote_active":false,"_monsterinsights_sitenote_note":"","_monsterinsights_sitenote_category":0},"product_brand":[],"product_cat":[55,1137,34,1117],"product_tag":[],"class_list":{"0":"post-158547","1":"product","2":"type-product","3":"status-publish","4":"has-post-thumbnail","6":"product_cat-toate-produsele","7":"product_cat-jucarii","8":"product_cat-papusi-casute","9":"product_cat-papusi-si-seturi","11":"first","12":"instock","13":"shipping-taxable","14":"purchasable","15":"product-type-simple"},"_links":{"self":[{"href":"https:\/\/toystoys.md\/ru\/wp-json\/wp\/v2\/product\/158547","targetHints":{"allow":["GET"]}}],"collection":[{"href":"https:\/\/toystoys.md\/ru\/wp-json\/wp\/v2\/product"}],"about":[{"href":"https:\/\/toystoys.md\/ru\/wp-json\/wp\/v2\/types\/product"}],"replies":[{"embeddable":true,"href":"https:\/\/toystoys.md\/ru\/wp-json\/wp\/v2\/comments?post=158547"}],"wp:featuredmedia":[{"embeddable":true,"href":"https:\/\/toystoys.md\/ru\/wp-json\/wp\/v2\/media\/158643"}],"wp:attachment":[{"href":"https:\/\/toystoys.md\/ru\/wp-json\/wp\/v2\/media?parent=158547"}],"wp:term":[{"taxonomy":"product_brand","embeddable":true,"href":"https:\/\/toystoys.md\/ru\/wp-json\/wp\/v2\/product_brand?post=158547"},{"taxonomy":"product_cat","embeddable":true,"href":"https:\/\/toystoys.md\/ru\/wp-json\/wp\/v2\/product_cat?post=158547"},{"taxonomy":"product_tag","embeddable":true,"href":"https:\/\/toystoys.md\/ru\/wp-json\/wp\/v2\/product_tag?post=158547"}],"curies":[{"name":"wp","href":"https:\/\/api.w.org\/{rel}","templated":true}]}}