{"id":158540,"date":"2023-08-30T22:55:02","date_gmt":"2023-08-30T22:55:02","guid":{"rendered":"https:\/\/toystoys.md\/shop\/prod_194735149285_sc88704\/"},"modified":"2023-08-30T23:56:38","modified_gmt":"2023-08-30T21:56:38","slug":"prod_194735149285_sc88704","status":"publish","type":"product","link":"https:\/\/toystoys.md\/ru\/shop\/prod_194735149285_sc88704\/","title":{"rendered":"\u0418\u0433\u0440\u043e\u0432\u043e\u0439 \u043d\u0430\u0431\u043e\u0440 Enchantimals \u2014 \u041a\u0443\u043a\u043b\u0430 Pemma \u0441 \u043a\u0430\u0440\u0430\u0431\u043a\u0430\u044e\u0449\u0435\u0439\u0441\u044f \u043f\u0430\u043d\u0434\u043e\u0439 MATTEL"},"content":{"rendered":"<p>Papusa Enchantimals Glam Party Pemma Panda&amp;Clamber va va oferi momente de neuitat de joaca si grija.<\/p>\n<p>P\u0103pu\u0219ile Enchantimals sunt fete adorabile care au o leg\u0103tur\u0103 magic\u0103 cu prietenii lor animale!<\/p>\n<p>Petrecerea glam este cel mai mare eveniment de mod\u0103 al sezonului \u0219i toat\u0103 lumea este invitat\u0103!<\/p>\n<p>Panda Pemma \u0219i prietenul ei animal Clember sunt inseparabili \u0219i chiar asem\u0103n\u0103tori. Topul \u0219i fusta Pemma sunt \u00eempodobite \u00een stil panda. Ea \u0219i Clember au o mul\u021bime de accesorii incredibile pentru a le ar\u0103ta tuturor c\u0103 sunt cei mai buni prieteni!<\/p>\n<p>Jocurile cu o p\u0103pu\u0219\u0103 \u0219i elevul ei dezvolt\u0103 g\u00e2ndirea creativ\u0103, le l\u0103rgesc orizonturile \u0219i, de asemenea, \u00eel \u00eenva\u021b\u0103 pe copil s\u0103 fie responsabil pentru natur\u0103 \u0219i s\u0103 iubeasc\u0103 animalele.<\/p>\n<p>B\u044b\u0441\u043e\u0442\u0430 \u043a\u0443\u043a\u043b\u044b: 15 \u0441\u043c<\/p>\n<p>Recomandat copiilor peste 4 ani<\/p>","protected":false},"excerpt":{"rendered":"<p>Papusa Enchantimals Glam Party Pemma Panda&amp;Clamber va va oferi momente de neuitat de joaca si grija. P\u0103pu\u0219ile Enchantimals sunt fete<\/p>","protected":false},"featured_media":158663,"comment_status":"closed","ping_status":"closed","template":"","meta":{"_monsterinsights_skip_tracking":false,"_monsterinsights_sitenote_active":false,"_monsterinsights_sitenote_note":"","_monsterinsights_sitenote_category":0},"product_brand":[],"product_cat":[55,1137,34,1117],"product_tag":[],"class_list":{"0":"post-158540","1":"product","2":"type-product","3":"status-publish","4":"has-post-thumbnail","6":"product_cat-toate-produsele","7":"product_cat-jucarii","8":"product_cat-papusi-casute","9":"product_cat-papusi-si-seturi","11":"first","12":"instock","13":"shipping-taxable","14":"purchasable","15":"product-type-simple"},"_links":{"self":[{"href":"https:\/\/toystoys.md\/ru\/wp-json\/wp\/v2\/product\/158540","targetHints":{"allow":["GET"]}}],"collection":[{"href":"https:\/\/toystoys.md\/ru\/wp-json\/wp\/v2\/product"}],"about":[{"href":"https:\/\/toystoys.md\/ru\/wp-json\/wp\/v2\/types\/product"}],"replies":[{"embeddable":true,"href":"https:\/\/toystoys.md\/ru\/wp-json\/wp\/v2\/comments?post=158540"}],"wp:featuredmedia":[{"embeddable":true,"href":"https:\/\/toystoys.md\/ru\/wp-json\/wp\/v2\/media\/158663"}],"wp:attachment":[{"href":"https:\/\/toystoys.md\/ru\/wp-json\/wp\/v2\/media?parent=158540"}],"wp:term":[{"taxonomy":"product_brand","embeddable":true,"href":"https:\/\/toystoys.md\/ru\/wp-json\/wp\/v2\/product_brand?post=158540"},{"taxonomy":"product_cat","embeddable":true,"href":"https:\/\/toystoys.md\/ru\/wp-json\/wp\/v2\/product_cat?post=158540"},{"taxonomy":"product_tag","embeddable":true,"href":"https:\/\/toystoys.md\/ru\/wp-json\/wp\/v2\/product_tag?post=158540"}],"curies":[{"name":"wp","href":"https:\/\/api.w.org\/{rel}","templated":true}]}}