{"id":158538,"date":"2023-08-30T22:54:56","date_gmt":"2023-08-30T22:54:56","guid":{"rendered":"https:\/\/toystoys.md\/shop\/prod_194735154227_sc88677\/"},"modified":"2024-08-19T11:24:02","modified_gmt":"2024-08-19T09:24:02","slug":"prod_194735154227_sc88677","status":"publish","type":"product","link":"https:\/\/toystoys.md\/ru\/shop\/prod_194735154227_sc88677\/","title":{"rendered":"\u041a\u0443\u043a\u043b\u0430 Barbie Extra Fly \u0441\u043e \u0421\u043d\u0435\u0436\u043a\u043e\u043c MATTEL"},"content":{"rendered":"<p>P\u0103pu\u0219ile Barbie\u00ae Extra Fly\u2122 c\u0103l\u0103toresc cu stil, prezent\u00e2nd mod\u0103 \u00eendr\u0103znea\u021b\u0103 pentru toate destina\u021biile! Fiecare p\u0103pu\u0219\u0103 pozabil\u0103 are propriul s\u0103u aspect unic, cu o \u021binut\u0103 perfect\u0103 pentru z\u0103pad\u0103, de\u0219ert, safari sau relaxare pe plaj\u0103. Accesoriile cu tematic\u0103 de c\u0103l\u0103torie, cum ar fi gen\u021bile de c\u0103l\u0103torie supradimensionate \u0219i pa\u0219apoartele, \u00eei \u00eencurajeaz\u0103 pe copii s\u0103 exploreze povestea cu distrac\u021bie EXTRA! Fiecare se vinde separat, \u00een func\u021bie de disponibilitate. P\u0103pu\u0219ile Barbie\u00ae nu pot sta singure. Culorile \u0219i ornamentele pot varia.<\/p>\n<ul>\n<li>P\u0103pu\u0219ile Barbie\u00ae Extra Fly\u2122 sunt gata de s\u0103rb\u0103tori \u00een mod\u0103 \u0219i stil la mod\u0103! Fiecare p\u0103pu\u0219\u0103 vine cu accesorii cu tematic\u0103 de c\u0103l\u0103torie \u0219i articole elegante.<\/li>\n<li>P\u0103pu\u0219a Barbie\u00ae este gata s\u0103 ias\u0103 pe p\u00e2rtii \u00een \u021binuta ei de iarn\u0103! Aceast\u0103 p\u0103pu\u0219\u0103 cu corp mobil este preg\u0103tit\u0103 pentru o mul\u021bime de distrac\u021bie pe z\u0103pad\u0103.<\/li>\n<li>Ea \u00ee\u0219i arat\u0103 stilul de iarn\u0103 \u00eencrez\u0103tor \u00eentr-o hain\u0103 albastr\u0103 pufoas\u0103 peste un costum de schi roz str\u0103lucitor, care se potrive\u0219te cu p\u0103rul ei lung \u0219i roz.<\/li>\n<li>Totul este despre detaliile SUPLIMENTARE! P\u0103pu\u0219a Barbie\u00ae vine cu 15 accesorii, cum ar fi c\u0103\u0219ti roz, m\u0103nu\u0219i f\u0103r\u0103 degete, cizme de iarn\u0103 \u0219i ochelari pentru a inspira expresia de sine \u0219i distrac\u021bia stilului.<\/li>\n<li>Aceast\u0103 p\u0103pu\u0219\u0103 cu tematic\u0103 de iarn\u0103 vine cu o valiz\u0103 cu tematic\u0103 de popsicle, o etichet\u0103 de bagaj cu fulgi de nea, un pa\u0219aport, un bilet de avion \u0219i o geant\u0103 cu fulgi de nea.<\/li>\n<li>Cu at\u00e2t de multe stiluri distractive \u0219i articole de c\u0103l\u0103torie, p\u0103pu\u0219ile Barbie\u00ae Extra Fly\u2122 sunt un cadou grozav pentru copiii care iubesc moda \u0219i c\u0103l\u0103toriile!<\/li>\n<\/ul>\n<p>\u0425\u0430\u0440\u0430\u043a\u0442\u0435\u0440\u0438\u0441\u0442\u0438\u043a\u0438:<br \/>\nSetul include 1 papusa Barbie\u00ae cu haine, pantofi si accesorii asortate. Papusa Barbie\u00ae nu poate sta singura. Culorile \u0219i ornamentele pot varia.<br \/>\n\u0412\u043e\u0437\u0440\u0430\u0441\u0442: \u043e\u0442 3 \u043b\u0435\u0442.<br \/>\n\u041f\u0440\u043e\u0438\u0437\u0432\u043e\u0434\u0438\u0442\u0435\u043b\u044c: Mattel.<\/p>","protected":false},"excerpt":{"rendered":"<p>P\u0103pu\u0219ile Barbie\u00ae Extra Fly\u2122 c\u0103l\u0103toresc cu stil, prezent\u00e2nd mod\u0103 \u00eendr\u0103znea\u021b\u0103 pentru toate destina\u021biile! Fiecare p\u0103pu\u0219\u0103 pozabil\u0103 are propriul s\u0103u aspect<\/p>","protected":false},"featured_media":158668,"comment_status":"closed","ping_status":"closed","template":"..\/public\/views\/revslider-page-template.php","meta":{"_monsterinsights_skip_tracking":false,"_monsterinsights_sitenote_active":false,"_monsterinsights_sitenote_note":"","_monsterinsights_sitenote_category":0},"product_brand":[],"product_cat":[55,1137,34,1117],"product_tag":[],"class_list":{"0":"post-158538","1":"product","2":"type-product","3":"status-publish","4":"has-post-thumbnail","6":"product_cat-toate-produsele","7":"product_cat-jucarii","8":"product_cat-papusi-casute","9":"product_cat-papusi-si-seturi","11":"first","12":"instock","13":"shipping-taxable","14":"purchasable","15":"product-type-simple"},"_links":{"self":[{"href":"https:\/\/toystoys.md\/ru\/wp-json\/wp\/v2\/product\/158538","targetHints":{"allow":["GET"]}}],"collection":[{"href":"https:\/\/toystoys.md\/ru\/wp-json\/wp\/v2\/product"}],"about":[{"href":"https:\/\/toystoys.md\/ru\/wp-json\/wp\/v2\/types\/product"}],"replies":[{"embeddable":true,"href":"https:\/\/toystoys.md\/ru\/wp-json\/wp\/v2\/comments?post=158538"}],"wp:featuredmedia":[{"embeddable":true,"href":"https:\/\/toystoys.md\/ru\/wp-json\/wp\/v2\/media\/158668"}],"wp:attachment":[{"href":"https:\/\/toystoys.md\/ru\/wp-json\/wp\/v2\/media?parent=158538"}],"wp:term":[{"taxonomy":"product_brand","embeddable":true,"href":"https:\/\/toystoys.md\/ru\/wp-json\/wp\/v2\/product_brand?post=158538"},{"taxonomy":"product_cat","embeddable":true,"href":"https:\/\/toystoys.md\/ru\/wp-json\/wp\/v2\/product_cat?post=158538"},{"taxonomy":"product_tag","embeddable":true,"href":"https:\/\/toystoys.md\/ru\/wp-json\/wp\/v2\/product_tag?post=158538"}],"curies":[{"name":"wp","href":"https:\/\/api.w.org\/{rel}","templated":true}]}}