{"id":158520,"date":"2023-08-30T22:54:01","date_gmt":"2023-08-30T22:54:01","guid":{"rendered":""},"modified":"2025-09-03T14:18:46","modified_gmt":"2025-09-03T12:18:46","slug":"prod_194735094059_sc88747","status":"publish","type":"product","link":"https:\/\/toystoys.md\/ru\/shop\/prod_194735094059_sc88747\/","title":{"rendered":"\u041a\u0443\u043a\u043b\u0430 Ken \u041c\u043e\u0434\u043d\u0438\u043a \u0441\u043e \u0441\u0432\u0435\u0442\u043b\u044b\u043c\u0438 \u0432\u043e\u043b\u043e\u0441\u0430\u043c\u0438 \u0432 \u0444\u0443\u0442\u0431\u043e\u043b\u043a\u0435 \u0441 \u043a\u0430\u043a\u0442\u0443\u0441\u0430\u043c\u0438 MATTEL"},"content":{"rendered":"<p>Barbie\u00ae \u0219i Ken\u00ae Fashionistas\u2122 s\u0103rb\u0103toresc diversitatea \u0219i ofer\u0103 oportunit\u0103\u021bi nesf\u00e2r\u0219ite pentru povestirea \u0219i explorarea modei. Cu aceast\u0103 gam\u0103 larg\u0103 de p\u0103pu\u0219i, copiii vor vedea c\u00e2t de distractiv este s\u0103-\u0219i exprime individualitatea prin stil! Acesta este cadoul perfect pentru copiii care iubesc moda din \u00eentreaga lume. Fiecare se vinde separat, \u00een func\u021bie de disponibilitate.<\/p>\n<ul>\n<li>P\u0103pu\u0219ile Ken\u00ae Fashionistas\u2122 \u00ee\u0219i p\u0103streaz\u0103 calmul cu look-uri la mod\u0103 adaptate stilului lor individual, deschiz\u00e2nd posibilit\u0103\u021bi infinite de povestire.<\/li>\n<li>Aceast\u0103 p\u0103pu\u0219\u0103 Ken\u00ae poart\u0103 un tricou cu cactus \u0219i palmier foarte distractiv care \u00eei scoate \u00een eviden\u021b\u0103 personalitatea!<\/li>\n<li>Pantaloni scur\u021bi albi \u0219i pantofi sport \u00eenal\u021bi de culoare crem completeaz\u0103 aspectul s\u0103u versatil \u0219i elegant.<\/li>\n<li>De la \u00eent\u00e2lnirea cu prietenii p\u00e2n\u0103 la explorarea ora\u0219ului, aceast\u0103 p\u0103pu\u0219\u0103 Ken\u00ae este \u00eembr\u0103cat\u0103 pentru fiecare aventur\u0103 la care viseaz\u0103 copiii!<\/li>\n<li>Copiii cu v\u00e2rsta peste 3 ani pot colecta \u0219i alte p\u0103pu\u0219i Barbie\u00ae Fashionistas\u2122 pentru \u0219i mai mult\u0103 distrac\u021bie cu prietenii \u0219i la mod\u0103 \u00een timp ce se joac\u0103!<\/li>\n<\/ul>\n<p>\u0425\u0430\u0440\u0430\u043a\u0442\u0435\u0440\u0438\u0441\u0442\u0438\u043a\u0438:<br \/>\n\u0412\u043e\u0437\u0440\u0430\u0441\u0442: \u043e\u0442 3 \u043b\u0435\u0442.<br \/>\n\u041f\u0440\u043e\u0438\u0437\u0432\u043e\u0434\u0438\u0442\u0435\u043b\u044c: Mattel.<\/p>","protected":false},"excerpt":{"rendered":"<p>Barbie\u00ae \u0219i Ken\u00ae Fashionistas\u2122 s\u0103rb\u0103toresc diversitatea \u0219i ofer\u0103 oportunit\u0103\u021bi nesf\u00e2r\u0219ite pentru povestirea \u0219i explorarea modei. Cu aceast\u0103 gam\u0103 larg\u0103 de<\/p>","protected":false},"featured_media":158723,"comment_status":"closed","ping_status":"closed","template":"","meta":{"_monsterinsights_skip_tracking":false,"_monsterinsights_sitenote_active":false,"_monsterinsights_sitenote_note":"","_monsterinsights_sitenote_category":0},"product_brand":[],"product_cat":[55,1137,34,1117],"product_tag":[],"class_list":{"0":"post-158520","1":"product","2":"type-product","3":"status-publish","4":"has-post-thumbnail","6":"product_cat-toate-produsele","7":"product_cat-jucarii","8":"product_cat-papusi-casute","9":"product_cat-papusi-si-seturi","11":"first","12":"instock","13":"shipping-taxable","14":"purchasable","15":"product-type-simple"},"_links":{"self":[{"href":"https:\/\/toystoys.md\/ru\/wp-json\/wp\/v2\/product\/158520","targetHints":{"allow":["GET"]}}],"collection":[{"href":"https:\/\/toystoys.md\/ru\/wp-json\/wp\/v2\/product"}],"about":[{"href":"https:\/\/toystoys.md\/ru\/wp-json\/wp\/v2\/types\/product"}],"replies":[{"embeddable":true,"href":"https:\/\/toystoys.md\/ru\/wp-json\/wp\/v2\/comments?post=158520"}],"wp:featuredmedia":[{"embeddable":true,"href":"https:\/\/toystoys.md\/ru\/wp-json\/wp\/v2\/media\/158723"}],"wp:attachment":[{"href":"https:\/\/toystoys.md\/ru\/wp-json\/wp\/v2\/media?parent=158520"}],"wp:term":[{"taxonomy":"product_brand","embeddable":true,"href":"https:\/\/toystoys.md\/ru\/wp-json\/wp\/v2\/product_brand?post=158520"},{"taxonomy":"product_cat","embeddable":true,"href":"https:\/\/toystoys.md\/ru\/wp-json\/wp\/v2\/product_cat?post=158520"},{"taxonomy":"product_tag","embeddable":true,"href":"https:\/\/toystoys.md\/ru\/wp-json\/wp\/v2\/product_tag?post=158520"}],"curies":[{"name":"wp","href":"https:\/\/api.w.org\/{rel}","templated":true}]}}