{"id":158519,"date":"2023-08-30T22:53:57","date_gmt":"2023-08-30T22:53:57","guid":{"rendered":""},"modified":"2024-07-19T15:04:17","modified_gmt":"2024-07-19T13:04:17","slug":"prod_194735094035_sc88712","status":"publish","type":"product","link":"https:\/\/toystoys.md\/ru\/shop\/prod_194735094035_sc88712\/","title":{"rendered":"\u041a\u0443\u043a\u043b\u0430 Barbie \u041c\u043e\u0434\u043d\u0438\u0446\u0430 \u0432 \u0432\u044f\u0437\u0430\u043d\u043e\u043c \u043f\u043b\u0430\u0442\u044c\u0435 MATTEL"},"content":{"rendered":"<p>Barbie\u00ae Fashionistas\u2122 celebreaz\u0103 diversitatea \u0219i ofer\u0103 oportunit\u0103\u021bi nesf\u00e2r\u0219ite pentru explorarea modei. Cu aceast\u0103 linie incluziv\u0103 de p\u0103pu\u0219i, copiii pot vedea c\u00e2t de distractiv este s\u0103-\u0219i exprime individualitatea prin stil! Copiii pot colecta p\u0103pu\u0219i \u0219i accesorii Barbie\u00ae pentru a crea moduri nesf\u00e2r\u0219ite de a-\u0219i exprima stilul \u0219i de a se distra! Include p\u0103pu\u0219a Barbie\u00ae Fashionistas\u2122 \u00eembr\u0103cat\u0103 \u00een haine la mod\u0103 \u0219i accesorii care st\u00e2rnesc imagina\u021bia. Sun\u0103-\u021bi prietenii, adun\u0103-\u021bi p\u0103pu\u0219ile \u0219i distreaz\u0103-te \u00een aceast\u0103 lume a modei \u0219i a fanteziei! Cu at\u00e2t de multe posibilit\u0103\u021bi, aceast\u0103 juc\u0103rie de colec\u021bie este un cadou grozav pentru copiii care iubesc moda.<\/p>\n<ul>\n<li>Aceast\u0103 P\u0102PU\u0218\u0102 Barbie\u00ae are p\u0103rul castaniu \u00eenchis \u00eentr-un coc plin de farmec \u0219i bucle care \u00eei \u00eencadreaz\u0103 fa\u021ba. Ochelarii de soare aurii \u0219i sandalele cu platform\u0103 galben\u0103 \u00eei accentueaz\u0103 personalitatea.<\/li>\n<li>HINGED DOLL poart\u0103 o rochie midi cro\u0219etat\u0103 alb\u0103, cu un imprimeu \u00eendr\u0103zne\u021b cu diamante \u00een carouri. \u021ainuta str\u0103lucitoare a acestei p\u0103pu\u0219i frumoase iradiaz\u0103 lumina soarelui chiar \u0219i \u00een cea mai \u00eennorat\u0103 zi!<\/li>\n<li>Cu un aspect at\u00e2t de versatil \u0219i elegant, aceast\u0103 p\u0103pu\u0219\u0103 Barbie\u00ae este gata pentru orice aventur\u0103 la care viseaz\u0103 copiii!<\/li>\n<li>Copiii cu v\u00e2rsta peste 3 ani pot colecta alte p\u0103pu\u0219i Barbie\u00ae Fashionistas\u2122 pentru \u0219i mai mult\u0103 distrac\u021bie cu prietenii \u0219i la mod\u0103!<\/li>\n<\/ul>\n<p>\u0425\u0430\u0440\u0430\u043a\u0442\u0435\u0440\u0438\u0441\u0442\u0438\u043a\u0438:<br \/>\n\u0412\u043e\u0437\u0440\u0430\u0441\u0442: \u043e\u0442 3 \u043b\u0435\u0442.<br \/>\n\u041f\u0440\u043e\u0438\u0437\u0432\u043e\u0434\u0438\u0442\u0435\u043b\u044c: Mattel.<\/p>","protected":false},"excerpt":{"rendered":"<p>Barbie\u00ae Fashionistas\u2122 celebreaz\u0103 diversitatea \u0219i ofer\u0103 oportunit\u0103\u021bi nesf\u00e2r\u0219ite pentru explorarea modei. Cu aceast\u0103 linie incluziv\u0103 de p\u0103pu\u0219i, copiii pot vedea<\/p>","protected":false},"featured_media":158725,"comment_status":"closed","ping_status":"closed","template":"..\/public\/views\/revslider-page-template.php","meta":{"_monsterinsights_skip_tracking":false,"_monsterinsights_sitenote_active":false,"_monsterinsights_sitenote_note":"","_monsterinsights_sitenote_category":0},"product_brand":[],"product_cat":[55,1137,34,1117],"product_tag":[],"class_list":{"0":"post-158519","1":"product","2":"type-product","3":"status-publish","4":"has-post-thumbnail","6":"product_cat-toate-produsele","7":"product_cat-jucarii","8":"product_cat-papusi-casute","9":"product_cat-papusi-si-seturi","11":"first","12":"instock","13":"shipping-taxable","14":"purchasable","15":"product-type-simple"},"_links":{"self":[{"href":"https:\/\/toystoys.md\/ru\/wp-json\/wp\/v2\/product\/158519","targetHints":{"allow":["GET"]}}],"collection":[{"href":"https:\/\/toystoys.md\/ru\/wp-json\/wp\/v2\/product"}],"about":[{"href":"https:\/\/toystoys.md\/ru\/wp-json\/wp\/v2\/types\/product"}],"replies":[{"embeddable":true,"href":"https:\/\/toystoys.md\/ru\/wp-json\/wp\/v2\/comments?post=158519"}],"wp:featuredmedia":[{"embeddable":true,"href":"https:\/\/toystoys.md\/ru\/wp-json\/wp\/v2\/media\/158725"}],"wp:attachment":[{"href":"https:\/\/toystoys.md\/ru\/wp-json\/wp\/v2\/media?parent=158519"}],"wp:term":[{"taxonomy":"product_brand","embeddable":true,"href":"https:\/\/toystoys.md\/ru\/wp-json\/wp\/v2\/product_brand?post=158519"},{"taxonomy":"product_cat","embeddable":true,"href":"https:\/\/toystoys.md\/ru\/wp-json\/wp\/v2\/product_cat?post=158519"},{"taxonomy":"product_tag","embeddable":true,"href":"https:\/\/toystoys.md\/ru\/wp-json\/wp\/v2\/product_tag?post=158519"}],"curies":[{"name":"wp","href":"https:\/\/api.w.org\/{rel}","templated":true}]}}