{"id":158513,"date":"2023-08-30T22:53:38","date_gmt":"2023-08-30T22:53:38","guid":{"rendered":""},"modified":"2024-01-18T00:35:59","modified_gmt":"2024-01-17T22:35:59","slug":"prod_194735149322_sc88710","status":"publish","type":"product","link":"https:\/\/toystoys.md\/ru\/shop\/prod_194735149322_sc88710\/","title":{"rendered":"\u0418\u0433\u0440\u043e\u0432\u043e\u0439 \u043d\u0430\u0431\u043e\u0440 \u0421\u0435\u043c\u044c\u044f Enchantimals - \u041a\u0443\u043a\u043b\u0430 \u0441 \u043b\u0438\u0441\u0430\u043c\u0438 \u0444\u0435\u043d\u0435\u043a MATTEL"},"content":{"rendered":"<p>Setul de joc Enchantimals Fennec Filigree Chanterelle Family v\u0103 va oferi momente de neuitat ale jocului.<\/p>\n<p>P\u0103pu\u0219ile Enchantimals sunt fete adorabile care au o leg\u0103tur\u0103 magic\u0103 cu prietenii lor animale. Sunt inseparabile \u0219i chiar asem\u0103n\u0103toare. Petrecerea plin\u0103 de farmec Enchantimals este cel mai mare eveniment de mod\u0103 al sezonului \u0219i toat\u0103 lumea este invitat\u0103.<\/p>\n<p>Fox Filigri are un aspect incredibil \u00eentr-un top dr\u0103gu\u021b \u0219i o fust\u0103 care este deta\u0219abil\u0103. Ea \u0219i familia ei sunt gata s\u0103 plece \u00eentr-o aventur\u0103 plin\u0103 de farmec. Copiilor le va pl\u0103cea s\u0103 interpreteze cei mai buni prieteni ai lui Enchantimals \u0219i vor dori s\u0103 completeze colec\u021bia.<\/p>\n<p>\u0412 \u043a\u043e\u043c\u043f\u043b\u0435\u043a\u0442\u0435:<\/p>\n<ul>\n<li>papusa Chanterelle Filigri<\/li>\n<li>Perk Animal Prietena Figurin\u0103<\/li>\n<li>figurine de familie<\/li>\n<\/ul>\n<p>\u0420\u0435\u043a\u043e\u043c\u0435\u043d\u0434\u043e\u0432\u0430\u043d\u043e \u0434\u043b\u044f \u0434\u0435\u0442\u0435\u0439 \u043e\u0442 4-\u0445 \u043b\u0435\u0442.<\/p>","protected":false},"excerpt":{"rendered":"<p>Setul de joc Enchantimals Fennec Filigree Chanterelle Family v\u0103 va oferi momente de neuitat ale jocului. P\u0103pu\u0219ile Enchantimals sunt fete<\/p>","protected":false},"featured_media":158741,"comment_status":"closed","ping_status":"closed","template":"","meta":{"_monsterinsights_skip_tracking":false,"_monsterinsights_sitenote_active":false,"_monsterinsights_sitenote_note":"","_monsterinsights_sitenote_category":0},"product_brand":[],"product_cat":[55,1137,34,1117],"product_tag":[],"class_list":{"0":"post-158513","1":"product","2":"type-product","3":"status-publish","4":"has-post-thumbnail","6":"product_cat-toate-produsele","7":"product_cat-jucarii","8":"product_cat-papusi-casute","9":"product_cat-papusi-si-seturi","11":"first","12":"instock","13":"shipping-taxable","14":"purchasable","15":"product-type-simple"},"_links":{"self":[{"href":"https:\/\/toystoys.md\/ru\/wp-json\/wp\/v2\/product\/158513","targetHints":{"allow":["GET"]}}],"collection":[{"href":"https:\/\/toystoys.md\/ru\/wp-json\/wp\/v2\/product"}],"about":[{"href":"https:\/\/toystoys.md\/ru\/wp-json\/wp\/v2\/types\/product"}],"replies":[{"embeddable":true,"href":"https:\/\/toystoys.md\/ru\/wp-json\/wp\/v2\/comments?post=158513"}],"wp:featuredmedia":[{"embeddable":true,"href":"https:\/\/toystoys.md\/ru\/wp-json\/wp\/v2\/media\/158741"}],"wp:attachment":[{"href":"https:\/\/toystoys.md\/ru\/wp-json\/wp\/v2\/media?parent=158513"}],"wp:term":[{"taxonomy":"product_brand","embeddable":true,"href":"https:\/\/toystoys.md\/ru\/wp-json\/wp\/v2\/product_brand?post=158513"},{"taxonomy":"product_cat","embeddable":true,"href":"https:\/\/toystoys.md\/ru\/wp-json\/wp\/v2\/product_cat?post=158513"},{"taxonomy":"product_tag","embeddable":true,"href":"https:\/\/toystoys.md\/ru\/wp-json\/wp\/v2\/product_tag?post=158513"}],"curies":[{"name":"wp","href":"https:\/\/api.w.org\/{rel}","templated":true}]}}