{"id":158511,"date":"2023-08-30T22:53:32","date_gmt":"2023-08-30T22:53:32","guid":{"rendered":""},"modified":"2024-07-26T09:04:34","modified_gmt":"2024-07-26T07:04:34","slug":"prod_194735139286_sc88702","status":"publish","type":"product","link":"https:\/\/toystoys.md\/ru\/shop\/prod_194735139286_sc88702\/","title":{"rendered":"\u041a\u0443\u043a\u043b\u0430 Monster High Clawdeen Wolf, \u0421\u0442\u0440\u0430\u0448\u043d\u044b\u0435 \u0441\u0435\u043a\u0440\u0435\u0442\u044b MATTEL"},"content":{"rendered":"<p>Skulltimate Secrets revine cu Edi\u021bia Fearidescent! Aceste p\u0103pu\u0219i Monster High ofer\u0103 un unboxing \u00eenfrico\u0219\u0103tor cu peste 19 surprize, inclusiv \u021binute, accesorii \u0219i accesorii tematice. Tehnologia Color Reveal \u0219i dezv\u0103luirea pas cu pas \u00eenconjoar\u0103 setul de magie \u0219i mister, iar dulapul \u00een form\u0103 de sicriu este perfect at\u00e2t pentru povestire, c\u00e2t \u0219i pentru depozitare. Toate articolele se v\u00e2nd separat. Complet articulat. P\u0103pu\u0219a nu poate sta singur\u0103. Sunt posibile abateri de culoare \u0219i design.<\/p>\n<ul>\n<li>Detaliile straniu de str\u0103lucitoare cu m\u0103rgele fac ca p\u0103pu\u0219a Claudine Wolfe \u0219i surprizele ei de mod\u0103 s\u0103 str\u0103luceasc\u0103 \u00een aceast\u0103 edi\u021bie Fearidescent de la Skulltimate Secrets! Dulapul ei este plin de surprize de lup.<\/li>\n<li>Cine poate dezv\u0103lui secretul? Copiii pot lua cheile \u0219i pot sp\u0103la stratul negru \u00eenfior\u0103tor pentru a activa efectul Color Reveal, apoi debloca compartimentele corespunz\u0103toare pentru a g\u0103si obiectele ascunse.<\/li>\n<li>Odat\u0103 despachetat, dulapul \u00een form\u0103 de sicriu este excelent pentru a spune pove\u0219ti de groaz\u0103 \u0219i pentru a depozita p\u0103pu\u0219a Claudine Wolfe, toate hainele \u0219i accesoriile ei.<\/li>\n<li>Claudine Wolfe atrage aten\u021bia tuturor cu p\u0103rul ei violet. \u021ainutele ei adorabile transform\u0103 moda \u00eentr-o distrac\u021bie incredibil\u0103, potrivindu-se perfect cu mo\u0219tenirea ei unic\u0103 de v\u00e2rcolac.<\/li>\n<li>Gama de accesorii pentru a stimula imagina\u021bia \u0219i creativitatea \u00een mod\u0103 include un tippet pufos, bentita de lun\u0103, geant\u0103 de m\u00e2n\u0103 \u0219i gust\u0103ri dulci. Rezultatul sunt peste 125 de look-uri diferite!<\/li>\n<li>Alte p\u0103pu\u0219i \u0219i seturi Monster High ofer\u0103 \u0219i mai multe cadouri minunate, \u021binute asem\u0103n\u0103toare mon\u0219trilor \u0219i distrac\u021bie cu ghoul. Alte p\u0103pu\u0219i \u0219i seturi de joac\u0103 v\u00e2ndute separat.<\/li>\n<\/ul>\n<p>\u0412\u043e\u0437\u0440\u0430\u0441\u0442: \u043e\u0442 4 \u043b\u0435\u0442.<br \/>\n\u041f\u0440\u043e\u0438\u0437\u0432\u043e\u0434\u0438\u0442\u0435\u043b\u044c: Mattel.<\/p>","protected":false},"excerpt":{"rendered":"<p>Skulltimate Secrets revine cu Edi\u021bia Fearidescent! Aceste p\u0103pu\u0219i Monster High ofer\u0103 un unboxing \u00eenfrico\u0219\u0103tor cu peste 19 surprize, inclusiv \u021binute,<\/p>","protected":false},"featured_media":158746,"comment_status":"closed","ping_status":"closed","template":"..\/public\/views\/revslider-page-template.php","meta":{"_monsterinsights_skip_tracking":false,"_monsterinsights_sitenote_active":false,"_monsterinsights_sitenote_note":"","_monsterinsights_sitenote_category":0},"product_brand":[],"product_cat":[55,1137,34,1117],"product_tag":[],"class_list":{"0":"post-158511","1":"product","2":"type-product","3":"status-publish","4":"has-post-thumbnail","6":"product_cat-toate-produsele","7":"product_cat-jucarii","8":"product_cat-papusi-casute","9":"product_cat-papusi-si-seturi","11":"first","12":"outofstock","13":"shipping-taxable","14":"purchasable","15":"product-type-simple"},"_links":{"self":[{"href":"https:\/\/toystoys.md\/ru\/wp-json\/wp\/v2\/product\/158511","targetHints":{"allow":["GET"]}}],"collection":[{"href":"https:\/\/toystoys.md\/ru\/wp-json\/wp\/v2\/product"}],"about":[{"href":"https:\/\/toystoys.md\/ru\/wp-json\/wp\/v2\/types\/product"}],"replies":[{"embeddable":true,"href":"https:\/\/toystoys.md\/ru\/wp-json\/wp\/v2\/comments?post=158511"}],"wp:featuredmedia":[{"embeddable":true,"href":"https:\/\/toystoys.md\/ru\/wp-json\/wp\/v2\/media\/158746"}],"wp:attachment":[{"href":"https:\/\/toystoys.md\/ru\/wp-json\/wp\/v2\/media?parent=158511"}],"wp:term":[{"taxonomy":"product_brand","embeddable":true,"href":"https:\/\/toystoys.md\/ru\/wp-json\/wp\/v2\/product_brand?post=158511"},{"taxonomy":"product_cat","embeddable":true,"href":"https:\/\/toystoys.md\/ru\/wp-json\/wp\/v2\/product_cat?post=158511"},{"taxonomy":"product_tag","embeddable":true,"href":"https:\/\/toystoys.md\/ru\/wp-json\/wp\/v2\/product_tag?post=158511"}],"curies":[{"name":"wp","href":"https:\/\/api.w.org\/{rel}","templated":true}]}}