{"id":158507,"date":"2023-08-30T22:53:20","date_gmt":"2023-08-30T22:53:20","guid":{"rendered":""},"modified":"2024-08-19T10:39:06","modified_gmt":"2024-08-19T08:39:06","slug":"prod_194735060238_sc88697","status":"publish","type":"product","link":"https:\/\/toystoys.md\/ru\/shop\/prod_194735060238_sc88697\/","title":{"rendered":"\u0418\u0433\u0440\u043e\u0432\u043e\u0439 \u043d\u0430\u0431\u043e\u0440 Barbie \u0448\u043a\u0430\u0444 \u043c\u0435\u0447\u0442\u044b \u0441 \u043a\u0443\u043a\u043b\u043e\u0439 \u0438 \u0430\u043a\u0441\u0435\u0441\u0441\u0443\u0430\u0440\u0430\u043c\u0438 MATTEL"},"content":{"rendered":"<p>Barbie \u0219i noul set de joac\u0103 Dream Room HGX57 Barbie \u0219i noul set de joac\u0103 Dream Room \u00eei inspir\u0103 pe copii s\u0103 creeze stiluri \u0219i pove\u0219ti nesf\u00e2r\u0219ite! Cu o l\u0103\u021bime de peste 60 cm, acest dulap roz contemporan cu peste 15 spa\u021bii de depozitare are un blat care se deschide pentru a forma un al doilea etaj, un co\u0219 de rufe, o oglind\u0103 pe toat\u0103 lungimea \u0219i o zon\u0103 de lucru cu un birou. Setul Barbie include 30 de tinute si accesorii. Cu un suport pentru p\u0103pu\u0219i \u0219i o oglind\u0103, copiii pot \u00eembr\u0103ca p\u0103pu\u0219ile, pot pune rufele \u00een co\u0219ul de rufe \u0219i pot folosi spa\u021biul de lucru pentru \u0219i mai mult\u0103 distrac\u021bie. Un costum in stil casual, haine de seara, un costum de asistenta si un costum de salvare, inclusiv accesorii potrivite pentru orice stil, sunt si ele in dulap. C\u00e2nd timpul de joac\u0103 se termin\u0103, pute\u021bi \u00eempacheta \u0219i pune cu u\u0219urin\u021b\u0103 setul de joac\u0103. Datorit\u0103 m\u00e2nerului de transport, pute\u021bi transporta setul oriunde. Copilul nu poate sta singur. Culorile \u0219i ornamentele pot varia. Potrivit pentru copii de la 3 ani \u0219i peste. Barbie \u0219i NOUL set de joac\u0103 pentru studiu de vis include peste 15 spa\u021bii de depozitare, mezanin cu deschidere, co\u0219 de rufe, oglind\u0103 pe toat\u0103 lungimea, spa\u021biu de lucru cu birou, peste 30 de \u021binute, accesorii, zon\u0103 de joac\u0103 de peste 60 cm \u0219i p\u0103pu\u0219i . Barbie are o rochie de sear\u0103 roz str\u0103lucitor cu un singur um\u0103r, o rochie dr\u0103gu\u021b\u0103 cu imprimeu floral, un costum de salvamar format din pantaloni scur\u021bi \u0219i un maiou \u0219i un costum de asistent\u0103 format dintr-un top \u0219i pantaloni. Copiii vor adora etajul surpriz\u0103 de la mezanin care formeaz\u0103 un al doilea etaj \u00een dulap \u0219i ofer\u0103 mai mult spa\u021biu pentru ag\u0103\u021bat \u0219i depozitat haine, plus un co\u0219 de rufe pentru a arunca rufele murdare! Barbie pentru finisaje dupa alegerea unei tinute. Verifica\u021bi stilul pe care l-a\u021bi creat a\u0219ez\u00e2ndu-l pe un suport l\u00e2ng\u0103 o oglind\u0103 de lungime complet\u0103. Accesoriile includ 3 perechi de pantofi, bijuterii, o vizor, o geant\u0103, un laptop, un instrument de examinare a urechii, un fluier \u0219i multe alte detalii. Copiii o pot aseza pe Barbie pe scaun si pot juca povesti cu prietenii folosind masa si computerul. V\u0103 pute\u021bi ag\u0103\u021ba hainele pe cele 10 umerase incluse \u0219i pute\u021bi folosi rafturile \u0219i co\u0219ul de rufe pentru spa\u021biu suplimentar de depozitare. C\u00e2nd timpul de joac\u0103 a expirat, pute\u021bi depozita setul \u00eenchiz\u00e2nd u\u0219a \u0219i lua\u021bi-l oriunde folosind m\u00e2nerele de transport. Pute\u021bi recrea pove\u0219ti de mod\u0103 cu Barbie \u0219i setul de joac\u0103 New Dream Cabinet. Acest set este un cadou grozav pentru copiii cu v\u00e2rsta peste 3 ani, c\u0103rora le place \u00een special jocurile de \u00eembr\u0103c\u0103minte.<br \/>\nDimensiune produs: 31,7 x 35,5 x 13,3 cm.<br \/>\nPotrivit pentru copii de la 3 ani \u0219i peste.<\/p>","protected":false},"excerpt":{"rendered":"<p>Barbie \u0219i noul set de joac\u0103 Dream Room HGX57 Barbie \u0219i noul set de joac\u0103 Dream Room \u00eei inspir\u0103 pe<\/p>","protected":false},"featured_media":158757,"comment_status":"closed","ping_status":"closed","template":"..\/public\/views\/revslider-page-template.php","meta":{"_monsterinsights_skip_tracking":false,"_monsterinsights_sitenote_active":false,"_monsterinsights_sitenote_note":"","_monsterinsights_sitenote_category":0},"product_brand":[],"product_cat":[55,1137,34,1117],"product_tag":[],"class_list":{"0":"post-158507","1":"product","2":"type-product","3":"status-publish","4":"has-post-thumbnail","6":"product_cat-toate-produsele","7":"product_cat-jucarii","8":"product_cat-papusi-casute","9":"product_cat-papusi-si-seturi","11":"first","12":"instock","13":"shipping-taxable","14":"purchasable","15":"product-type-simple"},"_links":{"self":[{"href":"https:\/\/toystoys.md\/ru\/wp-json\/wp\/v2\/product\/158507","targetHints":{"allow":["GET"]}}],"collection":[{"href":"https:\/\/toystoys.md\/ru\/wp-json\/wp\/v2\/product"}],"about":[{"href":"https:\/\/toystoys.md\/ru\/wp-json\/wp\/v2\/types\/product"}],"replies":[{"embeddable":true,"href":"https:\/\/toystoys.md\/ru\/wp-json\/wp\/v2\/comments?post=158507"}],"wp:featuredmedia":[{"embeddable":true,"href":"https:\/\/toystoys.md\/ru\/wp-json\/wp\/v2\/media\/158757"}],"wp:attachment":[{"href":"https:\/\/toystoys.md\/ru\/wp-json\/wp\/v2\/media?parent=158507"}],"wp:term":[{"taxonomy":"product_brand","embeddable":true,"href":"https:\/\/toystoys.md\/ru\/wp-json\/wp\/v2\/product_brand?post=158507"},{"taxonomy":"product_cat","embeddable":true,"href":"https:\/\/toystoys.md\/ru\/wp-json\/wp\/v2\/product_cat?post=158507"},{"taxonomy":"product_tag","embeddable":true,"href":"https:\/\/toystoys.md\/ru\/wp-json\/wp\/v2\/product_tag?post=158507"}],"curies":[{"name":"wp","href":"https:\/\/api.w.org\/{rel}","templated":true}]}}