{"id":158506,"date":"2023-08-30T22:53:16","date_gmt":"2023-08-30T22:53:16","guid":{"rendered":""},"modified":"2024-11-05T16:00:08","modified_gmt":"2024-11-05T14:00:08","slug":"prod_194735157471_sc88750","status":"publish","type":"product","link":"https:\/\/toystoys.md\/ru\/shop\/prod_194735157471_sc88750\/","title":{"rendered":"\u041a\u0443\u043a\u043b\u0430 Barbie \u041c\u043e\u0434\u043d\u0438\u0446\u0430, \u0411\u0440\u044e\u043d\u0435\u0442\u043a\u0430 \u0432 \u043f\u043b\u0430\u0442\u044c\u0435 \u0441 \u0433\u0440\u0430\u0444\u0444\u0438\u0442\u0438 MATTEL"},"content":{"rendered":"<p>Barbie\u00ae Fashionistas\u2122 salut\u0103 diversitatea \u0219i ofer\u0103 posibilit\u0103\u021bi nesf\u00e2r\u0219ite de joac\u0103 \u0219i explorare a modei. Cu aceast\u0103 gam\u0103 larg\u0103 de p\u0103pu\u0219i, copiii vor vedea c\u00e2t de distractiv este s\u0103-\u0219i exprime individualitatea prin stil! Acesta este cadoul perfect pentru copiii care iubesc moda din \u00eentreaga lume.<\/p>\n<ul>\n<li>Inspirat\u0103 de ceea ce v\u0103d copiii ast\u0103zi, gama diversificat\u0103 Barbie\u00ae Fashionistas\u2122 prezint\u0103 stiluri vibrante \u0219i la mod\u0103, care ofer\u0103 posibilit\u0103\u021bi nesf\u00e2r\u0219ite de auto-exprimare.<\/li>\n<li>Aceast\u0103 p\u0103pu\u0219\u0103 Barbie are o construc\u021bie atletic\u0103 \u0219i bucle blonde voluminoase! Accesoriile foarte dr\u0103gu\u021be, cum ar fi colierul gros neon \u0219i cizmele bivinc\u0103 \u00eei fac personalitatea s\u0103 ias\u0103 \u00een eviden\u021b\u0103.<\/li>\n<li>Este super cool \u00eentr-o rochie sport tricou cu imprimeu graffiti, motiv Good Vibes \u0219i imprimeuri mixte!<\/li>\n<li>Varietatea mare face ca colec\u021bia de p\u0103pu\u0219i Barbie\u00ae Fashionistas\u2122 s\u0103 fie \u0219i mai distractiv\u0103 &#8211; sunt cadoul perfect pentru copii!<\/li>\n<\/ul>\n<p>\u0412\u043e\u0437\u0440\u0430\u0441\u0442: \u043e\u0442 3 \u043b\u0435\u0442.<br \/>\n\u041f\u0440\u043e\u0438\u0437\u0432\u043e\u0434\u0438\u0442\u0435\u043b\u044c: Mattel.<\/p>","protected":false},"excerpt":{"rendered":"<p>Barbie\u00ae Fashionistas\u2122 salut\u0103 diversitatea \u0219i ofer\u0103 posibilit\u0103\u021bi nesf\u00e2r\u0219ite de joac\u0103 \u0219i explorare a modei. Cu aceast\u0103 gam\u0103 larg\u0103 de p\u0103pu\u0219i,<\/p>","protected":false},"featured_media":186909,"comment_status":"closed","ping_status":"closed","template":"..\/public\/views\/revslider-page-template.php","meta":{"_monsterinsights_skip_tracking":false,"_monsterinsights_sitenote_active":false,"_monsterinsights_sitenote_note":"","_monsterinsights_sitenote_category":0},"product_brand":[],"product_cat":[1137,34,1117,55],"product_tag":[],"class_list":{"0":"post-158506","1":"product","2":"type-product","3":"status-publish","4":"has-post-thumbnail","6":"product_cat-jucarii","7":"product_cat-papusi-casute","8":"product_cat-papusi-si-seturi","9":"product_cat-toate-produsele","11":"first","12":"instock","13":"shipping-taxable","14":"purchasable","15":"product-type-simple"},"_links":{"self":[{"href":"https:\/\/toystoys.md\/ru\/wp-json\/wp\/v2\/product\/158506","targetHints":{"allow":["GET"]}}],"collection":[{"href":"https:\/\/toystoys.md\/ru\/wp-json\/wp\/v2\/product"}],"about":[{"href":"https:\/\/toystoys.md\/ru\/wp-json\/wp\/v2\/types\/product"}],"replies":[{"embeddable":true,"href":"https:\/\/toystoys.md\/ru\/wp-json\/wp\/v2\/comments?post=158506"}],"wp:featuredmedia":[{"embeddable":true,"href":"https:\/\/toystoys.md\/ru\/wp-json\/wp\/v2\/media\/186909"}],"wp:attachment":[{"href":"https:\/\/toystoys.md\/ru\/wp-json\/wp\/v2\/media?parent=158506"}],"wp:term":[{"taxonomy":"product_brand","embeddable":true,"href":"https:\/\/toystoys.md\/ru\/wp-json\/wp\/v2\/product_brand?post=158506"},{"taxonomy":"product_cat","embeddable":true,"href":"https:\/\/toystoys.md\/ru\/wp-json\/wp\/v2\/product_cat?post=158506"},{"taxonomy":"product_tag","embeddable":true,"href":"https:\/\/toystoys.md\/ru\/wp-json\/wp\/v2\/product_tag?post=158506"}],"curies":[{"name":"wp","href":"https:\/\/api.w.org\/{rel}","templated":true}]}}