{"id":158505,"date":"2023-08-30T22:53:13","date_gmt":"2023-08-30T22:53:13","guid":{"rendered":""},"modified":"2024-01-23T20:11:39","modified_gmt":"2024-01-23T18:11:39","slug":"prod_194735154548_sc88689","status":"publish","type":"product","link":"https:\/\/toystoys.md\/ru\/shop\/prod_194735154548_sc88689\/","title":{"rendered":"\u041a\u043e\u043d\u0441\u0442\u0440\u0443\u043a\u0442\u043e\u0440 Mega Bloks \u201e\u041c\u0443\u0437\u044b\u043a\u0430\u043b\u044c\u043d\u0430\u044f \u0444\u0435\u0440\u043c\u0430\u201d MATTEL"},"content":{"rendered":"<p>Copiii mici vor dansa de bucurie \u00een timp ce construiesc ferma cu 10 muzic\u0103 senzorial\u0103. Ei pot construi 8 animale de ferm\u0103, fiecare cu propriile caracteristici muzicale: un xilofon pentru un cal, o tob\u0103 pentru o vac\u0103, un zorn\u0103itur\u0103 pentru g\u0103ini, un platou pentru un porc, un guiro pentru oaie, un clicker pentru pisici, un sc\u00e2r\u021b\u00e2it pentru iepuri. \u0219i castagnete pentru ou\u0103. Apoi se pot al\u0103tura trupei \u0219i \u00eenva\u021b\u0103 s\u0103 c\u00e2nte 6 versuri pentru a ajuta la dezvoltarea ritmului \u0219i melodiei.<\/p>\n<ul>\n<li>Set\u00a0de construc\u021bie senzorial\u0103 pentru pre\u0219colari cu 45 de blocuri mari de construc\u021bie pentru copiii mici de 1-3 ani.<\/li>\n<li>Include 6 note \u0219i 10 func\u021bii senzoriale pentru a ajuta la dezvoltarea abilit\u0103\u021bilor tactile, vizuale \u0219i auditive.<\/li>\n<li>Trupa de ferm\u0103 care poate fi construit\u0103 include un xilofon de cal, o tob\u0103 de vac\u0103, un chimval de porc \u0219i multe altele.<\/li>\n<li>Blocurile sunt compatibile cu toate seturile de construc\u021bie MEGA BLOKS pentru distrac\u021bie nesf\u00e2r\u0219it\u0103 de \u00eenv\u0103\u021bare.<\/li>\n<li>Aceast\u0103 juc\u0103rie educa\u021bional\u0103 aprobat\u0103 de Fisher-Price ajut\u0103 la dezvoltarea motricit\u0103\u021bii fine, a g\u00e2ndirii \u0219i a abilit\u0103\u021bilor muzicale.<\/li>\n<\/ul>\n<p>\u0425\u0430\u0440\u0430\u043a\u0442\u0435\u0440\u0438\u0441\u0442\u0438\u043a\u0438:<br \/>\n&#8211; Varsta: de la 1 an.<br \/>\n&#8211; Include: 45 de blocuri mari \u0219i piese speciale 6 partituri muzicale<br \/>\n- \u041c\u0430\u0442\u0435\u0440\u0438\u0430\u043b: \u043f\u043b\u0430\u0441\u0442\u0438\u043a.<br \/>\n&#8211; Producator: Mattel.<\/p>","protected":false},"excerpt":{"rendered":"<p>Copiii mici vor dansa de bucurie \u00een timp ce construiesc ferma cu 10 muzic\u0103 senzorial\u0103. Ei pot construi 8 animale<\/p>","protected":false},"featured_media":158763,"comment_status":"closed","ping_status":"closed","template":"..\/public\/views\/revslider-page-template.php","meta":{"_monsterinsights_skip_tracking":false,"_monsterinsights_sitenote_active":false,"_monsterinsights_sitenote_note":"","_monsterinsights_sitenote_category":0},"product_brand":[],"product_cat":[55,1137,32],"product_tag":[],"class_list":{"0":"post-158505","1":"product","2":"type-product","3":"status-publish","4":"has-post-thumbnail","6":"product_cat-toate-produsele","7":"product_cat-jucarii","8":"product_cat-info-categorie","10":"first","11":"instock","12":"shipping-taxable","13":"purchasable","14":"product-type-simple"},"_links":{"self":[{"href":"https:\/\/toystoys.md\/ru\/wp-json\/wp\/v2\/product\/158505","targetHints":{"allow":["GET"]}}],"collection":[{"href":"https:\/\/toystoys.md\/ru\/wp-json\/wp\/v2\/product"}],"about":[{"href":"https:\/\/toystoys.md\/ru\/wp-json\/wp\/v2\/types\/product"}],"replies":[{"embeddable":true,"href":"https:\/\/toystoys.md\/ru\/wp-json\/wp\/v2\/comments?post=158505"}],"wp:featuredmedia":[{"embeddable":true,"href":"https:\/\/toystoys.md\/ru\/wp-json\/wp\/v2\/media\/158763"}],"wp:attachment":[{"href":"https:\/\/toystoys.md\/ru\/wp-json\/wp\/v2\/media?parent=158505"}],"wp:term":[{"taxonomy":"product_brand","embeddable":true,"href":"https:\/\/toystoys.md\/ru\/wp-json\/wp\/v2\/product_brand?post=158505"},{"taxonomy":"product_cat","embeddable":true,"href":"https:\/\/toystoys.md\/ru\/wp-json\/wp\/v2\/product_cat?post=158505"},{"taxonomy":"product_tag","embeddable":true,"href":"https:\/\/toystoys.md\/ru\/wp-json\/wp\/v2\/product_tag?post=158505"}],"curies":[{"name":"wp","href":"https:\/\/api.w.org\/{rel}","templated":true}]}}