{"id":158495,"date":"2023-08-30T22:52:43","date_gmt":"2023-08-30T22:52:43","guid":{"rendered":""},"modified":"2025-10-21T09:17:58","modified_gmt":"2025-10-21T07:17:58","slug":"prod_194735069798_sc88721","status":"publish","type":"product","link":"https:\/\/toystoys.md\/ru\/shop\/prod_194735069798_sc88721\/","title":{"rendered":"\u041a\u0443\u043a\u043b\u0430 Monster High Lagoona Blue \u0441 \u0434\u043e\u043c\u0430\u0448\u043d\u0438\u043c\u0438 \u0436\u0438\u0432\u043e\u0442\u043d\u044b\u043c\u0438 \u0438 \u0430\u043a\u0441\u0435\u0441\u0441\u0443\u0430\u0440\u0430\u043c\u0438 MATTEL"},"content":{"rendered":"<p>\u0218coala revine \u00een ac\u021biune, iar mon\u0219trii de la \u0218coala Mon\u0219trilor apar \u00een stil \u021bip\u0103tor! P\u0103pu\u0219a Laguna Blue se strecoar\u0103 pe holurile Monster High, purt\u00e2nd un hanorac roz aprins cu m\u00e2neci plas\u0103 \u0219i un costum de ciclism la mod\u0103. Aspectul ei superb este completat cu un rucsac inspirat de mon\u0219tri marin, un rucsac cu scoici, sandale colorate cu platform\u0103 cu bretele \u0219i aripioare capricioase de z\u00e2ne inspirate de frica ei unic\u0103. Schimb\u0103-\u021bi aspectul de p\u0103pu\u0219\u0103 Lagoona Blue \u00eentr-un costum de baie metalic cu solzi de pe\u0219te \u0219i inspir\u0103 pove\u0219ti \u00eenfrico\u0219\u0103toare cu accesorii \u00eenfrico\u0219\u0103toare \u0219i \u00eenfior\u0103tor \u0219i dr\u0103gu\u021bul ei pe\u0219te Neptun!<\/p>\n<p>\u0218coala este din nou \u00een ac\u021biune, iar ghouls Monster High cutreier\u0103 s\u0103lile \u00een stil \u021bip\u00e2nd!<br \/>\nP\u0103pu\u0219a Lagoona Blue poart\u0103 haine la mod\u0103 cu aripioare: un hanorac roz aprins cu m\u00e2neci din plas\u0103 \u0219i o salopet\u0103 la mod\u0103 cu pantaloni scur\u021bi de ciclism tie-dye.<br \/>\nDetaliile superbe includ o rochie \u00een stil monstru marin, ochelari de soare \u0219i sandale cu platform\u0103, \u00een timp ce gambele ei sunt \u00eempodobite cu nuan\u021b\u0103 albastr\u0103 \u0219i aripioare delicate!<br \/>\nDu-i aspectul la nivelul urm\u0103tor cu un costum de baie metalic cu c\u00e2ntare de pe\u0219te \u0219i accesorii de care s\u0103 te bucuri, cum ar fi un rucsac scoici, gust\u0103ri \u0219i smartphone.<br \/>\nInspira\u021bi-v\u0103 s\u0103 spune\u021bi pove\u0219ti \u00eenfrico\u0219\u0103toare cu animalul ei \u00eenfior\u0103tor \u0219i dr\u0103gu\u021b Neptun!<br \/>\nDatorit\u0103 flexibilit\u0103\u021bii trunchiului, coatelor, \u00eencheieturilor \u0219i genunchilor, fanii pot captura p\u0103pu\u0219a Laguna Blue \u00een tot felul de ipostaze monstruoase.<br \/>\nCopiii mai mari pot colecta al\u021bi ghouls de la Monster High pentru a-\u0219i juca pove\u0219tile cu toat\u0103 ga\u0219ca! Fiecare se vinde separat, \u00een func\u021bie de disponibilitate.<\/p>\n<p>Include p\u0103pu\u0219a Monster High\u2122 Lagoona Blue care poart\u0103 haine, pantofi \u0219i accesorii, 1 costum de baie, 1 animal de companie, 1 rucsac, 2 gust\u0103ri, 1 sticl\u0103 de ap\u0103 \u0219i 1 accesoriu pentru smartphone.<br \/>\nVarsta recomandata de la 4 ani<br \/>\n\u041f\u0440\u043e\u0438\u0437\u0432\u043e\u0434\u0438\u0442\u0435\u043b\u044c: Mattel<\/p>","protected":false},"excerpt":{"rendered":"<p>\u0218coala revine \u00een ac\u021biune, iar mon\u0219trii de la \u0218coala Mon\u0219trilor apar \u00een stil \u021bip\u0103tor! P\u0103pu\u0219a Laguna Blue se strecoar\u0103 pe<\/p>","protected":false},"featured_media":158788,"comment_status":"closed","ping_status":"closed","template":"..\/public\/views\/revslider-page-template.php","meta":{"_monsterinsights_skip_tracking":false,"_monsterinsights_sitenote_active":false,"_monsterinsights_sitenote_note":"","_monsterinsights_sitenote_category":0},"product_brand":[],"product_cat":[55,1137,34,1117],"product_tag":[],"class_list":{"0":"post-158495","1":"product","2":"type-product","3":"status-publish","4":"has-post-thumbnail","6":"product_cat-toate-produsele","7":"product_cat-jucarii","8":"product_cat-papusi-casute","9":"product_cat-papusi-si-seturi","11":"first","12":"instock","13":"shipping-taxable","14":"purchasable","15":"product-type-simple"},"_links":{"self":[{"href":"https:\/\/toystoys.md\/ru\/wp-json\/wp\/v2\/product\/158495","targetHints":{"allow":["GET"]}}],"collection":[{"href":"https:\/\/toystoys.md\/ru\/wp-json\/wp\/v2\/product"}],"about":[{"href":"https:\/\/toystoys.md\/ru\/wp-json\/wp\/v2\/types\/product"}],"replies":[{"embeddable":true,"href":"https:\/\/toystoys.md\/ru\/wp-json\/wp\/v2\/comments?post=158495"}],"wp:featuredmedia":[{"embeddable":true,"href":"https:\/\/toystoys.md\/ru\/wp-json\/wp\/v2\/media\/158788"}],"wp:attachment":[{"href":"https:\/\/toystoys.md\/ru\/wp-json\/wp\/v2\/media?parent=158495"}],"wp:term":[{"taxonomy":"product_brand","embeddable":true,"href":"https:\/\/toystoys.md\/ru\/wp-json\/wp\/v2\/product_brand?post=158495"},{"taxonomy":"product_cat","embeddable":true,"href":"https:\/\/toystoys.md\/ru\/wp-json\/wp\/v2\/product_cat?post=158495"},{"taxonomy":"product_tag","embeddable":true,"href":"https:\/\/toystoys.md\/ru\/wp-json\/wp\/v2\/product_tag?post=158495"}],"curies":[{"name":"wp","href":"https:\/\/api.w.org\/{rel}","templated":true}]}}