{"id":158493,"date":"2023-08-30T22:52:37","date_gmt":"2023-08-30T22:52:37","guid":{"rendered":""},"modified":"2025-05-08T13:51:25","modified_gmt":"2025-05-08T11:51:25","slug":"prod_194735014835_sc88751","status":"publish","type":"product","link":"https:\/\/toystoys.md\/ru\/shop\/prod_194735014835_sc88751\/","title":{"rendered":"\u041a\u0443\u043a\u043b\u0430 Barbie Fantezie \u0441 \u0440\u0430\u0437\u043d\u043e\u0446\u0432\u0435\u0442\u043d\u044b\u043c\u0438 \u0432\u043e\u043b\u043e\u0441\u0430\u043c\u0438 \u0438 15 \u0430\u043a\u0441\u0435\u0441\u0441\u0443\u0430\u0440\u0430\u043c\u0438 MATTEL"},"content":{"rendered":"<p>Inspirat\u0103 de cea mai bine v\u00e2ndut\u0103 p\u0103pu\u0219\u0103 Barbie care a f\u0103cut furori pentru prima dat\u0103 \u00een urm\u0103 cu 30 de ani, p\u0103pu\u0219a Barbie Totally Hair, cu tematic\u0103 vedet\u0103, \u00ee\u0219i arat\u0103 propria coafur\u0103, textura p\u0103rului \u0219i aspectul la mod\u0103! P\u0103pu\u0219a are 8,5 inchi de p\u0103r de joac\u0103 extra lung \u0219i vine cu peste 15 accesorii suplimentare, inclusiv 8 agrafe de p\u0103r care \u00ee\u0219i schimb\u0103 culoarea, accesorii \u0219i \u00eembr\u0103c\u0103minte suplimentar\u0103. P\u0103pu\u0219a Barbie are o form\u0103 original\u0103 a corpului \u0219i bretonul m\u0103turat \u00een lateral, un semn din cap c\u0103tre p\u0103pu\u0219a Barbie Totally Hai original\u0103 \u0219i are culori frumoase mov \u0219i albastru. Ea poart\u0103 o rochie cu imprimeu stea, cu m\u00e2neci umflate. Copiilor le va pl\u0103cea s\u0103 creeze diferite coafuri \u0219i posibilit\u0103\u021bi nesf\u00e2r\u0219ite de coafare! P\u0103pu\u0219a nu poate sta singur\u0103. Culorile \u0219i ornamentele pot varia. Pentru copii de la 3 ani \u0219i peste.<\/p>\n<p>&#8211; P\u0103pu\u0219a Barbie Totally Hair cu tema stelelor are propriul ei stil de p\u0103r, textura p\u0103rului \u0219i aspectul la mod\u0103. Ea este inspirat\u0103 de cea mai bine v\u00e2ndut\u0103 p\u0103pu\u0219\u0103 care a debutat acum 30 de ani!<br \/>\n&#8211; Joac\u0103 stilul Barbicore cu p\u0103pu\u0219ile care au inspirat aceast\u0103 tendin\u021b\u0103.\u200b\u200b\u200b<br \/>\n&#8211; Clipurile de schimbare a culorii vin \u00een 4 culori diferite \u0219i \u00ee\u0219i schimb\u0103 culoarea \u00een func\u021bie de c\u0103ldura degetelor tale \u0219i te vei bucura de toate posibilit\u0103\u021bile de styling!<br \/>\n&#8211; Av\u00e2nd o form\u0103 original\u0103 a corpului, p\u0103pu\u0219a cu tematic\u0103 de stele are breton m\u0103turat lateral, un semn din cap c\u0103tre p\u0103pu\u0219a original\u0103 Barbie Totally Hair \u0219i are culori frumoase mov \u0219i albastru.<br \/>\n\u2013 Rochia ei are un imprimeu stea cu m\u00e2neci umflate.<\/p>\n<p>\u0412\u043e\u0437\u0440\u0430\u0441\u0442: \u043e\u0442 3 \u043b\u0435\u0442.<br \/>\n\u041f\u0440\u043e\u0438\u0437\u0432\u043e\u0434\u0438\u0442\u0435\u043b\u044c: Mattel.<\/p>","protected":false},"excerpt":{"rendered":"<p>Inspirat\u0103 de cea mai bine v\u00e2ndut\u0103 p\u0103pu\u0219\u0103 Barbie care a f\u0103cut furori pentru prima dat\u0103 \u00een urm\u0103 cu 30 de<\/p>","protected":false},"featured_media":158794,"comment_status":"closed","ping_status":"closed","template":"","meta":{"_monsterinsights_skip_tracking":false,"_monsterinsights_sitenote_active":false,"_monsterinsights_sitenote_note":"","_monsterinsights_sitenote_category":0},"product_brand":[],"product_cat":[55,1137,34,1117],"product_tag":[],"class_list":{"0":"post-158493","1":"product","2":"type-product","3":"status-publish","4":"has-post-thumbnail","6":"product_cat-toate-produsele","7":"product_cat-jucarii","8":"product_cat-papusi-casute","9":"product_cat-papusi-si-seturi","11":"first","12":"instock","13":"shipping-taxable","14":"purchasable","15":"product-type-simple"},"_links":{"self":[{"href":"https:\/\/toystoys.md\/ru\/wp-json\/wp\/v2\/product\/158493","targetHints":{"allow":["GET"]}}],"collection":[{"href":"https:\/\/toystoys.md\/ru\/wp-json\/wp\/v2\/product"}],"about":[{"href":"https:\/\/toystoys.md\/ru\/wp-json\/wp\/v2\/types\/product"}],"replies":[{"embeddable":true,"href":"https:\/\/toystoys.md\/ru\/wp-json\/wp\/v2\/comments?post=158493"}],"wp:featuredmedia":[{"embeddable":true,"href":"https:\/\/toystoys.md\/ru\/wp-json\/wp\/v2\/media\/158794"}],"wp:attachment":[{"href":"https:\/\/toystoys.md\/ru\/wp-json\/wp\/v2\/media?parent=158493"}],"wp:term":[{"taxonomy":"product_brand","embeddable":true,"href":"https:\/\/toystoys.md\/ru\/wp-json\/wp\/v2\/product_brand?post=158493"},{"taxonomy":"product_cat","embeddable":true,"href":"https:\/\/toystoys.md\/ru\/wp-json\/wp\/v2\/product_cat?post=158493"},{"taxonomy":"product_tag","embeddable":true,"href":"https:\/\/toystoys.md\/ru\/wp-json\/wp\/v2\/product_tag?post=158493"}],"curies":[{"name":"wp","href":"https:\/\/api.w.org\/{rel}","templated":true}]}}