{"id":156269,"date":"2023-07-19T11:13:54","date_gmt":"2023-07-19T11:13:54","guid":{"rendered":"https:\/\/toystoys.md\/shop\/prod_5694230555161_sc88136\/"},"modified":"2023-07-19T18:08:45","modified_gmt":"2023-07-19T16:08:45","slug":"prod_5694230555161_sc88136","status":"publish","type":"product","link":"https:\/\/toystoys.md\/ru\/shop\/prod_5694230555161_sc88136\/","title":{"rendered":"Gem din smochine fara zahar 330g"},"content":{"rendered":"<p>Fructe (smochine (65%),<br \/>\nportocale (5%)), ap\u0103,<br \/>\n\u00eendulcitori (eritritol,<br \/>\nglicozide steviol din<br \/>\nstevia), agent de gelifiere<br \/>\n(pectin\u0103), extract de<br \/>\nrowanberry (Sorbus<br \/>\naucuparia L.), pudr\u0103 de<br \/>\nl\u0103m\u00e2ie, concentrat de<br \/>\nmorcov \u0219i afine, acid (acid<br \/>\ncitric).<\/p>\n<p>NUTRITIONAL VALUE 100g<br \/>\nEnergy 215 kJ \/ 51 kcal<br \/>\nFat 0g<br \/>\nSaturates 0g<br \/>\nCarbohydrates 22,5g<br \/>\nsugars 11,1g<br \/>\npolyols 11,3g<br \/>\nFibre 1,2g<br \/>\nProteins 0,5g<br \/>\nSalt 0g<\/p>","protected":false},"excerpt":{"rendered":"<p>Fructe (smochine (65%), portocale (5%)), ap\u0103, \u00eendulcitori (eritritol, glicozide steviol din stevia), agent de gelifiere (pectin\u0103), extract de rowanberry (Sorbus<\/p>","protected":false},"featured_media":156297,"comment_status":"closed","ping_status":"closed","template":"","meta":{"_monsterinsights_skip_tracking":false,"_monsterinsights_sitenote_active":false,"_monsterinsights_sitenote_note":"","_monsterinsights_sitenote_category":0},"product_brand":[],"product_cat":[55],"product_tag":[],"class_list":{"0":"post-156269","1":"product","2":"type-product","3":"status-publish","4":"has-post-thumbnail","6":"product_cat-toate-produsele","8":"first","9":"instock","10":"shipping-taxable","11":"purchasable","12":"product-type-simple"},"_links":{"self":[{"href":"https:\/\/toystoys.md\/ru\/wp-json\/wp\/v2\/product\/156269","targetHints":{"allow":["GET"]}}],"collection":[{"href":"https:\/\/toystoys.md\/ru\/wp-json\/wp\/v2\/product"}],"about":[{"href":"https:\/\/toystoys.md\/ru\/wp-json\/wp\/v2\/types\/product"}],"replies":[{"embeddable":true,"href":"https:\/\/toystoys.md\/ru\/wp-json\/wp\/v2\/comments?post=156269"}],"wp:featuredmedia":[{"embeddable":true,"href":"https:\/\/toystoys.md\/ru\/wp-json\/wp\/v2\/media\/156297"}],"wp:attachment":[{"href":"https:\/\/toystoys.md\/ru\/wp-json\/wp\/v2\/media?parent=156269"}],"wp:term":[{"taxonomy":"product_brand","embeddable":true,"href":"https:\/\/toystoys.md\/ru\/wp-json\/wp\/v2\/product_brand?post=156269"},{"taxonomy":"product_cat","embeddable":true,"href":"https:\/\/toystoys.md\/ru\/wp-json\/wp\/v2\/product_cat?post=156269"},{"taxonomy":"product_tag","embeddable":true,"href":"https:\/\/toystoys.md\/ru\/wp-json\/wp\/v2\/product_tag?post=156269"}],"curies":[{"name":"wp","href":"https:\/\/api.w.org\/{rel}","templated":true}]}}