{"id":156268,"date":"2023-07-19T11:13:50","date_gmt":"2023-07-19T11:13:50","guid":{"rendered":"https:\/\/toystoys.md\/shop\/prod_5694230257959_sc88134\/"},"modified":"2026-01-12T09:41:59","modified_gmt":"2026-01-12T07:41:59","slug":"prod_5694230257959_sc88134","status":"publish","type":"product","link":"https:\/\/toystoys.md\/ru\/shop\/prod_5694230257959_sc88134\/","title":{"rendered":"Gem din cirese fara zahar 330g"},"content":{"rendered":"<p>Cire\u0219e (60%), ap\u0103,<br \/>\n\u00eendulcitori (eritritol,<br \/>\nglicozide steviol din<br \/>\nstevia), agent de gelifiere<br \/>\n(pectin\u0103), extract de<br \/>\nrowanberry (Sorbus<br \/>\naucuparia L.), pudr\u0103 de<br \/>\nl\u0103m\u00e2ie, acid citric, citrat<br \/>\nde calciu.<\/p>\n<p>NUTRITIONAL VALUE 100g<\/p>\n<p>Energy 157 kJ \/ 37 kcal<br \/>\nFat 0g<br \/>\nSaturates 0g<br \/>\nCarbohydrates 21,6g<br \/>\nsugars 7,5g<br \/>\npolyols 14g<br \/>\nFibre 0,9g<br \/>\nProteins 0,5g<br \/>\nSalt 0g<\/p>","protected":false},"excerpt":{"rendered":"<p>Cire\u0219e (60%), ap\u0103, \u00eendulcitori (eritritol, glicozide steviol din stevia), agent de gelifiere (pectin\u0103), extract de rowanberry (Sorbus aucuparia L.), pudr\u0103<\/p>","protected":false},"featured_media":156298,"comment_status":"closed","ping_status":"closed","template":"","meta":{"_monsterinsights_skip_tracking":false,"_monsterinsights_sitenote_active":false,"_monsterinsights_sitenote_note":"","_monsterinsights_sitenote_category":0},"product_brand":[],"product_cat":[55],"product_tag":[],"class_list":{"0":"post-156268","1":"product","2":"type-product","3":"status-publish","4":"has-post-thumbnail","6":"product_cat-toate-produsele","8":"first","9":"outofstock","10":"shipping-taxable","11":"purchasable","12":"product-type-simple"},"_links":{"self":[{"href":"https:\/\/toystoys.md\/ru\/wp-json\/wp\/v2\/product\/156268","targetHints":{"allow":["GET"]}}],"collection":[{"href":"https:\/\/toystoys.md\/ru\/wp-json\/wp\/v2\/product"}],"about":[{"href":"https:\/\/toystoys.md\/ru\/wp-json\/wp\/v2\/types\/product"}],"replies":[{"embeddable":true,"href":"https:\/\/toystoys.md\/ru\/wp-json\/wp\/v2\/comments?post=156268"}],"wp:featuredmedia":[{"embeddable":true,"href":"https:\/\/toystoys.md\/ru\/wp-json\/wp\/v2\/media\/156298"}],"wp:attachment":[{"href":"https:\/\/toystoys.md\/ru\/wp-json\/wp\/v2\/media?parent=156268"}],"wp:term":[{"taxonomy":"product_brand","embeddable":true,"href":"https:\/\/toystoys.md\/ru\/wp-json\/wp\/v2\/product_brand?post=156268"},{"taxonomy":"product_cat","embeddable":true,"href":"https:\/\/toystoys.md\/ru\/wp-json\/wp\/v2\/product_cat?post=156268"},{"taxonomy":"product_tag","embeddable":true,"href":"https:\/\/toystoys.md\/ru\/wp-json\/wp\/v2\/product_tag?post=156268"}],"curies":[{"name":"wp","href":"https:\/\/api.w.org\/{rel}","templated":true}]}}