{"id":156267,"date":"2023-07-19T11:13:47","date_gmt":"2023-07-19T11:13:47","guid":{"rendered":"https:\/\/toystoys.md\/shop\/prod_5694230257904_sc88112\/"},"modified":"2023-07-19T18:09:22","modified_gmt":"2023-07-19T16:09:22","slug":"prod_5694230257904_sc88112","status":"publish","type":"product","link":"https:\/\/toystoys.md\/ru\/shop\/prod_5694230257904_sc88112\/","title":{"rendered":"Gem din fructe de padure fara zahar 330g"},"content":{"rendered":"<p>Fructe (26% zmeura, 13%<br \/>\nafine,<br \/>\n12% mure), ap\u0103, \u00eendulcitori<br \/>\n(eritritol, glicozide steviol<br \/>\ndin stevia), agent de<br \/>\ngelifiere (pectin\u0103), extract<br \/>\nde rowanberry (Sorbus<br \/>\naucuparia L.), pudr\u0103 de<br \/>\nl\u0103m\u00e2ie.<\/p>\n<p>NUTRITIONAL VALUE 100g<br \/>\nEnergy 114 kJ \/ 27 kcal<br \/>\nFat 0,1g<br \/>\nSaturates 0g<br \/>\nCarbohydrates 22,5g<br \/>\nsugars 4,2g<br \/>\npolyols 17,9g<br \/>\nFibre 1,8g<br \/>\nProteins 0,6g<br \/>\nSalt 0g<\/p>","protected":false},"excerpt":{"rendered":"<p>Fructe (26% zmeura, 13% afine, 12% mure), ap\u0103, \u00eendulcitori (eritritol, glicozide steviol din stevia), agent de gelifiere (pectin\u0103), extract de<\/p>","protected":false},"featured_media":156299,"comment_status":"closed","ping_status":"closed","template":"","meta":{"_monsterinsights_skip_tracking":false,"_monsterinsights_sitenote_active":false,"_monsterinsights_sitenote_note":"","_monsterinsights_sitenote_category":0},"product_brand":[],"product_cat":[55],"product_tag":[],"class_list":{"0":"post-156267","1":"product","2":"type-product","3":"status-publish","4":"has-post-thumbnail","6":"product_cat-toate-produsele","8":"first","9":"instock","10":"shipping-taxable","11":"purchasable","12":"product-type-simple"},"_links":{"self":[{"href":"https:\/\/toystoys.md\/ru\/wp-json\/wp\/v2\/product\/156267","targetHints":{"allow":["GET"]}}],"collection":[{"href":"https:\/\/toystoys.md\/ru\/wp-json\/wp\/v2\/product"}],"about":[{"href":"https:\/\/toystoys.md\/ru\/wp-json\/wp\/v2\/types\/product"}],"replies":[{"embeddable":true,"href":"https:\/\/toystoys.md\/ru\/wp-json\/wp\/v2\/comments?post=156267"}],"wp:featuredmedia":[{"embeddable":true,"href":"https:\/\/toystoys.md\/ru\/wp-json\/wp\/v2\/media\/156299"}],"wp:attachment":[{"href":"https:\/\/toystoys.md\/ru\/wp-json\/wp\/v2\/media?parent=156267"}],"wp:term":[{"taxonomy":"product_brand","embeddable":true,"href":"https:\/\/toystoys.md\/ru\/wp-json\/wp\/v2\/product_brand?post=156267"},{"taxonomy":"product_cat","embeddable":true,"href":"https:\/\/toystoys.md\/ru\/wp-json\/wp\/v2\/product_cat?post=156267"},{"taxonomy":"product_tag","embeddable":true,"href":"https:\/\/toystoys.md\/ru\/wp-json\/wp\/v2\/product_tag?post=156267"}],"curies":[{"name":"wp","href":"https:\/\/api.w.org\/{rel}","templated":true}]}}