{"id":156266,"date":"2023-07-19T11:13:44","date_gmt":"2023-07-19T11:13:44","guid":{"rendered":"https:\/\/toystoys.md\/shop\/prod_5694230257928_sc88118\/"},"modified":"2023-07-19T18:09:48","modified_gmt":"2023-07-19T16:09:48","slug":"prod_5694230257928_sc88118","status":"publish","type":"product","link":"https:\/\/toystoys.md\/ru\/shop\/prod_5694230257928_sc88118\/","title":{"rendered":"Gem din coacara neagra fara zahar 330g"},"content":{"rendered":"<p>Coac\u0103ze negre (50%), ap\u0103,<br \/>\n\u00eendulcitori (eritritol,<br \/>\nsteviol<br \/>\nglicozide din stevia), agent<br \/>\nde gelifiere (pectin\u0103),<br \/>\nextract de rowanberry<br \/>\n(Sorbus aucuparia L.),<br \/>\npudr\u0103 de l\u0103m\u00e2ie.<\/p>\n<p>NUTRITIONAL 100g<br \/>\nEnergy 155 kJ \/ 37 kcal<br \/>\nFat 0g<br \/>\nSaturates 0g<br \/>\nCarbohydrates 22,1g<br \/>\nsugars 6,3g<br \/>\npolyols 15,7g<br \/>\nFibre 2,2g<br \/>\nProteins 0,5g<br \/>\nSalt 0g<\/p>","protected":false},"excerpt":{"rendered":"<p>Coac\u0103ze negre (50%), ap\u0103, \u00eendulcitori (eritritol, steviol glicozide din stevia), agent de gelifiere (pectin\u0103), extract de rowanberry (Sorbus aucuparia L.),<\/p>","protected":false},"featured_media":156300,"comment_status":"closed","ping_status":"closed","template":"","meta":{"_monsterinsights_skip_tracking":false,"_monsterinsights_sitenote_active":false,"_monsterinsights_sitenote_note":"","_monsterinsights_sitenote_category":0},"product_brand":[],"product_cat":[55],"product_tag":[],"class_list":{"0":"post-156266","1":"product","2":"type-product","3":"status-publish","4":"has-post-thumbnail","6":"product_cat-toate-produsele","8":"first","9":"instock","10":"shipping-taxable","11":"purchasable","12":"product-type-simple"},"_links":{"self":[{"href":"https:\/\/toystoys.md\/ru\/wp-json\/wp\/v2\/product\/156266","targetHints":{"allow":["GET"]}}],"collection":[{"href":"https:\/\/toystoys.md\/ru\/wp-json\/wp\/v2\/product"}],"about":[{"href":"https:\/\/toystoys.md\/ru\/wp-json\/wp\/v2\/types\/product"}],"replies":[{"embeddable":true,"href":"https:\/\/toystoys.md\/ru\/wp-json\/wp\/v2\/comments?post=156266"}],"wp:featuredmedia":[{"embeddable":true,"href":"https:\/\/toystoys.md\/ru\/wp-json\/wp\/v2\/media\/156300"}],"wp:attachment":[{"href":"https:\/\/toystoys.md\/ru\/wp-json\/wp\/v2\/media?parent=156266"}],"wp:term":[{"taxonomy":"product_brand","embeddable":true,"href":"https:\/\/toystoys.md\/ru\/wp-json\/wp\/v2\/product_brand?post=156266"},{"taxonomy":"product_cat","embeddable":true,"href":"https:\/\/toystoys.md\/ru\/wp-json\/wp\/v2\/product_cat?post=156266"},{"taxonomy":"product_tag","embeddable":true,"href":"https:\/\/toystoys.md\/ru\/wp-json\/wp\/v2\/product_tag?post=156266"}],"curies":[{"name":"wp","href":"https:\/\/api.w.org\/{rel}","templated":true}]}}