{"id":156265,"date":"2023-07-19T11:13:41","date_gmt":"2023-07-19T11:13:41","guid":{"rendered":"https:\/\/toystoys.md\/shop\/prod_5694230257409_sc88137\/"},"modified":"2023-07-19T18:10:10","modified_gmt":"2023-07-19T16:10:10","slug":"prod_5694230257409_sc88137","status":"publish","type":"product","link":"https:\/\/toystoys.md\/ru\/shop\/prod_5694230257409_sc88137\/","title":{"rendered":"Gem de zmeura fara zahar 330g"},"content":{"rendered":"<p>Zmeur\u0103 (50%), ap\u0103,<br \/>\n\u00eendulcitor (eritritol,<br \/>\nglicozide steviol), pectin\u0103,<br \/>\nconservant (extract<br \/>\norganic de rowan), pudr\u0103<br \/>\nde l\u0103m\u00e2ie.<\/p>\n<p>NUTRITIONAL VALUE 100g<br \/>\nEnergy 115 kJ \/ 27 kcal<br \/>\nFat 0g<br \/>\nSaturates 0g<br \/>\nCarbohydrates 23,1g<br \/>\nsugars 4,4g<br \/>\npolyols 18,6g<br \/>\nFibre 1,7g<br \/>\nProteins 0,7g<br \/>\nSalt 0g<\/p>","protected":false},"excerpt":{"rendered":"<p>Zmeur\u0103 (50%), ap\u0103, \u00eendulcitor (eritritol, glicozide steviol), pectin\u0103, conservant (extract organic de rowan), pudr\u0103 de l\u0103m\u00e2ie. NUTRITIONAL VALUE 100g Energy<\/p>","protected":false},"featured_media":156304,"comment_status":"closed","ping_status":"closed","template":"","meta":{"_monsterinsights_skip_tracking":false,"_monsterinsights_sitenote_active":false,"_monsterinsights_sitenote_note":"","_monsterinsights_sitenote_category":0},"product_brand":[],"product_cat":[55],"product_tag":[],"class_list":{"0":"post-156265","1":"product","2":"type-product","3":"status-publish","4":"has-post-thumbnail","6":"product_cat-toate-produsele","8":"first","9":"instock","10":"shipping-taxable","11":"purchasable","12":"product-type-simple"},"_links":{"self":[{"href":"https:\/\/toystoys.md\/ru\/wp-json\/wp\/v2\/product\/156265","targetHints":{"allow":["GET"]}}],"collection":[{"href":"https:\/\/toystoys.md\/ru\/wp-json\/wp\/v2\/product"}],"about":[{"href":"https:\/\/toystoys.md\/ru\/wp-json\/wp\/v2\/types\/product"}],"replies":[{"embeddable":true,"href":"https:\/\/toystoys.md\/ru\/wp-json\/wp\/v2\/comments?post=156265"}],"wp:featuredmedia":[{"embeddable":true,"href":"https:\/\/toystoys.md\/ru\/wp-json\/wp\/v2\/media\/156304"}],"wp:attachment":[{"href":"https:\/\/toystoys.md\/ru\/wp-json\/wp\/v2\/media?parent=156265"}],"wp:term":[{"taxonomy":"product_brand","embeddable":true,"href":"https:\/\/toystoys.md\/ru\/wp-json\/wp\/v2\/product_brand?post=156265"},{"taxonomy":"product_cat","embeddable":true,"href":"https:\/\/toystoys.md\/ru\/wp-json\/wp\/v2\/product_cat?post=156265"},{"taxonomy":"product_tag","embeddable":true,"href":"https:\/\/toystoys.md\/ru\/wp-json\/wp\/v2\/product_tag?post=156265"}],"curies":[{"name":"wp","href":"https:\/\/api.w.org\/{rel}","templated":true}]}}