{"id":156264,"date":"2023-07-19T11:13:38","date_gmt":"2023-07-19T11:13:38","guid":{"rendered":"https:\/\/toystoys.md\/shop\/prod_5694230257003_sc88133\/"},"modified":"2025-01-23T11:52:21","modified_gmt":"2025-01-23T09:52:21","slug":"prod_5694230257003_sc88133","status":"publish","type":"product","link":"https:\/\/toystoys.md\/ru\/shop\/prod_5694230257003_sc88133\/","title":{"rendered":"Gem de capsuni fara zahar 330g"},"content":{"rendered":"<p>C\u0103p\u0219uni (58%), ap\u0103,<br \/>\n\u00eendulcitor (eritritol, glicozide<br \/>\nsteviol), pectin\u0103, acid<br \/>\ncitric,concentrat<br \/>\n(morcov, coac\u0103ze negre),<br \/>\nconservant (extract organic<br \/>\nde rowanberry), acid<br \/>\nascorbic.<\/p>\n<p>NUTRITI 100g<br \/>\nEnergy 100 kJ \/ 24 kcal<br \/>\nFat 0,1g<br \/>\nSaturates 0,1g<br \/>\nCarbohydrates 23,8g<br \/>\nsugars 4,1g<br \/>\npolyols 19,7g<br \/>\nFibre 1,1g<br \/>\nProteins 0,4g<br \/>\nSalt 0g<\/p>","protected":false},"excerpt":{"rendered":"<p>C\u0103p\u0219uni (58%), ap\u0103, \u00eendulcitor (eritritol, glicozide steviol), pectin\u0103, acid citric,concentrat (morcov, coac\u0103ze negre), conservant (extract organic de rowanberry), acid ascorbic.<\/p>","protected":false},"featured_media":156302,"comment_status":"closed","ping_status":"closed","template":"","meta":{"_monsterinsights_skip_tracking":false,"_monsterinsights_sitenote_active":false,"_monsterinsights_sitenote_note":"","_monsterinsights_sitenote_category":0},"product_brand":[],"product_cat":[55],"product_tag":[],"class_list":{"0":"post-156264","1":"product","2":"type-product","3":"status-publish","4":"has-post-thumbnail","6":"product_cat-toate-produsele","8":"first","9":"outofstock","10":"shipping-taxable","11":"purchasable","12":"product-type-simple"},"_links":{"self":[{"href":"https:\/\/toystoys.md\/ru\/wp-json\/wp\/v2\/product\/156264","targetHints":{"allow":["GET"]}}],"collection":[{"href":"https:\/\/toystoys.md\/ru\/wp-json\/wp\/v2\/product"}],"about":[{"href":"https:\/\/toystoys.md\/ru\/wp-json\/wp\/v2\/types\/product"}],"replies":[{"embeddable":true,"href":"https:\/\/toystoys.md\/ru\/wp-json\/wp\/v2\/comments?post=156264"}],"wp:featuredmedia":[{"embeddable":true,"href":"https:\/\/toystoys.md\/ru\/wp-json\/wp\/v2\/media\/156302"}],"wp:attachment":[{"href":"https:\/\/toystoys.md\/ru\/wp-json\/wp\/v2\/media?parent=156264"}],"wp:term":[{"taxonomy":"product_brand","embeddable":true,"href":"https:\/\/toystoys.md\/ru\/wp-json\/wp\/v2\/product_brand?post=156264"},{"taxonomy":"product_cat","embeddable":true,"href":"https:\/\/toystoys.md\/ru\/wp-json\/wp\/v2\/product_cat?post=156264"},{"taxonomy":"product_tag","embeddable":true,"href":"https:\/\/toystoys.md\/ru\/wp-json\/wp\/v2\/product_tag?post=156264"}],"curies":[{"name":"wp","href":"https:\/\/api.w.org\/{rel}","templated":true}]}}