{"id":156263,"date":"2023-07-19T11:13:35","date_gmt":"2023-07-19T11:13:35","guid":{"rendered":"https:\/\/toystoys.md\/shop\/prod_5694230257010_sc88132\/"},"modified":"2023-07-19T18:10:47","modified_gmt":"2023-07-19T16:10:47","slug":"prod_5694230257010_sc88132","status":"publish","type":"product","link":"https:\/\/toystoys.md\/ru\/shop\/prod_5694230257010_sc88132\/","title":{"rendered":"Gem de afine fara zahar 330g"},"content":{"rendered":"<p>Afine (57%), ap\u0103,<br \/>\n\u00eendulcitori (eritritol,<br \/>\nglicozide steviol din stevia),<br \/>\ngelifiant (pectin\u0103), acid<br \/>\n(acid citric), extract de<br \/>\nrowanberry (Sorbus<br \/>\naucuparia L.), pudr\u0103 de<br \/>\nl\u0103m\u00e2ie, regulator de<br \/>\naciditate (citra\u021bi de calciu)<\/p>\n<p>NUTRITIONAL VALUE 100g<br \/>\nEnergy 128 kJ \/ 30 kcal<br \/>\nFat 0,1g<br \/>\nSaturates 0g<br \/>\nCarbohydrates 21,6g<br \/>\nsugars 4,5g<br \/>\npolyols 17,1g<br \/>\nFibre 1,8g<br \/>\nProteins 0,3g<br \/>\nSalt 0g<\/p>","protected":false},"excerpt":{"rendered":"<p>Afine (57%), ap\u0103, \u00eendulcitori (eritritol, glicozide steviol din stevia), gelifiant (pectin\u0103), acid (acid citric), extract de rowanberry (Sorbus aucuparia L.),<\/p>","protected":false},"featured_media":156303,"comment_status":"closed","ping_status":"closed","template":"","meta":{"_monsterinsights_skip_tracking":false,"_monsterinsights_sitenote_active":false,"_monsterinsights_sitenote_note":"","_monsterinsights_sitenote_category":0},"product_brand":[],"product_cat":[55],"product_tag":[],"class_list":{"0":"post-156263","1":"product","2":"type-product","3":"status-publish","4":"has-post-thumbnail","6":"product_cat-toate-produsele","8":"first","9":"instock","10":"shipping-taxable","11":"purchasable","12":"product-type-simple"},"_links":{"self":[{"href":"https:\/\/toystoys.md\/ru\/wp-json\/wp\/v2\/product\/156263","targetHints":{"allow":["GET"]}}],"collection":[{"href":"https:\/\/toystoys.md\/ru\/wp-json\/wp\/v2\/product"}],"about":[{"href":"https:\/\/toystoys.md\/ru\/wp-json\/wp\/v2\/types\/product"}],"replies":[{"embeddable":true,"href":"https:\/\/toystoys.md\/ru\/wp-json\/wp\/v2\/comments?post=156263"}],"wp:featuredmedia":[{"embeddable":true,"href":"https:\/\/toystoys.md\/ru\/wp-json\/wp\/v2\/media\/156303"}],"wp:attachment":[{"href":"https:\/\/toystoys.md\/ru\/wp-json\/wp\/v2\/media?parent=156263"}],"wp:term":[{"taxonomy":"product_brand","embeddable":true,"href":"https:\/\/toystoys.md\/ru\/wp-json\/wp\/v2\/product_brand?post=156263"},{"taxonomy":"product_cat","embeddable":true,"href":"https:\/\/toystoys.md\/ru\/wp-json\/wp\/v2\/product_cat?post=156263"},{"taxonomy":"product_tag","embeddable":true,"href":"https:\/\/toystoys.md\/ru\/wp-json\/wp\/v2\/product_tag?post=156263"}],"curies":[{"name":"wp","href":"https:\/\/api.w.org\/{rel}","templated":true}]}}