{"id":155773,"date":"2023-07-12T18:12:52","date_gmt":"2023-07-12T18:12:52","guid":{"rendered":"https:\/\/toystoys.md\/shop\/prod_9789975006576_sc87967\/"},"modified":"2023-07-12T17:19:36","modified_gmt":"2023-07-12T15:19:36","slug":"prod_9789975006576_sc87967","status":"publish","type":"product","link":"https:\/\/toystoys.md\/ru\/shop\/prod_9789975006576_sc87967\/","title":{"rendered":"Casa de miau Parcul de distractii"},"content":{"rendered":"<div class=\"cartu-section-title\">Descriere<\/div>\n<article>Ai \u00een m\u00e2ini dou\u0103 bilete de intrare \u00een parcul de distrac\u021bii unde po\u021bi s\u0103-\u021bi petreci timpul cu modelele de la Casa de Mod\u0103 \u201eMIAU\u201d. Lia, Emma \u0219i Ana sunt cele mai bune prietene \u0219i sunt mereu \u00eempreun\u0103. De aceast\u0103 dat\u0103, ele vor vizita parcul de distrac\u021bii. Este singurul loc unde pot s\u0103 realizeze cea mai \u201emiau-minunat\u0103\u201d \u0219i plin\u0103 de culoare \u0219edin\u021b\u0103 foto.<\/p>\n<p>Ajut\u0103-le pe fete s\u0103 se \u00eembrace pentru acest eveniment: alege cele mai frumoase haine \u0219i potrive\u0219te accesoriile pentru fiecare fotomodel aparte. Dac\u0103 lipse\u0219te ceva, g\u0103se\u0219te piese vestimentare \u00een celelalte c\u0103r\u021bi din colec\u021bie.<\/p>\n<div class=\"productAttr\"><span class=\"productAttrLabel\">Categorii:<\/span><\/p>\n<div class=\"linkuriCategorii\">Carti de colorat pentru copii<\/div>\n<\/div>\n<div class=\"productAttr\"><span class=\"productAttrLabel\">Taguri:<\/span><\/p>\n<div class=\"linkuriCategorii\">Tag de lucru<\/div>\n<\/div>\n<div class=\"productAttr\"><span class=\"productAttrLabel\">Varsta Recomandata:<\/span><\/p>\n<div>4-6 ani, 6-8 ani<\/div>\n<\/div>\n<div class=\"productAttr\"><span class=\"productAttrLabel\">Limba:<\/span><\/p>\n<div>Romana<\/div>\n<\/div>\n<div class=\"productAttr\"><span class=\"productAttrLabel\">Data public\u0103rii:<\/span><\/p>\n<div>2021<\/div>\n<\/div>\n<div class=\"productAttr\"><span class=\"productAttrLabel\">Editura:<\/span><\/p>\n<div>Arc<\/div>\n<\/div>\n<div class=\"productAttr\"><span class=\"productAttrLabel\">Tip copert\u0103:<\/span><\/p>\n<div>Paperback<\/div>\n<\/div>\n<div class=\"productAttr\"><span class=\"productAttrLabel\">Nr Pag:<\/span><\/p>\n<div>18<\/div>\n<\/div>\n<div class=\"productAttr\"><span class=\"productAttrLabel\">ISBN:<\/span><\/p>\n<div>9789975006576<\/div>\n<\/div>\n<div class=\"productAttr\"><span class=\"productAttrLabel\">\u0420\u0430\u0437\u043c\u0435\u0440\u044b:<\/span>H: 30cm | l: 21cm<\/div>\n<\/article>","protected":false},"excerpt":{"rendered":"<p>Descriere Ai \u00een m\u00e2ini dou\u0103 bilete de intrare \u00een parcul de distrac\u021bii unde po\u021bi s\u0103-\u021bi petreci timpul cu modelele de<\/p>","protected":false},"featured_media":155779,"comment_status":"closed","ping_status":"closed","template":"","meta":{"_monsterinsights_skip_tracking":false,"_monsterinsights_sitenote_active":false,"_monsterinsights_sitenote_note":"","_monsterinsights_sitenote_category":0},"product_brand":[],"product_cat":[55,106,39],"product_tag":[],"class_list":{"0":"post-155773","1":"product","2":"type-product","3":"status-publish","4":"has-post-thumbnail","6":"product_cat-toate-produsele","7":"product_cat-birotica-si-papetarie","8":"product_cat-carti","10":"first","11":"instock","12":"shipping-taxable","13":"purchasable","14":"product-type-simple"},"_links":{"self":[{"href":"https:\/\/toystoys.md\/ru\/wp-json\/wp\/v2\/product\/155773","targetHints":{"allow":["GET"]}}],"collection":[{"href":"https:\/\/toystoys.md\/ru\/wp-json\/wp\/v2\/product"}],"about":[{"href":"https:\/\/toystoys.md\/ru\/wp-json\/wp\/v2\/types\/product"}],"replies":[{"embeddable":true,"href":"https:\/\/toystoys.md\/ru\/wp-json\/wp\/v2\/comments?post=155773"}],"wp:featuredmedia":[{"embeddable":true,"href":"https:\/\/toystoys.md\/ru\/wp-json\/wp\/v2\/media\/155779"}],"wp:attachment":[{"href":"https:\/\/toystoys.md\/ru\/wp-json\/wp\/v2\/media?parent=155773"}],"wp:term":[{"taxonomy":"product_brand","embeddable":true,"href":"https:\/\/toystoys.md\/ru\/wp-json\/wp\/v2\/product_brand?post=155773"},{"taxonomy":"product_cat","embeddable":true,"href":"https:\/\/toystoys.md\/ru\/wp-json\/wp\/v2\/product_cat?post=155773"},{"taxonomy":"product_tag","embeddable":true,"href":"https:\/\/toystoys.md\/ru\/wp-json\/wp\/v2\/product_tag?post=155773"}],"curies":[{"name":"wp","href":"https:\/\/api.w.org\/{rel}","templated":true}]}}