{"id":151938,"date":"2023-05-11T13:41:50","date_gmt":"2023-05-11T13:41:50","guid":{"rendered":""},"modified":"2025-02-17T14:26:01","modified_gmt":"2025-02-17T12:26:01","slug":"prod_694704126045_sc86764","status":"publish","type":"product","link":"https:\/\/toystoys.md\/ru\/shop\/prod_694704126045_sc86764\/","title":{"rendered":"\u041f\u0435\u043d\u0430\u043b \u0441 \u043f\u043e\u043b\u043d\u044b\u043c \u043d\u0430\u0431\u043e\u0440\u043e\u043c \u2013 \u0425\u0430\u0437\u0435\u043b\u0438\u044f, NEBULOUS STARS"},"content":{"rendered":"<p>\u0412 \u044d\u0442\u043e\u0439 \u0440\u043e\u0441\u043a\u043e\u0448\u043d\u043e\u0439 \u043a\u043e\u043b\u043b\u0435\u043a\u0446\u0438\u0438 \u043f\u0435\u043d\u0430\u043b\u043e\u0432 \u0441 \u0442\u0440\u0435\u043c\u044f \u043e\u0442\u0434\u0435\u043b\u0435\u043d\u0438\u044f\u043c\u0438 \u043f\u0440\u0435\u0434\u0441\u0442\u0430\u0432\u043b\u0435\u043d \u043f\u043e\u043b\u043d\u044b\u0439 \u043d\u0430\u0431\u043e\u0440 \u043a\u0430\u043d\u0446\u0435\u043b\u044f\u0440\u0441\u043a\u0438\u0445 \u043f\u0440\u0438\u043d\u0430\u0434\u043b\u0435\u0436\u043d\u043e\u0441\u0442\u0435\u0439, \u0430 \u0442\u0430\u043a\u0436\u0435 \u0448\u0438\u0440\u043e\u043a\u0438\u0439 \u0432\u044b\u0431\u043e\u0440 \u0434\u0435\u0440\u0435\u0432\u044f\u043d\u043d\u044b\u0445 \u0446\u0432\u0435\u0442\u043d\u044b\u0445 \u043a\u0430\u0440\u0430\u043d\u0434\u0430\u0448\u0435\u0439 \u0438 \u043c\u0430\u0440\u043a\u0435\u0440\u043e\u0432!<\/p>\n<p>\u0412 \u043d\u0430\u0431\u043e\u0440\u0435: \u043a\u043d\u0438\u0436\u043a\u0430-\u0440\u0430\u0441\u043a\u0440\u0430\u0441\u043a\u0430, 18 \u043c\u0430\u0440\u043a\u0435\u0440\u043e\u0432, 18 \u0446\u0432\u0435\u0442\u043d\u044b\u0445 \u043a\u0430\u0440\u0430\u043d\u0434\u0430\u0448\u0435\u0439, \u043b\u0430\u0441\u0442\u0438\u043a, \u043d\u043e\u0436\u043d\u0438\u0446\u044b, \u043a\u043b\u0435\u0439, \u0442\u043e\u0447\u0438\u043b\u043a\u0430, \u043b\u0438\u043d\u0435\u0439\u043a\u0430, \u0440\u0443\u0447\u043a\u0430 4 \u0446\u0432\u0435\u0442\u0430, \u0433\u0440\u0430\u0444\u0438\u0442\u043e\u0432\u044b\u0439 \u043a\u0430\u0440\u0430\u043d\u0434\u0430\u0448.<\/p>","protected":false},"excerpt":{"rendered":"<p>Aceast\u0103 colec\u021bie de penare de lux cu trei compartimente ofer\u0103 o gam\u0103 complet\u0103 de articole de papet\u0103rie, plus o selec\u021bie<\/p>","protected":false},"featured_media":202966,"comment_status":"closed","ping_status":"closed","template":"..\/public\/views\/revslider-page-template.php","meta":{"_monsterinsights_skip_tracking":false,"_monsterinsights_sitenote_active":false,"_monsterinsights_sitenote_note":"","_monsterinsights_sitenote_category":0},"product_brand":[],"product_cat":[55,106,1047],"product_tag":[],"class_list":{"0":"post-151938","1":"product","2":"type-product","3":"status-publish","4":"has-post-thumbnail","6":"product_cat-toate-produsele","7":"product_cat-birotica-si-papetarie","8":"product_cat-papetarie-papetarie","10":"first","11":"outofstock","12":"shipping-taxable","13":"purchasable","14":"product-type-simple"},"_links":{"self":[{"href":"https:\/\/toystoys.md\/ru\/wp-json\/wp\/v2\/product\/151938","targetHints":{"allow":["GET"]}}],"collection":[{"href":"https:\/\/toystoys.md\/ru\/wp-json\/wp\/v2\/product"}],"about":[{"href":"https:\/\/toystoys.md\/ru\/wp-json\/wp\/v2\/types\/product"}],"replies":[{"embeddable":true,"href":"https:\/\/toystoys.md\/ru\/wp-json\/wp\/v2\/comments?post=151938"}],"wp:featuredmedia":[{"embeddable":true,"href":"https:\/\/toystoys.md\/ru\/wp-json\/wp\/v2\/media\/202966"}],"wp:attachment":[{"href":"https:\/\/toystoys.md\/ru\/wp-json\/wp\/v2\/media?parent=151938"}],"wp:term":[{"taxonomy":"product_brand","embeddable":true,"href":"https:\/\/toystoys.md\/ru\/wp-json\/wp\/v2\/product_brand?post=151938"},{"taxonomy":"product_cat","embeddable":true,"href":"https:\/\/toystoys.md\/ru\/wp-json\/wp\/v2\/product_cat?post=151938"},{"taxonomy":"product_tag","embeddable":true,"href":"https:\/\/toystoys.md\/ru\/wp-json\/wp\/v2\/product_tag?post=151938"}],"curies":[{"name":"wp","href":"https:\/\/api.w.org\/{rel}","templated":true}]}}