{"id":146003,"date":"2022-12-28T12:20:55","date_gmt":"2022-12-28T12:20:55","guid":{"rendered":""},"modified":"2024-07-19T14:24:50","modified_gmt":"2024-07-19T12:24:50","slug":"prod_887961242553_sc84354","status":"publish","type":"product","link":"https:\/\/toystoys.md\/ru\/shop\/prod_887961242553_sc84354\/","title":{"rendered":"\u041c\u0430\u0448\u0438\u043d\u0430 Batman Hot Wheels MATTEL"},"content":{"rendered":"<p id=\"tw-target-text\" class=\"tw-data-text tw-text-large tw-ta\" dir=\"ltr\" data-placeholder=\"\u041f\u0435\u0440\u0435\u0432\u043e\u0434\" data-ved=\"2ahUKEwiM9PTb8YKCAxXP2wIHHRuNAVoQ3ewLegQIDRAQ\"><span class=\"Y2IQFc\" lang=\"ro\">\u042d\u0442\u0438 \u043c\u043e\u0434\u0435\u043b\u044c\u043a\u0438 \u0430\u0432\u0442\u043e\u043c\u043e\u0431\u0438\u043b\u044f \u0411\u044d\u0442\u043c\u0435\u043d\u0430 \u043e\u0442 Hot Wheels \u0432 \u043c\u0430\u0441\u0448\u0442\u0430\u0431\u0435 1:50 \u0441\u0442\u0430\u043d\u0435\u0442 \u043e\u0442\u043b\u0438\u0447\u043d\u044b\u043c \u043f\u0440\u0435\u0434\u043c\u0435\u0442\u043e\u043c \u043a\u043e\u043b\u043b\u0435\u043a\u0446\u0438\u043e\u043d\u0438\u0440\u043e\u0432\u0430\u043d\u0438\u044f \u0434\u043b\u044f \u043b\u044e\u0431\u043e\u0433\u043e \u043f\u043e\u043a\u043b\u043e\u043d\u043d\u0438\u043a\u0430 \u0411\u044d\u0442\u043c\u0435\u043d\u0430.<\/span><\/p>","protected":false},"excerpt":{"rendered":"<p>Aceste modele de ma\u0219in\u0103 Batman Hot Wheels la scar\u0103 1:50 este o pies\u0103 grozav\u0103 de colec\u021bie pentru orice fan al<\/p>","protected":false},"featured_media":160818,"comment_status":"closed","ping_status":"closed","template":"..\/public\/views\/revslider-page-template.php","meta":{"_monsterinsights_skip_tracking":false,"_monsterinsights_sitenote_active":false,"_monsterinsights_sitenote_note":"","_monsterinsights_sitenote_category":0},"product_brand":[],"product_cat":[55,1137,49,1110],"product_tag":[],"class_list":{"0":"post-146003","1":"product","2":"type-product","3":"status-publish","4":"has-post-thumbnail","6":"product_cat-toate-produsele","7":"product_cat-jucarii","8":"product_cat-transport","9":"product_cat-masini","11":"first","12":"instock","13":"shipping-taxable","14":"purchasable","15":"product-type-simple"},"_links":{"self":[{"href":"https:\/\/toystoys.md\/ru\/wp-json\/wp\/v2\/product\/146003","targetHints":{"allow":["GET"]}}],"collection":[{"href":"https:\/\/toystoys.md\/ru\/wp-json\/wp\/v2\/product"}],"about":[{"href":"https:\/\/toystoys.md\/ru\/wp-json\/wp\/v2\/types\/product"}],"replies":[{"embeddable":true,"href":"https:\/\/toystoys.md\/ru\/wp-json\/wp\/v2\/comments?post=146003"}],"wp:featuredmedia":[{"embeddable":true,"href":"https:\/\/toystoys.md\/ru\/wp-json\/wp\/v2\/media\/160818"}],"wp:attachment":[{"href":"https:\/\/toystoys.md\/ru\/wp-json\/wp\/v2\/media?parent=146003"}],"wp:term":[{"taxonomy":"product_brand","embeddable":true,"href":"https:\/\/toystoys.md\/ru\/wp-json\/wp\/v2\/product_brand?post=146003"},{"taxonomy":"product_cat","embeddable":true,"href":"https:\/\/toystoys.md\/ru\/wp-json\/wp\/v2\/product_cat?post=146003"},{"taxonomy":"product_tag","embeddable":true,"href":"https:\/\/toystoys.md\/ru\/wp-json\/wp\/v2\/product_tag?post=146003"}],"curies":[{"name":"wp","href":"https:\/\/api.w.org\/{rel}","templated":true}]}}