{"id":135155,"date":"2022-06-06T19:55:39","date_gmt":"2022-06-06T19:55:39","guid":{"rendered":"https:\/\/toystoys.md\/?post_type=product&#038;p=135155"},"modified":"2022-06-15T13:02:58","modified_gmt":"2022-06-15T13:02:58","slug":"bicicleta-3-roti-cu-maner-detasabil-cos-spate-verde-italtrike","status":"publish","type":"product","link":"https:\/\/toystoys.md\/ru\/shop\/bicicleta-3-roti-cu-maner-detasabil-cos-spate-verde-italtrike\/","title":{"rendered":"\u0422\u0440\u0435\u0445\u043a\u043e\u043b\u0435\u0441\u043d\u044b\u0439 \u0432\u0435\u043b\u043e\u0441\u0438\u043f\u0435\u0434 \u0441\u043e \u0441\u044a\u0435\u043c\u043d\u043e\u0439 \u0440\u0443\u0447\u043a\u043e\u0439 + \u0437\u0435\u043b\u0435\u043d\u0430\u044f  \u043a\u043e\u0440\u0437\u0438\u043d\u0430 Italtrike"},"content":{"rendered":"","protected":false},"excerpt":{"rendered":"<pre id=\"tw-target-text\" class=\"tw-data-text tw-text-large tw-ta\" dir=\"ltr\" data-placeholder=\"\u041f\u0435\u0440\u0435\u0432\u043e\u0434\"><span class=\"Y2IQFc\" lang=\"ro\">Dimensiuni produs \u200e67 x 45 x 56 cm; 6,8 kg\r\nV\u00e2rsta recomandat\u0103 de produc\u0103tor 24 luni \r\nGreutatea maxim\u0103 recomandat\u0103 de produc\u0103tor este de 25 de kg<\/span><\/pre>","protected":false},"featured_media":135156,"comment_status":"closed","ping_status":"closed","template":"","meta":{"_monsterinsights_skip_tracking":false,"_monsterinsights_sitenote_active":false,"_monsterinsights_sitenote_note":"","_monsterinsights_sitenote_category":0},"product_brand":[],"product_cat":[55,1141,48,1275],"product_tag":[],"class_list":{"0":"post-135155","1":"product","2":"type-product","3":"status-publish","4":"has-post-thumbnail","6":"product_cat-toate-produsele","7":"product_cat-produse-pentru-bebelusi","8":"product_cat-biciclete-si-scutere","9":"product_cat-tricicleta","11":"first","12":"instock","13":"shipping-taxable","14":"purchasable","15":"product-type-simple"},"_links":{"self":[{"href":"https:\/\/toystoys.md\/ru\/wp-json\/wp\/v2\/product\/135155","targetHints":{"allow":["GET"]}}],"collection":[{"href":"https:\/\/toystoys.md\/ru\/wp-json\/wp\/v2\/product"}],"about":[{"href":"https:\/\/toystoys.md\/ru\/wp-json\/wp\/v2\/types\/product"}],"replies":[{"embeddable":true,"href":"https:\/\/toystoys.md\/ru\/wp-json\/wp\/v2\/comments?post=135155"}],"wp:featuredmedia":[{"embeddable":true,"href":"https:\/\/toystoys.md\/ru\/wp-json\/wp\/v2\/media\/135156"}],"wp:attachment":[{"href":"https:\/\/toystoys.md\/ru\/wp-json\/wp\/v2\/media?parent=135155"}],"wp:term":[{"taxonomy":"product_brand","embeddable":true,"href":"https:\/\/toystoys.md\/ru\/wp-json\/wp\/v2\/product_brand?post=135155"},{"taxonomy":"product_cat","embeddable":true,"href":"https:\/\/toystoys.md\/ru\/wp-json\/wp\/v2\/product_cat?post=135155"},{"taxonomy":"product_tag","embeddable":true,"href":"https:\/\/toystoys.md\/ru\/wp-json\/wp\/v2\/product_tag?post=135155"}],"curies":[{"name":"wp","href":"https:\/\/api.w.org\/{rel}","templated":true}]}}