{"id":232901,"date":"2026-02-11T10:27:49","date_gmt":"2026-02-11T08:27:49","guid":{"rendered":"https:\/\/toystoys.md\/?page_id=232901"},"modified":"2026-02-11T10:27:49","modified_gmt":"2026-02-11T08:27:49","slug":"politica-de-prelucrare-a-datelor-cu-caracter-personal","status":"publish","type":"page","link":"https:\/\/toystoys.md\/ru\/politica-de-prelucrare-a-datelor-cu-caracter-personal\/","title":{"rendered":"\u041f\u043e\u043b\u0438\u0442\u0438\u043a\u0430 \u043e\u0431\u0440\u0430\u0431\u043e\u0442\u043a\u0438 \u043f\u0435\u0440\u0441\u043e\u043d\u0430\u043b\u044c\u043d\u044b\u0445 \u0434\u0430\u043d\u043d\u044b\u0445"},"content":{"rendered":"<div class=\"wpb-content-wrapper\"><div class=\"vc_row wpb_row vc_row-fluid\"><div class=\"wpb_column vc_column_container vc_col-sm-12\"><div class=\"vc_column-inner\"><div class=\"wpb_wrapper\">\n\t<div class=\"wpb_text_column wpb_content_element\" >\n\t\t<div class=\"wpb_wrapper\">\n\t\t\t<p><b>POLITIC\u0102 DE PRELUCRARE A DATELOR CU CARACTER PERSONAL<\/b><\/p>\n<p><span style=\"font-weight: 400;\">Identitatea operatorului de date personale<\/span><\/p>\n<p><span style=\"font-weight: 400;\">SC \u00abTwo Goose\u00bb SRL., IDNO 1014600022686, cu sediul: cu sediul: MD-2005 ,str. Albisoara 42, mun. Chi\u015fin\u0103u, Republica Moldova.<\/span><\/p>\n<p><span style=\"font-weight: 400;\">Cadrul legal<\/span><\/p>\n<p><span style=\"font-weight: 400;\">Datele personale colectate de la Dvs. se prelucreaz\u0103 \u00een conformitate cu prevederile Legii 133\/2011 privind protec\u021bia datelor cu caracter personal \u0219i Legii 284\/2004 privind comer\u021bul electronic, precum \u0219i \u00een conformitate cu alte prevederi legale aplicabile, dar \u0219i cu condi\u021biile de prelucrare a datelor personale expuse \u00een prezenta politic\u0103 sau alte acte informative publicate pe site-ul respectiv.<\/span><\/p>\n<p><span style=\"font-weight: 400;\">Cump\u0103r\u0103torii au obliga\u021bia de a face cuno\u0219tin\u021b\u0103 cu prezenta politic\u0103 p\u00een\u0103 la plasarea comenzii, respective comunicarea datelor personale c\u0103tre operator. Astfel, prin aplicarea bifei pe site, \u00eenainte de a fi plasat\u0103 comanda, ace\u0219tia confirm c\u0103 au luat cuno\u0219tin\u021b\u0103 cu politica data, precum \u0219i faptul c\u0103 sensul textului acesteia \u00eei este pe deplin \u00een\u021beles, fiind de acord cu condi\u021biile de prelucrare a datelor sale personale descrise \u00een aceasta.<\/span><\/p>\n<p><span style=\"font-weight: 400;\">\u00cen cazul modific\u0103rii politicii respective, acestea vor publicate pe site-ul dat.<\/span><\/p>\n<p><span style=\"font-weight: 400;\">Temeiul \u0219i scopul prelucr\u0103rii datelor personale<\/span><\/p>\n<p><span style=\"font-weight: 400;\">Datele personale colectate prin intermediul site-ului respectiv, \u00een temeiului contractului de v\u00eenzare-cump\u0103rare sunt prelucrate pentru \u00eencheierea acestuia, comunicarea cu cump\u0103r\u0103torul, livrarea produselor achizi\u021bionate la adresa indicat\u0103 de acesta, \u00eencheierea actelor de predare-primire a m\u0103rfii comandate precum \u0219i pentru realizarea altor obliga\u021bii care reies din rela\u021biile stabilite cu cump\u0103r\u0103torul\/poten\u021bialul cump\u0103r\u0103tor sau prev\u0103zute de legisla\u021bia \u00een vigoare (de ex-lu: emiterea bonului fiscal\/facturii fiscale).<\/span><\/p>\n<p><span style=\"font-weight: 400;\">De asemenea, \u00een cazul oferii consim\u021b\u0103m\u00e2ntului, unele categorii de date (nume, prenume, adres\u0103 de e-mail, nr de telefon, alte canale de comunicare indicate de cump\u0103r\u0103tor) pot fi prelucrate pentru transmiterea comunic\u0103rilor promo\u021bionale c\u0103tre acesta.<\/span><\/p>\n<p><span style=\"font-weight: 400;\">Categoriile de date personale \u0219i modalitatea de prelucrare a acestora<\/span><\/p>\n<p><span style=\"font-weight: 400;\">Pentru a putea prelucra \u0219i livra comenzile de produse plasate de cump\u0103r\u0103tor, vom solicita \u00eenainte de a plasa comanda comunicarea obligatorie a urm\u0103toarelor date personale: numele, prenumele, num\u0103r de telefon, e-mail \u0219i adresa de livrare.<\/span><\/p>\n<p><span style=\"font-weight: 400;\">Aceste date sunt necesare pentru a v\u0103 putea identifica \u0219i contacta, cu scopul de a confirma plasarea comenzii, con\u021binutului acesteia precum \u0219i clarificarea, \u00een caz de necesitate a aspectelor de livrare a produselor achizi\u021bionate.<\/span><\/p>\n<p><span style=\"font-weight: 400;\">Astfel, dup\u0103 plasarea comenzii, pe adresa de e-mail V\u0103 va fi transmis un mesaj cu un link de confirmare a comenzii, pe care va fi necesar s\u0103-l accesa\u021bi.<\/span><\/p>\n<p><span style=\"font-weight: 400;\">Dup\u0103 confirmarea comenzii, \u00een caz de necesitate, cum ar fi: imposibilitatea de livrare, inexisten\u021ba produselor comandate \u00een stoc, comunicarea unor date inexacte etc., pute\u021bi fi contactat telefonic pentru clarificarea aspectelor respective.<\/span><\/p>\n<p><span style=\"font-weight: 400;\">Odat\u0103 ce comanda a fost confirmat\u0103, aceasta se transmite angaja\u021bilor din unit\u0103\u021bile comerciale sau depozitele Angajatorului, pentru a fi colectate bunurile expuse \u00een aceasta \u0219i care urmeaz\u0103 a fi preluate de serviciul de curierat al V\u00e2nz\u0103torului pentru efectuarea livr\u0103rii.<\/span><\/p>\n<p><span style=\"font-weight: 400;\">De asemenea, \u00een mod obligatoriu, vom solicita comunicarea adresei de livrare (localitate, strad\u0103, nr. cas\u0103\/bloc, nr. apartament), care \u00eempreun\u0103 cu numele, prenumele, nr. de telefon, vor fi transmise c\u0103tre curier, pentru efectuarea livr\u0103rii, precum \u0219i contactarea cump\u0103r\u0103torului \u00een momentul \u00een care curierul ajunge la adresa de livrare indicat\u0103 de acesta.<\/span><\/p>\n<p><span style=\"font-weight: 400;\">Datele cu caracter personal ( e-mail, nume, prenume) pot fi prelucrate \u0219i ca urmare a form\u0103rii la dorin\u021ba clientului sau poten\u021bialului client a contului pe site-ul\u00a0<\/span><a href=\"https:\/\/toystoys.md\/ru\/\"><b>https:\/\/www.toystoys.md\/<\/b><\/a><b>\u00a0.<\/b><\/p>\n<p><span style=\"font-weight: 400;\">\u00cen cazul \u00een care cump\u0103r\u0103torul dore\u0219te s\u0103 recep\u021bioneze comunic\u0103ri promo\u021bionale, acesta va selecta canalul de comunicare prin care urmeaz\u0103 a-i fi transmise comunic\u0103rile respective. Astfel, prin selectarea canalului respectiv acesta \u00ee\u0219i va manifesta consim\u021b\u0103m\u00e2ntul ca datele sale personale (nume, prenume, canalul de comunicare) s\u0103 fie utilizat pentru transmiterea comunic\u0103rilor date.<\/span><\/p>\n<p><span style=\"font-weight: 400;\">Unele categorii de date personale pot fi prelucrate pentru realizarea unor obliga\u021bii legale, prev\u0103zute de actele normative. \u00cen cazul \u00een care datele comunicate, sunt insuficiente pentru realizarea obliga\u021biilor respective, V\u0103 vom solicita date suplimentare, \u00een scopul realiz\u0103rii acestora.<\/span><\/p>\n<p><span style=\"font-weight: 400;\">Totodat\u0103, datele personale\u00a0<\/span><b>colectate prin intermediul cookie-urilor<\/b><span style=\"font-weight: 400;\">\u00a0vor fi prelucrate, \u021bin\u00e2nd cont de interesul legitim al operatorului de a asigura buna func\u021bionare a site-ului \u0219i a func\u021biilor oferite de acesta, platformei, pentru a asigura protec\u021bia \u00eempotriva fraudelor, pentru statistici cu privire la vizitatori, pentru oferirea de experien\u021be de navigare, despre durata vizitei, anun\u021buri, produse accesate sau c\u0103utate, f\u0103r\u0103 a putea stabili identitatea Dvs., precum \u0219i. loca\u021bia dumneavoastr\u0103, dac\u0103 V\u0103 ve\u021bi oferi consim\u021b\u0103m\u00e2ntul \u00een acest sens.<\/span><\/p>\n<p><span style=\"font-weight: 400;\">\u00cens\u0103, \u00een momentul \u00een care se va selecta ca achitarea s\u0103 fie realizat\u0103 prin intermediul mijloacelor electronice datele introduse pentru efectuarea achit\u0103rii sunt colectate de c\u0103tre operatorii serviciilor respective de plat\u0103, f\u0103r\u0103 a fi colectate \u0219i stocate de c\u0103tre Two Goose. Astfel, datele personale communicate \u00een acest scop vor fi prelucrate \u00een conformitate cu politicile operatorul serviciului de plat\u0103 selectat de c\u0103tre cump\u0103r\u0103tor.<\/span><\/p>\n<p><span style=\"font-weight: 400;\">Termenul de p\u0103strare a datelor personale<\/span><\/p>\n<p><span style=\"font-weight: 400;\">Datele personale prelucrate pentru realizarea obliga\u021biilor contractuale, inclusiv pentru livrarea m\u0103rfii, vor fi prelucrate \u0219i stocate p\u00een\u0103 la executarea integral\u0103 a obliga\u021biilor date, dup\u0103 care acestea urmeaz\u0103 a fi arhivate \u0219i stocate pentru o perioada de 3 ani.<\/span><\/p>\n<p><span style=\"font-weight: 400;\">Totodat\u0103, \u00een cazul \u00een care cump\u0103r\u0103torul \u00ee\u0219i exprim\u0103 consim\u021b\u0103m\u00e2ntul pentru transmiterea comunic\u0103rilor promo\u021bionale, datele personale necesare pentru realizarea scopului respectiv, vor fi stocate p\u00een\u0103 la retragerea consim\u021b\u0103m\u00e2ntului de c\u0103tre cump\u0103r\u0103tor, prin transmiterea unei notific\u0103ri pe adresa de e-mail: goosemoldov@gmail.com<\/span><\/p>\n<p><span style=\"font-weight: 400;\">\u00cens\u0103, dac\u0103 va exista o obliga\u021bie legal\u0103 sau un interes legitim al operatorului, termenele de stocare men\u021bionate mai sus, pot fi modificate.<\/span><\/p>\n<p><span style=\"font-weight: 400;\">Divulgarea datelor personale<\/span><\/p>\n<p><span style=\"font-weight: 400;\">Operatorul va divulga datele personale colectate subiectului de date sau reprezentantului legal al acestuia, Autorit\u0103\u021bilor, institu\u021biilor de stat, \u00een cazul cererii motivate a acestora, precum \u0219i\u00a0 persoanelor \u00eemputernicite de c\u0103tre operator, sau altor ter\u021bi, \u00een conformitate cu prevederile legale, ce reglementeaz\u0103 domeniul protec\u021biei datelor cu caracter personal.<\/span><\/p>\n<p><span style=\"font-weight: 400;\">Drepturile cump\u0103r\u0103torului \u00een calitate de subiect de date personale<\/span><\/p>\n<p><span style=\"font-weight: 400;\">Suplimentar, v\u0103 inform\u0103m c\u0103 Dvs. dispune\u021bi de urm\u0103toarele drepturi prev\u0103zute de<\/span><\/p>\n<p><span style=\"font-weight: 400;\">Legea nr. 133\/2011 privind protec\u021bia datelor cu caracter personal:<\/span><\/p>\n<p><b>Dreptul la informare,<\/b><span style=\"font-weight: 400;\">\u00a0const\u0103 \u00een dreptul de a fi informat cu privire la identitatea operatorului, scopul \u00een care se face prelucrarea datelor, destinatarii sau categoriile de destinatari ai datelor, existen\u021ba drepturilor prev\u0103zute de Legea privind protec\u021bia datelor cu caracter personal, precum \u0219i condi\u021biile \u00een care pot fi exercitate.<\/span><\/p>\n<p><b>Dreptul de acces<\/b><span style=\"font-weight: 400;\">\u00a0<\/span><b>la date,<\/b><span style=\"font-weight: 400;\">\u00a0const\u0103 \u00een dreptul de a ob\u021bine de la operator \u00een temeiul unei cereri, confirmarea\/infirmarea faptului dac\u0103 datele cu caracter personal care-l vizeaz\u0103 au fost sau nu prelucrate precum \u0219i a informa\u021biilor ce vizeaz\u0103 dreptul la informare.<\/span><\/p>\n<p><b>Dreptul de interven\u021bie<\/b><span style=\"font-weight: 400;\">\u00a0const\u0103 \u00een dreptul de a ob\u021bine \u00een baza unei cereri, rectificarea, actualizarea, blocarea, \u0219tergerea sau transformarea \u00een date anonime a datelor a c\u0103ror prelucrare nu este conform\u0103 cu cerin\u021bele Legii privind protec\u021bia datelor cu caracter personal, \u00een special a datelor incomplete sau inexacte.<\/span><\/p>\n<p><b>Dreptul de opozi\u021bie<\/b><span style=\"font-weight: 400;\">\u00a0const\u0103 \u00een dreptul de a se opune \u00een orice moment, din motive \u00eentemeiate \u0219i legitime legate de situa\u021bia sa particular\u0103, c\u0103 datele care \u00eel vizeaz\u0103 s\u0103 fac\u0103 obiectul unei prelucr\u0103ri, cu excep\u021bia cazurilor \u00een care exist\u0103 dispozi\u021bii legale care prev\u0103d altfel.<\/span><\/p>\n<p><b>Dreptul de a nu fi supus unei decizii individuale<\/b><span style=\"font-weight: 400;\">, const\u0103 \u00een dreptul de a cere \u0219i de a ob\u021bine retragerea, anularea sau reevaluarea oric\u0103rei decizii care produce efecte juridice \u00een privin\u021ba subiectului de date cu caracter personal, adoptat\u0103 exclusiv pe baza unei prelucr\u0103ri automatizate de date, destinat\u0103 s\u0103 evalueze unele aspecte ale personalit\u0103\u021bii sale, precum competen\u021ba profesional\u0103, credibilitatea, comportamentul ori alte asemenea aspecte.<\/span><\/p>\n<p><b>Dreptul la justi\u021bie,<\/b><span style=\"font-weight: 400;\">\u00a0const\u0103 \u00een dreptul de a se adresa Centrului Na\u021bional pentru Protec\u021bia Datelor cu Caracter Personal sau instan\u021bei de judecat\u0103, pentru ap\u0103rarea oric\u0103ror drepturi garantate de Legea privind protec\u021bia datelor cu caracter personal.<\/span><\/p>\n<p><b>Dreptul de a cere restric\u021bionarea<\/b><span style=\"font-weight: 400;\">\u00a0<\/span><b>prelucr\u0103rii datelor<\/b><span style=\"font-weight: 400;\">, care const\u0103 \u00een posibilitatea solicit\u0103rii operatorului de date de a conserva (a p\u0103stra intact anumite categorii sau volum de date) pentru pentru perioada de timp care se justific\u0103 din punct de vedere a scopului dreptului vizat.<\/span><\/p>\n<p><b>Dreptul de a nu face parte la luarea deciziilor automatizate\/profilarea automat\u0103 \u2013\u00a0<\/b><span style=\"font-weight: 400;\">const\u0103 \u00een dreptul subiectului de date de a cere operatorului revizuirea procesului automatizat de prelucrarea datelor cu caracter personal \u00een vedere \u00eencet\u0103rii cre\u0103rii de profiluri sau a deciziilor automatizate.<\/span><\/p>\n<p><b>Dreptul la \u0219tergerea datelor personale<\/b><span style=\"font-weight: 400;\">, la cererea dumneavoastr\u0103, pute\u021bi solicita \u00een orice moment \u0219tergerea datelor cu caracter personal daca:<\/span><span style=\"font-weight: 400;\"><br \/>\n<\/span><span style=\"font-weight: 400;\">&#8211; acestea nu mai sunt necesare pentru scopurile pentru care au fost colectate; sau<\/span><span style=\"font-weight: 400;\"><br \/>\n<\/span><span style=\"font-weight: 400;\">&#8211; v-ati retras consimtamantul (in cazul in care prelucrarea datelor se baza pe consimtamant); sau<\/span><span style=\"font-weight: 400;\"><br \/>\n<\/span><span style=\"font-weight: 400;\">&#8211; dati curs unui drept legal de a va opune; sau<\/span><span style=\"font-weight: 400;\"><br \/>\n<\/span><span style=\"font-weight: 400;\">&#8211; acestea au fost prelucrate ilegal; sau<\/span><span style=\"font-weight: 400;\"><br \/>\n<\/span><span style=\"font-weight: 400;\">&#8211; ne revine o obligatie legala in acest sens.<\/span><\/p>\n<p><span style=\"font-weight: 400;\">Two Goose nu are dreptul de a refuza solicitarea dumneavoastr\u0103. Pentru a solicita \u0219tergerea datelor cu caracter personal, trebuie s\u0103 contacta\u021bi responsabilul \u00a0Two Goose pentru protec\u021bia datelor prin <\/span><span style=\"font-weight: 400;\">una dintre urm\u0103toarele modalit\u0103\u021bi:<\/span><span style=\"font-weight: 400;\"><br \/>\n<\/span><span style=\"font-weight: 400;\">&#8211; prin e-mail la adresa: \u00a0goosemoldova@gmail.com<\/span><span style=\"font-weight: 400;\"><br \/>\n<\/span><span style=\"font-weight: 400;\">&#8211; prin telefon la num\u0103rul 079 510510<\/span><\/p>\n<p><span style=\"font-weight: 400;\">Responsabilul pentru protec\u021bia datelor cu caracter personal<\/span><\/p>\n<p><span style=\"font-weight: 400;\">Operatorul a desemnat o persoan\u0103 responsabil\u0103 de asigurarea respect\u0103rii prevederilor legale, \u00een cadrul procesului de prelucrare a datelor personale, precum \u0219i de a asigura asisten\u021b\u0103 cump\u0103r\u0103torilor \u00een caz de necesitate, informare sau realizare a drepturilor acestuia \u00een calitate de subiect de date personale.<\/span><\/p>\n<p><span style=\"font-weight: 400;\">\u00cen acest sens, cump\u0103r\u0103torul dac\u0103 are neclarit\u0103\u021bi, reclama\u021bii, preten\u021bii referitor la modul de prelucrare a datelor sale personale, acesta poate contacta responsabilul pentru protec\u021bia datelor cu caracter personal la adresa de e-mail: goosemoldova@gmail.com<\/span><\/p>\n\n\t\t<\/div>\n\t<\/div>\n<\/div><\/div><\/div><\/div>\n<\/div>","protected":false},"excerpt":{"rendered":"POLITIC\u0102 DE PRELUCRARE A DATELOR CU CARACTER PERSONAL Identitatea operatorului de date personale SC \u00abTwo Goose\u00bb SRL., IDNO 1014600022686, cu","protected":false},"author":340,"featured_media":0,"parent":0,"menu_order":0,"comment_status":"closed","ping_status":"closed","template":"","meta":{"_monsterinsights_skip_tracking":false,"_monsterinsights_sitenote_active":false,"_monsterinsights_sitenote_note":"","_monsterinsights_sitenote_category":0,"footnotes":""},"class_list":["post-232901","page","type-page","status-publish","hentry"],"_links":{"self":[{"href":"https:\/\/toystoys.md\/ru\/wp-json\/wp\/v2\/pages\/232901","targetHints":{"allow":["GET"]}}],"collection":[{"href":"https:\/\/toystoys.md\/ru\/wp-json\/wp\/v2\/pages"}],"about":[{"href":"https:\/\/toystoys.md\/ru\/wp-json\/wp\/v2\/types\/page"}],"author":[{"embeddable":true,"href":"https:\/\/toystoys.md\/ru\/wp-json\/wp\/v2\/users\/340"}],"replies":[{"embeddable":true,"href":"https:\/\/toystoys.md\/ru\/wp-json\/wp\/v2\/comments?post=232901"}],"version-history":[{"count":2,"href":"https:\/\/toystoys.md\/ru\/wp-json\/wp\/v2\/pages\/232901\/revisions"}],"predecessor-version":[{"id":232903,"href":"https:\/\/toystoys.md\/ru\/wp-json\/wp\/v2\/pages\/232901\/revisions\/232903"}],"wp:attachment":[{"href":"https:\/\/toystoys.md\/ru\/wp-json\/wp\/v2\/media?parent=232901"}],"curies":[{"name":"wp","href":"https:\/\/api.w.org\/{rel}","templated":true}]}}