{"id":38068,"date":"2020-04-24T12:31:28","date_gmt":"2020-04-24T12:31:28","guid":{"rendered":"https:\/\/toystoys.md\/?post_type=product&#038;p=38068"},"modified":"2025-05-16T09:14:00","modified_gmt":"2025-05-16T07:14:00","slug":"leagan-mare-pilsan","status":"publish","type":"product","link":"http:\/\/toystoys.md\/ru\/shop\/leagan-mare-pilsan\/","title":{"rendered":"Leagan MARE Pilsan"},"content":{"rendered":"<p>Acest scaun basculant este recomandat copiilor de la 1 an, \u00een timp ce greutatea maxim\u0103 a copilului nu este limitat\u0103. Este format din dou\u0103 p\u0103r\u021bi principale \u2013 un scaun modelat cu laturi \u0219i sp\u0103tar cu m\u00e2ner al limitatorului deta\u0219abil, cu o montare \u00een 3 puncte \u0219i un clopot. Este inclus\u0103 \u0219i o centur\u0103 de siguran\u021b\u0103.<\/p>\n<p>Are un aspect elegant, o construc\u021bie solid\u0103 \u0219i un design ergonomic, este rezistent la orice precipita\u021bii, nu se estompeaz\u0103 la soare, este u\u0219or de cur\u0103\u021bat \u0219i nu necesit\u0103 \u00eengrijiri suplimentare.<\/p>\n<p>Sunt confec\u021bionate din materiale ecologice, nu provoac\u0103 alergii, sunt inodor \u0219i complet sigure pentru s\u0103n\u0103tatea copilului.<\/p>","protected":false},"excerpt":{"rendered":"<p>06130<\/p>","protected":false},"featured_media":38071,"comment_status":"closed","ping_status":"closed","template":"","meta":{"_monsterinsights_skip_tracking":false,"_monsterinsights_sitenote_active":false,"_monsterinsights_sitenote_note":"","_monsterinsights_sitenote_category":0},"product_brand":[],"product_cat":[55,1141,1072,33,1051],"product_tag":[],"class_list":{"0":"post-38068","1":"product","2":"type-product","3":"status-publish","4":"has-post-thumbnail","6":"product_cat-toate-produsele","7":"product_cat-produse-pentru-bebelusi","8":"product_cat-leagane-si-balansoare","9":"product_cat-biciclete-si-jocuri-in-aer-liber","10":"product_cat-complexe-de-joaca","12":"first","13":"outofstock","14":"shipping-taxable","15":"purchasable","16":"product-type-simple"},"_links":{"self":[{"href":"http:\/\/toystoys.md\/ru\/wp-json\/wp\/v2\/product\/38068","targetHints":{"allow":["GET"]}}],"collection":[{"href":"http:\/\/toystoys.md\/ru\/wp-json\/wp\/v2\/product"}],"about":[{"href":"http:\/\/toystoys.md\/ru\/wp-json\/wp\/v2\/types\/product"}],"replies":[{"embeddable":true,"href":"http:\/\/toystoys.md\/ru\/wp-json\/wp\/v2\/comments?post=38068"}],"wp:featuredmedia":[{"embeddable":true,"href":"http:\/\/toystoys.md\/ru\/wp-json\/wp\/v2\/media\/38071"}],"wp:attachment":[{"href":"http:\/\/toystoys.md\/ru\/wp-json\/wp\/v2\/media?parent=38068"}],"wp:term":[{"taxonomy":"product_brand","embeddable":true,"href":"http:\/\/toystoys.md\/ru\/wp-json\/wp\/v2\/product_brand?post=38068"},{"taxonomy":"product_cat","embeddable":true,"href":"http:\/\/toystoys.md\/ru\/wp-json\/wp\/v2\/product_cat?post=38068"},{"taxonomy":"product_tag","embeddable":true,"href":"http:\/\/toystoys.md\/ru\/wp-json\/wp\/v2\/product_tag?post=38068"}],"curies":[{"name":"wp","href":"https:\/\/api.w.org\/{rel}","templated":true}]}}