{"id":33378,"date":"2020-04-21T15:56:49","date_gmt":"2020-04-21T15:56:49","guid":{"rendered":"https:\/\/toystoys.md\/?post_type=product&#038;p=33378"},"modified":"2025-07-21T16:09:15","modified_gmt":"2025-07-21T14:09:15","slug":"joc-de-masa-domino-double-9-tactic","status":"publish","type":"product","link":"http:\/\/toystoys.md\/ru\/shop\/joc-de-masa-domino-double-9-tactic\/","title":{"rendered":"\u041d\u0430\u0441\u0442\u043e\u043b\u044c\u043d\u0430\u044f \u0438\u0433\u0440\u0430 Domino Double 9 Tactic"},"content":{"rendered":"<p>\u0414\u043e\u043c\u0438\u043d\u043e - \u043a\u043b\u0430\u0441\u0441\u0438\u0447\u0435\u0441\u043a\u0430\u044f \u0438\u0433\u0440\u0430, \u043b\u044e\u0431\u0438\u043c\u0430\u044f \u043c\u043d\u043e\u0433\u0438\u043c\u0438 \u043f\u043e\u043a\u043e\u043b\u0435\u043d\u0438\u044f\u043c\u0438 \u0438\u0433\u0440\u043e\u043a\u043e\u0432, \u0433\u043b\u0430\u0432\u043d\u0430\u044f \u0438\u0434\u0435\u044f \u043a\u043e\u0442\u043e\u0440\u043e\u0439 \u2014 \u0441\u043a\u043e\u0440\u0435\u0435 \u0438\u0437\u0431\u0430\u0432\u0438\u0442\u044c\u0441\u044f \u043e\u0442 \u0432\u0441\u0435\u0445 \u0441\u0432\u043e\u0438\u0445 \u043a\u043e\u0441\u0442\u043e\u0447\u0435\u043a \u0438\u043b\u0438 \u0445\u043e\u0442\u044f \u0431\u044b \u043f\u043e\u0441\u0442\u0430\u0440\u0430\u0442\u044c\u0441\u044f, \u0447\u0442\u043e\u0431\u044b \u043d\u0430 \u0440\u0443\u043a\u0430\u0445 \u043e\u0441\u0442\u0430\u043b\u0438\u0441\u044c \u043a\u043e\u0441\u0442\u043e\u0447\u043a\u0438 \u043a\u0430\u043a \u043c\u043e\u0436\u043d\u043e \u043c\u0435\u043d\u044c\u0448\u0435\u0433\u043e \u043d\u043e\u043c\u0438\u043d\u0430\u043b\u0430.<\/p>\n<p>\u0412 \u0441\u0442\u0438\u043b\u044c\u043d\u043e\u0439 \u0438 \u0443\u0434\u043e\u0431\u043d\u043e\u0439 \u043c\u0435\u0442\u0430\u043b\u043b\u0438\u0447\u0435\u0441\u043a\u043e\u0439 \u043a\u043e\u0440\u043e\u0431\u043a\u0435 \u0441 \u043e\u043a\u043e\u0448\u043a\u043e\u043c \u043d\u0430\u0445\u043e\u0434\u0438\u043c \u0441\u0442\u0430\u043d\u0434\u0430\u0440\u0442\u043d\u044b\u0439 \u043d\u0430\u0431\u043e\u0440 \u0434\u043e\u043c\u0438\u043d\u043e: 55 \u043a\u043e\u0441\u0442\u043e\u0447\u0435\u043a \u0438 \u043f\u0440\u0430\u0432\u0438\u043b\u0430 \u0438\u0433\u0440\u044b.<br \/>\n\u0420\u0435\u043a\u043e\u043c\u0435\u043d\u0434\u0443\u0435\u043c\u044b\u0439 \u0432\u043e\u0437\u0440\u0430\u0441\u0442: \u043e\u0442 7 \u043b\u0435\u0442.<br \/>\n\u0420\u0430\u0437\u043c\u0435\u0440: 11.5 x 19 x 7.4 \u0441\u043c.<\/p>","protected":false},"excerpt":{"rendered":"<p>Domino\u00a0este un joc clasic \u00eendr\u0103git de multe genera\u021bii de juc\u0103tori, a c\u0103rui idee principal\u0103 este s\u0103 scape de toate oasele<\/p>","protected":false},"featured_media":174950,"comment_status":"closed","ping_status":"closed","template":"..\/public\/views\/revslider-page-template.php","meta":{"_monsterinsights_skip_tracking":false,"_monsterinsights_sitenote_active":false,"_monsterinsights_sitenote_note":"","_monsterinsights_sitenote_category":0},"product_brand":[],"product_cat":[55,1137,1142],"product_tag":[],"class_list":{"0":"post-33378","1":"product","2":"type-product","3":"status-publish","4":"has-post-thumbnail","6":"product_cat-toate-produsele","7":"product_cat-jucarii","8":"product_cat-jocuri-de-masa","10":"first","11":"instock","12":"shipping-taxable","13":"purchasable","14":"product-type-simple"},"_links":{"self":[{"href":"http:\/\/toystoys.md\/ru\/wp-json\/wp\/v2\/product\/33378","targetHints":{"allow":["GET"]}}],"collection":[{"href":"http:\/\/toystoys.md\/ru\/wp-json\/wp\/v2\/product"}],"about":[{"href":"http:\/\/toystoys.md\/ru\/wp-json\/wp\/v2\/types\/product"}],"replies":[{"embeddable":true,"href":"http:\/\/toystoys.md\/ru\/wp-json\/wp\/v2\/comments?post=33378"}],"wp:featuredmedia":[{"embeddable":true,"href":"http:\/\/toystoys.md\/ru\/wp-json\/wp\/v2\/media\/174950"}],"wp:attachment":[{"href":"http:\/\/toystoys.md\/ru\/wp-json\/wp\/v2\/media?parent=33378"}],"wp:term":[{"taxonomy":"product_brand","embeddable":true,"href":"http:\/\/toystoys.md\/ru\/wp-json\/wp\/v2\/product_brand?post=33378"},{"taxonomy":"product_cat","embeddable":true,"href":"http:\/\/toystoys.md\/ru\/wp-json\/wp\/v2\/product_cat?post=33378"},{"taxonomy":"product_tag","embeddable":true,"href":"http:\/\/toystoys.md\/ru\/wp-json\/wp\/v2\/product_tag?post=33378"}],"curies":[{"name":"wp","href":"https:\/\/api.w.org\/{rel}","templated":true}]}}