{"id":2215,"date":"2020-04-02T21:25:29","date_gmt":"2020-04-02T21:25:29","guid":{"rendered":"https:\/\/toystoys.md\/?post_type=product&#038;p=2215"},"modified":"2026-03-12T10:02:36","modified_gmt":"2026-03-12T08:02:36","slug":"lego-duplo-cutie-in-forma-de-caramida","status":"publish","type":"product","link":"http:\/\/toystoys.md\/ru\/shop\/lego-duplo-cutie-in-forma-de-caramida\/","title":{"rendered":"LEGO DUPLO Cutie \u00een form\u0103 de c\u0103r\u0103mid\u0103 10913"},"content":{"rendered":"","protected":false},"excerpt":{"rendered":"<p>Construind \u0219i juc\u00e2ndu-se cu aceast\u0103 combina\u021bie de c\u0103r\u0103mizi \u0219i piese LEGO\u00ae DUPLO\u00ae, micul t\u0103u constructor \u00ee\u0219i va dezvolta g\u00e2ndirea creativ\u0103, abilit\u0103\u021bi motorii fine \u0219i con\u0219tinetizarea vizual-spa\u021bial\u0103.<\/p>\n<p>10913<\/p>","protected":false},"featured_media":99900,"comment_status":"closed","ping_status":"closed","template":"","meta":{"_monsterinsights_skip_tracking":false,"_monsterinsights_sitenote_active":false,"_monsterinsights_sitenote_note":"","_monsterinsights_sitenote_category":0},"product_brand":[],"product_cat":[288,264,55],"product_tag":[],"class_list":{"0":"post-2215","1":"product","2":"type-product","3":"status-publish","4":"has-post-thumbnail","6":"product_cat-lego","7":"product_cat-lego-duplo","8":"product_cat-toate-produsele","10":"first","11":"instock","12":"shipping-taxable","13":"purchasable","14":"product-type-simple"},"_links":{"self":[{"href":"http:\/\/toystoys.md\/ru\/wp-json\/wp\/v2\/product\/2215","targetHints":{"allow":["GET"]}}],"collection":[{"href":"http:\/\/toystoys.md\/ru\/wp-json\/wp\/v2\/product"}],"about":[{"href":"http:\/\/toystoys.md\/ru\/wp-json\/wp\/v2\/types\/product"}],"replies":[{"embeddable":true,"href":"http:\/\/toystoys.md\/ru\/wp-json\/wp\/v2\/comments?post=2215"}],"wp:featuredmedia":[{"embeddable":true,"href":"http:\/\/toystoys.md\/ru\/wp-json\/wp\/v2\/media\/99900"}],"wp:attachment":[{"href":"http:\/\/toystoys.md\/ru\/wp-json\/wp\/v2\/media?parent=2215"}],"wp:term":[{"taxonomy":"product_brand","embeddable":true,"href":"http:\/\/toystoys.md\/ru\/wp-json\/wp\/v2\/product_brand?post=2215"},{"taxonomy":"product_cat","embeddable":true,"href":"http:\/\/toystoys.md\/ru\/wp-json\/wp\/v2\/product_cat?post=2215"},{"taxonomy":"product_tag","embeddable":true,"href":"http:\/\/toystoys.md\/ru\/wp-json\/wp\/v2\/product_tag?post=2215"}],"curies":[{"name":"wp","href":"https:\/\/api.w.org\/{rel}","templated":true}]}}