{"id":218811,"date":"2025-03-23T22:19:51","date_gmt":"2025-03-23T20:19:51","guid":{"rendered":"https:\/\/toystoys.md\/?post_type=product&#038;p=218811"},"modified":"2025-03-23T22:19:59","modified_gmt":"2025-03-23T20:19:59","slug":"amidon-de-orez-pur-pentru-baie-350-g","status":"publish","type":"product","link":"http:\/\/toystoys.md\/ru\/shop\/amidon-de-orez-pur-pentru-baie-350-g\/","title":{"rendered":"\u0427\u0438\u0441\u0442\u044b\u0439 \u0440\u0438\u0441\u043e\u0432\u044b\u0439 \u043a\u0440\u0430\u0445\u043c\u0430\u043b \u0434\u043b\u044f \u0432\u0430\u043d\u043d 350 \u0433"},"content":{"rendered":"<p>\u041f\u043e\u043c\u043e\u0433\u0430\u0435\u0442 \u0441\u043e\u0445\u0440\u0430\u043d\u0438\u0442\u044c \u043a\u043e\u0436\u0443 \u0432\u0441\u0435\u0433\u043e \u0442\u0435\u043b\u0430 \u043c\u044f\u0433\u043a\u043e\u0439 \u0438 \u0431\u0430\u0440\u0445\u0430\u0442\u0438\u0441\u0442\u043e\u0439. \u0418\u0434\u0435\u0430\u043b\u044c\u043d\u043e \u043f\u043e\u0434\u0445\u043e\u0434\u0438\u0442 \u0434\u043b\u044f \u0447\u0443\u0432\u0441\u0442\u0432\u0438\u0442\u0435\u043b\u044c\u043d\u043e\u0439 \u0438 \u043d\u0435\u0436\u043d\u043e\u0439 \u043a\u043e\u0436\u0438, \u043e\u0441\u043e\u0431\u0435\u043d\u043d\u043e \u043d\u043e\u0432\u043e\u0440\u043e\u0436\u0434\u0435\u043d\u043d\u044b\u0445, \u0434\u0435\u0442\u0435\u0439 \u0438 \u043f\u043e\u0436\u0438\u043b\u044b\u0445 \u043b\u044e\u0434\u0435\u0439. \u0411\u043b\u0430\u0433\u043e\u0434\u0430\u0440\u044f \u0441\u0432\u043e\u0438\u043c \u0430\u0431\u0441\u043e\u0440\u0431\u0438\u0440\u0443\u044e\u0449\u0438\u043c \u0441\u0432\u043e\u0439\u0441\u0442\u0432\u0430\u043c \u043e\u0441\u043e\u0431\u0435\u043d\u043d\u043e \u043f\u043e\u0434\u0445\u043e\u0434\u0438\u0442 \u0432 \u0436\u0430\u0440\u043a\u043e\u0435 \u0432\u0440\u0435\u043c\u044f \u0433\u043e\u0434\u0430, \u043f\u0440\u0438 \u0440\u0430\u0437\u0434\u0440\u0430\u0436\u0435\u043d\u0438\u044f\u0445 \u0438 \u0441\u043e\u043b\u043d\u0435\u0447\u043d\u044b\u0445 \u043e\u0436\u043e\u0433\u0430\u0445 (\u0441\u0443\u0434\u0430\u043c\u0438\u043d).<\/p>\n<p><strong>\u0420\u0415\u041a\u041e\u041c\u0415\u041d\u0414\u0423\u0415\u041c\u042b\u0419 \u0414\u041b\u042f:<br \/>\n<\/strong>\u00a0&#8211; Baia nou-n\u0103scu\u021bilor, copiilor \u0219i persoanelor \u00een v\u00e2rst\u0103<br \/>\n\u2013 \u041f\u043e\u043c\u043e\u0433\u0430\u0435\u0442 \u043d\u043e\u0440\u043c\u0430\u043b\u0438\u0437\u043e\u0432\u0430\u0442\u044c \u043f\u043e\u043a\u0440\u0430\u0441\u043d\u0435\u043d\u0438\u044f \u043a\u043e\u0436\u0438<br \/>\n\u2013 \u0421\u043e\u0445\u0440\u0430\u043d\u044f\u0435\u0442 \u043a\u043e\u0436\u0443 \u0432\u0441\u0435\u0433\u043e \u0442\u0435\u043b\u0430 \u043c\u044f\u0433\u043a\u043e\u0439 \u0438 \u0431\u0430\u0440\u0445\u0430\u0442\u0438\u0441\u0442\u043e\u0439<br \/>\n&#8211; Alin\u0103 m\u00e2nc\u0103rimea pielii<br \/>\n&#8211; O baie pl\u0103cut\u0103, tonifiant\u0103 \u0219i relaxant\u0103<\/p>","protected":false},"excerpt":{"rendered":"<p>Scufundat \u00een apa de baie, ajut\u0103 la men\u021binerea pielii \u00eentregului corp moale \u0219i catifelat\u0103. Favorizeaz\u0103 propriet\u0103\u021bile lenitive, revigorante \u0219i lini\u0219titoare;<\/p>","protected":false},"featured_media":218812,"comment_status":"closed","ping_status":"closed","template":"..\/public\/views\/revslider-page-template.php","meta":{"_monsterinsights_skip_tracking":false,"_monsterinsights_sitenote_active":false,"_monsterinsights_sitenote_note":"","_monsterinsights_sitenote_category":0},"product_brand":[],"product_cat":[55,1141,50,1105,1102],"product_tag":[],"class_list":{"0":"post-218811","1":"product","2":"type-product","3":"status-publish","4":"has-post-thumbnail","6":"product_cat-toate-produsele","7":"product_cat-produse-pentru-bebelusi","8":"product_cat-iginina","9":"product_cat-produse-pentru-baie","10":"product_cat-produse-cosmetice-pentru-ingrijirea-pielii","12":"first","13":"instock","14":"shipping-taxable","15":"purchasable","16":"product-type-simple"},"_links":{"self":[{"href":"http:\/\/toystoys.md\/ru\/wp-json\/wp\/v2\/product\/218811","targetHints":{"allow":["GET"]}}],"collection":[{"href":"http:\/\/toystoys.md\/ru\/wp-json\/wp\/v2\/product"}],"about":[{"href":"http:\/\/toystoys.md\/ru\/wp-json\/wp\/v2\/types\/product"}],"replies":[{"embeddable":true,"href":"http:\/\/toystoys.md\/ru\/wp-json\/wp\/v2\/comments?post=218811"}],"wp:featuredmedia":[{"embeddable":true,"href":"http:\/\/toystoys.md\/ru\/wp-json\/wp\/v2\/media\/218812"}],"wp:attachment":[{"href":"http:\/\/toystoys.md\/ru\/wp-json\/wp\/v2\/media?parent=218811"}],"wp:term":[{"taxonomy":"product_brand","embeddable":true,"href":"http:\/\/toystoys.md\/ru\/wp-json\/wp\/v2\/product_brand?post=218811"},{"taxonomy":"product_cat","embeddable":true,"href":"http:\/\/toystoys.md\/ru\/wp-json\/wp\/v2\/product_cat?post=218811"},{"taxonomy":"product_tag","embeddable":true,"href":"http:\/\/toystoys.md\/ru\/wp-json\/wp\/v2\/product_tag?post=218811"}],"curies":[{"name":"wp","href":"https:\/\/api.w.org\/{rel}","templated":true}]}}