{"id":208145,"date":"2024-10-28T15:25:16","date_gmt":"2024-10-28T13:25:16","guid":{"rendered":"https:\/\/toystoys.md\/?post_type=product&#038;p=208145"},"modified":"2024-10-28T15:27:11","modified_gmt":"2024-10-28T13:27:11","slug":"jucarie-de-plus-super-moale-in-asort-hug-a-lumps-zuru","status":"publish","type":"product","link":"http:\/\/toystoys.md\/ru\/shop\/jucarie-de-plus-super-moale-in-asort-hug-a-lumps-zuru\/","title":{"rendered":"\u0421\u0443\u043f\u0435\u0440\u043c\u044f\u0433\u043a\u0430\u044f \u043f\u043b\u044e\u0448\u0435\u0432\u0430\u044f \u0438\u0433\u0440\u0443\u0448\u043a\u0430, \u0432 \u0430\u0441\u0441\u043e\u0440\u0442\u0438\u043c\u0435\u043d\u0442\u0435 Hug a Lumps ZURU"},"content":{"rendered":"<p>\u041f\u043e\u0433\u0440\u0443\u0437\u0438\u0442\u0435\u0441\u044c \u0432 \u0441\u0442\u0440\u0430\u043d\u0443 \u043e\u0431\u044a\u044f\u0442\u0438\u0439 \u0441 \u044d\u0442\u043e\u0439 \u0443\u0442\u044f\u0436\u0435\u043b\u0435\u043d\u043d\u043e\u0439 \u043c\u044f\u0433\u043a\u043e\u0439 \u0438\u0433\u0440\u0443\u0448\u043a\u043e\u0439 Hug-A-Lumps \u043e\u0442 ZURU!<\/p>\n<p>\u0412\u043e\u0437\u044c\u043c\u0438\u0442\u0435 \u043e\u0434\u043d\u043e\u0433\u043e \u0438\u0437 8 \u0443\u043b\u044c\u0442\u0440\u0430\u043c\u0438\u043b\u044b\u0445 \u043f\u0435\u0440\u0441\u043e\u043d\u0430\u0436\u0435\u0439, \u043a\u0430\u0436\u0434\u044b\u0439 \u0432\u0435\u0441\u043e\u043c 1,5 \u043a\u0433 \u0438 \u0441\u043e\u0437\u0434\u0430\u044e\u0449\u0438\u0439 \u0443\u043b\u044c\u0442\u0440\u0430\u043a\u043e\u043c\u0444\u043e\u0440\u0442\u043d\u044b\u0439 \u044d\u0444\u0444\u0435\u043a\u0442. \u0412\u044b\u0431\u0435\u0440\u0435\u0442\u0435 \u043b\u0438 \u0432\u044b \u0433\u0443\u0441\u044f \u041c\u0430\u0432\u0435\u0440\u0438\u043a\u0430, \u043a\u0440\u043e\u043b\u0438\u043a\u0430 \u0425\u0435\u0439\u0437\u0435\u043b \u0438\u043b\u0438, \u043c\u043e\u0436\u0435\u0442 \u0431\u044b\u0442\u044c, \u0443\u0442\u043a\u0443 \u0411\u0435\u0439\u043b\u0438? \u0418\u0437\u0433\u043e\u0442\u043e\u0432\u043b\u0435\u043d\u043d\u044b\u0435 \u0438\u0437 \u0441\u0443\u043f\u0435\u0440\u043c\u044f\u0433\u043a\u0438\u0445 \u0438 \u043f\u043b\u044e\u0448\u0435\u0432\u044b\u0445 \u043c\u0430\u0442\u0435\u0440\u0438\u0430\u043b\u043e\u0432, Hug-A-Lumps \u2014 \u0432\u0430\u0448 \u0431\u0438\u043b\u0435\u0442 \u0432 \u0430\u043d\u0442\u0438\u0441\u0442\u0440\u0435\u0441\u0441\u043e\u0432\u0443\u044e \u0441\u0442\u0440\u0430\u043d\u0443 \u0447\u0443\u0434\u0435\u0441! \u041a\u043e\u0433\u0434\u0430 \u0432\u0430\u043c \u043d\u0443\u0436\u043d\u043e \u043f\u0440\u0438\u0436\u0430\u0442\u044c\u0441\u044f, \u043f\u0440\u0438\u0436\u043c\u0438\u0442\u0435 Hug-A-Lumps!<\/p>\n<p>\u041e\u043f\u0438\u0441\u0430\u043d\u0438\u0435 \u0442\u043e\u0432\u0430\u0440\u0430:<br \/>\n\u0412 \u043a\u043e\u043c\u043f\u043b\u0435\u043a\u0442 \u0432\u0445\u043e\u0434\u0438\u0442: 1 \u043c\u044f\u0433\u043a\u0430\u044f \u0438\u0433\u0440\u0443\u0448\u043a\u0430-\u0443\u0442\u044f\u0436\u0435\u043b\u0438\u0442\u0435\u043b\u044c Hug-A-Lumps \u043e\u0442 ZURU<br \/>\n\u042d\u0442\u0438 \u0441\u0443\u043f\u0435\u0440\u043c\u044f\u0433\u043a\u0438\u0435 \u0438 \u043f\u0440\u0438\u044f\u0442\u043d\u044b\u0435 \u043d\u0430 \u043e\u0449\u0443\u043f\u044c \u043f\u043b\u044e\u0448\u0435\u0432\u044b\u0435 \u0438\u0433\u0440\u0443\u0448\u043a\u0438 \u043e\u043a\u0430\u0437\u044b\u0432\u0430\u044e\u0442 \u0443\u0441\u043f\u043e\u043a\u0430\u0438\u0432\u0430\u044e\u0449\u0435\u0435 \u0430\u043d\u0442\u0438\u0441\u0442\u0440\u0435\u0441\u0441\u043e\u0432\u043e\u0435 \u0434\u0435\u0439\u0441\u0442\u0432\u0438\u0435.<br \/>\nHug-A-Lumps \u0431\u044b\u043b\u0438 \u0441\u043e\u0437\u0434\u0430\u043d\u044b \u0434\u043b\u044f \u0442\u043e\u0433\u043e, \u0447\u0442\u043e\u0431\u044b \u0441\u043e\u0437\u0434\u0430\u0442\u044c \u043d\u0435\u043f\u0440\u0435\u0432\u0437\u043e\u0439\u0434\u0435\u043d\u043d\u044b\u0435 \u043e\u0449\u0443\u0449\u0435\u043d\u0438\u044f \u043e\u0442 \u043e\u0431\u044a\u044f\u0442\u0438\u0439 \u0441 \u043c\u0430\u043a\u0441\u0438\u043c\u0430\u043b\u044c\u043d\u044b\u043c \u043a\u043e\u043c\u0444\u043e\u0440\u0442\u043e\u043c \u0438 \u0443\u044e\u0442\u043e\u043c!<br \/>\n\u041a\u0430\u0436\u0434\u044b\u0439 Hug-A-Lump \u0432\u0435\u0441\u0438\u0442 1,5 \u043a\u0433.<br \/>\n\u041f\u0440\u0438\u043c\u0435\u0440\u043d\u044b\u0435 \u0440\u0430\u0437\u043c\u0435\u0440\u044b: 20 x 37 x 60 \u0441\u043c.<br \/>\n\u041f\u043e\u0434\u0445\u043e\u0434\u0438\u0442 \u0434\u043b\u044f \u0434\u0435\u0442\u0435\u0439 \u043e\u0442 3 \u043b\u0435\u0442.<\/p>","protected":false},"excerpt":{"rendered":"<p>Intr\u0103 \u00een \u021bara \u00eembr\u0103\u021bi\u0219\u0103rilor cu aceast\u0103 juc\u0103rie moale ponderat\u0103 Hug-A-Lumps de la ZURU! Lua\u021bi unul dintre cele 8 personaje extrem<\/p>","protected":false},"featured_media":208146,"comment_status":"closed","ping_status":"closed","template":"..\/public\/views\/revslider-page-template.php","meta":{"_monsterinsights_skip_tracking":false,"_monsterinsights_sitenote_active":false,"_monsterinsights_sitenote_note":"","_monsterinsights_sitenote_category":0},"product_brand":[],"product_cat":[1665,55,1137,46,1553,1551,1554],"product_tag":[],"class_list":{"0":"post-208145","1":"product","2":"type-product","3":"status-publish","4":"has-post-thumbnail","6":"product_cat-antistres-jucarii","7":"product_cat-toate-produsele","8":"product_cat-jucarii","9":"product_cat-jucarii-de-plus","10":"product_cat-altele","11":"product_cat-animale","12":"product_cat-jucarie-perna","14":"first","15":"instock","16":"shipping-taxable","17":"purchasable","18":"product-type-simple"},"_links":{"self":[{"href":"http:\/\/toystoys.md\/ru\/wp-json\/wp\/v2\/product\/208145","targetHints":{"allow":["GET"]}}],"collection":[{"href":"http:\/\/toystoys.md\/ru\/wp-json\/wp\/v2\/product"}],"about":[{"href":"http:\/\/toystoys.md\/ru\/wp-json\/wp\/v2\/types\/product"}],"replies":[{"embeddable":true,"href":"http:\/\/toystoys.md\/ru\/wp-json\/wp\/v2\/comments?post=208145"}],"wp:featuredmedia":[{"embeddable":true,"href":"http:\/\/toystoys.md\/ru\/wp-json\/wp\/v2\/media\/208146"}],"wp:attachment":[{"href":"http:\/\/toystoys.md\/ru\/wp-json\/wp\/v2\/media?parent=208145"}],"wp:term":[{"taxonomy":"product_brand","embeddable":true,"href":"http:\/\/toystoys.md\/ru\/wp-json\/wp\/v2\/product_brand?post=208145"},{"taxonomy":"product_cat","embeddable":true,"href":"http:\/\/toystoys.md\/ru\/wp-json\/wp\/v2\/product_cat?post=208145"},{"taxonomy":"product_tag","embeddable":true,"href":"http:\/\/toystoys.md\/ru\/wp-json\/wp\/v2\/product_tag?post=208145"}],"curies":[{"name":"wp","href":"https:\/\/api.w.org\/{rel}","templated":true}]}}