{"id":207191,"date":"2024-10-15T22:47:59","date_gmt":"2024-10-15T20:47:59","guid":{"rendered":"https:\/\/toystoys.md\/?post_type=product&#038;p=207191"},"modified":"2025-02-22T23:21:02","modified_gmt":"2025-02-22T21:21:02","slug":"set-de-joc-spalatoria-auto-ultra-shark-cu-masina-color-reveal-hot-wheels-mattel","status":"publish","type":"product","link":"http:\/\/toystoys.md\/ru\/shop\/set-de-joc-spalatoria-auto-ultra-shark-cu-masina-color-reveal-hot-wheels-mattel\/","title":{"rendered":"\u0418\u0433\u0440\u043e\u0432\u043e\u0439 \u043d\u0430\u0431\u043e\u0440 \u0410\u0432\u0442\u043e\u043c\u043e\u0439\u043a\u0430 Ultra Shark \u0441 \u043c\u0430\u0448\u0438\u043d\u043a\u043e\u0439 Color Reveal Hot Wheels MATTEL"},"content":{"rendered":"<p>\u041f\u043e\u0433\u0440\u0443\u0436\u0430\u0439\u0442\u0435\u0441\u044c \u0432 \u0443\u0432\u043b\u0435\u043a\u0430\u0442\u0435\u043b\u044c\u043d\u044b\u0439 \u043c\u0438\u0440 \u043c\u043e\u0435\u0447\u043d\u043e\u0433\u043e \u0442\u0440\u0435\u043a\u0430 Hot Wheels City Ultra Shark \u0438 \u043d\u0430\u0441\u043b\u0430\u0436\u0434\u0430\u0439\u0442\u0435\u0441\u044c \u0438\u043d\u0442\u0435\u0440\u0430\u043a\u0442\u0438\u0432\u043d\u043e\u0439 \u0438\u0433\u0440\u043e\u0439 \u0441 \u0438\u0437\u043c\u0435\u043d\u0435\u043d\u0438\u0435\u043c \u0446\u0432\u0435\u0442\u0430, \u0432\u0434\u043e\u0445\u043d\u043e\u0432\u043b\u0435\u043d\u043d\u043e\u0439 \u0441\u0435\u0440\u0438\u0430\u043b\u043e\u043c Netflix \u00abLet\u2019s Race!\u00bb<\/p>\n<p>\u0425\u0430\u0440\u0430\u043a\u0442\u0435\u0440\u0438\u0441\u0442\u0438\u043a\u0438:<br \/>\n- \u0418\u0433\u0440\u043e\u0432\u043e\u0439 \u043d\u0430\u0431\u043e\u0440 \u0441 \u0442\u0435\u043c\u043e\u0439 \u043c\u043e\u0439\u043a\u0438 \u043c\u0430\u0448\u0438\u043d \u0432\u043a\u043b\u044e\u0447\u0430\u0435\u0442 \u0440\u0435\u0430\u043b\u0438\u0441\u0442\u0438\u0447\u043d\u044b\u0435 \u0434\u0435\u0442\u0430\u043b\u0438, \u0442\u0430\u043a\u0438\u0435 \u043a\u0430\u043a \u043f\u0435\u043d\u043e\u043f\u043b\u0430\u0441\u0442\u043e\u0432\u044b\u0439 \u0432\u0430\u043b\u0438\u043a \u0438 \u043f\u043e\u0434\u0432\u0438\u0436\u043d\u044b\u0435 \u0432\u043e\u0440\u043e\u0442\u0430, \u0447\u0442\u043e \u043f\u043e\u0437\u0432\u043e\u043b\u044f\u0435\u0442 \u0441\u043e\u0437\u0434\u0430\u0432\u0430\u0442\u044c \u0443\u0432\u043b\u0435\u043a\u0430\u0442\u0435\u043b\u044c\u043d\u044b\u0435 \u0438\u0441\u0442\u043e\u0440\u0438\u0438.<br \/>\n- \u041c\u0430\u0448\u0438\u043d\u043a\u0430 \u0437\u0430\u0435\u0437\u0436\u0430\u0435\u0442 \u0432 \u043f\u0430\u0441\u0442\u044c \u0430\u043a\u0443\u043b\u044b, \u0438 \u043f\u0440\u0438 \u043d\u0430\u0436\u0430\u0442\u0438\u0438 \u043d\u0430 \u0435\u0451 \u0433\u043e\u043b\u043e\u0432\u0443 \u043d\u0430\u0447\u0438\u043d\u0430\u0435\u0442\u0441\u044f \u043f\u0435\u0440\u0432\u044b\u0439 \u044d\u0442\u0430\u043f \u0440\u0430\u0441\u043a\u0440\u044b\u0442\u0438\u044f. \u0412\u043e\u0434\u0430 \u043c\u0435\u043d\u044f\u0435\u0442 \u0446\u0432\u0435\u0442, \u043a\u043e\u0433\u0434\u0430 \u0441\u043f\u0435\u0446\u0438\u0430\u043b\u044c\u043d\u0430\u044f \u043a\u0440\u0430\u0441\u043a\u0430 Color Reveal \u0441\u043c\u044b\u0432\u0430\u0435\u0442\u0441\u044f, \u043f\u043e\u043a\u0430\u0437\u044b\u0432\u0430\u044f \u0443\u043d\u0438\u043a\u0430\u043b\u044c\u043d\u044b\u0439 \u0434\u0438\u0437\u0430\u0439\u043d \u043c\u0430\u0448\u0438\u043d\u044b!<br \/>\n- \u041f\u043e\u0434\u043d\u0438\u043c\u0438\u0442\u0435 \u0430\u043a\u0443\u043b\u0443 \u0438 \u0441\u043c\u043e\u0442\u0440\u0438\u0442\u0435, \u043a\u0430\u043a \u043c\u0430\u0448\u0438\u043d\u043a\u0430 \u043c\u0447\u0438\u0442\u0441\u044f \u043f\u043e \u0442\u0440\u0435\u043a\u0443 \u0447\u0435\u0440\u0435\u0437 \u0435\u0451 \u0432\u043d\u0443\u0442\u0440\u0435\u043d\u043d\u043e\u0441\u0442\u0438. \u041e\u0442\u043a\u0440\u044b\u0442\u0438\u0435 \u043d\u0430 \u0431\u0440\u044e\u0448\u043d\u043e\u0439 \u0441\u0442\u043e\u0440\u043e\u043d\u0435 \u043f\u043e\u0437\u0432\u043e\u043b\u044f\u0435\u0442 \u043d\u0430\u0431\u043b\u044e\u0434\u0430\u0442\u044c \u0437\u0430 \u043f\u0440\u043e\u0433\u0440\u0435\u0441\u0441\u043e\u043c \u043c\u0430\u0448\u0438\u043d\u043a\u0438.<br \/>\n- \u041d\u0430\u043f\u043e\u043b\u043d\u0438\u0442\u0435 \u0441\u043b\u0435\u0434\u0443\u044e\u0449\u0438\u0439 \u0431\u0430\u043a \u043b\u0435\u0434\u044f\u043d\u043e\u0439 \u0432\u043e\u0434\u043e\u0439 \u0438 \u043f\u043e\u0433\u0440\u0443\u0437\u0438\u0442\u0435 \u0432 \u043d\u0435\u0433\u043e \u043c\u0430\u0448\u0438\u043d\u043a\u0443, \u0447\u0442\u043e\u0431\u044b \u0438\u0437\u043c\u0435\u043d\u0438\u0442\u044c \u0435\u0451 \u0434\u0435\u043a\u043e\u0440. \u0418\u0437\u043c\u0435\u043d\u0438\u0442\u0435 \u0435\u0433\u043e \u043e\u0431\u0440\u0430\u0442\u043d\u043e, \u043d\u0430\u043f\u043e\u043b\u043d\u0438\u0432 \u043f\u0435\u0440\u0432\u044b\u0439 \u0431\u0430\u043a \u0442\u0435\u043f\u043b\u043e\u0439 \u0432\u043e\u0434\u043e\u0439 \u0438 \u043f\u0440\u043e\u0435\u0445\u0430\u0432 \u0447\u0435\u0440\u0435\u0437 \u043d\u0435\u0433\u043e \u0441\u043d\u043e\u0432\u0430.<br \/>\n- \u041d\u0430\u0431\u043e\u0440 \u0432\u043a\u043b\u044e\u0447\u0430\u0435\u0442 \u0441\u043f\u0435\u0446\u0438\u0430\u043b\u044c\u043d\u044b\u0439 \u0432\u043e\u0434\u043e\u0441\u0431\u043e\u0440\u043d\u0438\u043a \u0432 \u043e\u0441\u043d\u043e\u0432\u0430\u043d\u0438\u0438, \u043a\u043e\u0442\u043e\u0440\u044b\u0439 \u0443\u0434\u0435\u0440\u0436\u0438\u0432\u0430\u0435\u0442 \u0432\u043e\u0434\u0443 \u0434\u043b\u044f \u0438\u0433\u0440\u044b \u0431\u0435\u0437 \u043b\u0438\u0448\u043d\u0435\u0433\u043e \u0431\u0435\u0441\u043f\u043e\u0440\u044f\u0434\u043a\u0430.<br \/>\n- \u0420\u0430\u0437\u043c\u0435\u0441\u0442\u0438\u0442\u0435 \u043c\u0430\u0448\u0438\u043d\u043a\u0438 \u043d\u0430 \u0441\u043f\u0435\u0446\u0438\u0430\u043b\u044c\u043d\u043e \u043e\u0442\u0432\u0435\u0434\u0435\u043d\u043d\u044b\u0445 \u043c\u0435\u0441\u0442\u0430\u0445 \u0434\u043b\u044f \u043f\u0430\u0440\u043a\u043e\u0432\u043a\u0438 \u0438 \u0441\u043b\u043e\u0436\u0438\u0442\u0435 \u043d\u0430\u0431\u043e\u0440 \u043f\u043e\u043f\u043e\u043b\u0430\u043c \u0434\u043b\u044f \u0443\u0434\u043e\u0431\u043d\u043e\u0433\u043e \u0445\u0440\u0430\u043d\u0435\u043d\u0438\u044f. \u0418\u0441\u043f\u043e\u043b\u044c\u0437\u0443\u0439\u0442\u0435 \u0440\u0443\u0447\u043a\u0443, \u0447\u0442\u043e\u0431\u044b \u043f\u0435\u0440\u0435\u043d\u0435\u0441\u0442\u0438 \u0435\u0433\u043e \u0432 \u0431\u0435\u0437\u043e\u043f\u0430\u0441\u043d\u043e\u0435 \u043c\u0435\u0441\u0442\u043e \u0438 \u043d\u0430\u043a\u043b\u043e\u043d\u0438\u0442\u0435, \u0447\u0442\u043e\u0431\u044b \u0441\u043b\u0438\u0442\u044c \u043b\u0438\u0448\u043d\u044e\u044e \u0432\u043e\u0434\u0443.<\/p>","protected":false},"excerpt":{"rendered":"<p>Intr\u0103 \u00een lumea interactiv\u0103 a sp\u0103l\u0103toriei Hot Wheels City Ultra Shark \u0219i bucur\u0103-te de jocul cu schimbare de culoare, inspirat<\/p>","protected":false},"featured_media":207192,"comment_status":"closed","ping_status":"closed","template":"..\/public\/views\/revslider-page-template.php","meta":{"_monsterinsights_skip_tracking":false,"_monsterinsights_sitenote_active":false,"_monsterinsights_sitenote_note":"","_monsterinsights_sitenote_category":0},"product_brand":[],"product_cat":[1670,55,1137,49,1109],"product_tag":[],"class_list":{"0":"post-207191","1":"product","2":"type-product","3":"status-publish","4":"has-post-thumbnail","6":"product_cat-seturi-de-jocuri","7":"product_cat-toate-produsele","8":"product_cat-jucarii","9":"product_cat-transport","10":"product_cat-piste-garaje-parcare","12":"first","13":"instock","14":"shipping-taxable","15":"purchasable","16":"product-type-simple"},"_links":{"self":[{"href":"http:\/\/toystoys.md\/ru\/wp-json\/wp\/v2\/product\/207191","targetHints":{"allow":["GET"]}}],"collection":[{"href":"http:\/\/toystoys.md\/ru\/wp-json\/wp\/v2\/product"}],"about":[{"href":"http:\/\/toystoys.md\/ru\/wp-json\/wp\/v2\/types\/product"}],"replies":[{"embeddable":true,"href":"http:\/\/toystoys.md\/ru\/wp-json\/wp\/v2\/comments?post=207191"}],"wp:featuredmedia":[{"embeddable":true,"href":"http:\/\/toystoys.md\/ru\/wp-json\/wp\/v2\/media\/207192"}],"wp:attachment":[{"href":"http:\/\/toystoys.md\/ru\/wp-json\/wp\/v2\/media?parent=207191"}],"wp:term":[{"taxonomy":"product_brand","embeddable":true,"href":"http:\/\/toystoys.md\/ru\/wp-json\/wp\/v2\/product_brand?post=207191"},{"taxonomy":"product_cat","embeddable":true,"href":"http:\/\/toystoys.md\/ru\/wp-json\/wp\/v2\/product_cat?post=207191"},{"taxonomy":"product_tag","embeddable":true,"href":"http:\/\/toystoys.md\/ru\/wp-json\/wp\/v2\/product_tag?post=207191"}],"curies":[{"name":"wp","href":"https:\/\/api.w.org\/{rel}","templated":true}]}}