{"id":207184,"date":"2024-10-15T22:42:11","date_gmt":"2024-10-15T20:42:11","guid":{"rendered":"https:\/\/toystoys.md\/?post_type=product&#038;p=207184"},"modified":"2026-03-31T10:31:34","modified_gmt":"2026-03-31T08:31:34","slug":"papusa-monster-high-wednesday-raven-monster-high-mattel","status":"publish","type":"product","link":"http:\/\/toystoys.md\/ru\/shop\/papusa-monster-high-wednesday-raven-monster-high-mattel\/","title":{"rendered":"\u041a\u0443\u043a\u043b\u0430 Monster High Wednesday Rave\u2019N Monster High MATTEL"},"content":{"rendered":"<p>Monster High \u0438 Wednesday \u043e\u0431\u044a\u0435\u0434\u0438\u043d\u0438\u043b\u0438\u0441\u044c, \u0447\u0442\u043e\u0431\u044b \u0441\u043e\u0437\u0434\u0430\u0442\u044c \u043b\u0438\u043d\u0438\u044e \u043f\u0443\u0433\u0430\u044e\u0449\u0435 \u043a\u0440\u0430\u0441\u0438\u0432\u044b\u0445 \u043a\u0443\u043a\u043e\u043b, \u0432\u0434\u043e\u0445\u043d\u043e\u0432\u043b\u0435\u043d\u043d\u044b\u0445 \u043f\u043e\u043f\u0443\u043b\u044f\u0440\u043d\u044b\u043c \u0441\u0435\u0440\u0438\u0430\u043b\u043e\u043c. \u042d\u0442\u0430 \u043a\u043e\u043b\u043b\u0435\u043a\u0446\u0438\u043e\u043d\u043d\u0430\u044f \u043a\u0443\u043a\u043b\u0430 Rave'N Wednesday, \u0432\u0434\u043e\u0445\u043d\u043e\u0432\u043b\u0435\u043d\u043d\u0430\u044f \u043f\u043b\u0430\u0442\u044c\u0435\u043c \u0435\u0435 \u0433\u0435\u0440\u043e\u0438\u043d\u0438 \u0438\u0437 \u0442\u0430\u043d\u0446\u0435\u0432\u0430\u043b\u044c\u043d\u043e\u0439 \u0441\u0446\u0435\u043d\u044b \u0438\u0437 \u0432\u0438\u0440\u0443\u0441\u043d\u043e\u0433\u043e \u0441\u0435\u0440\u0438\u0430\u043b\u0430, \u043f\u0440\u043e\u0441\u0442\u043e \u043e\u0448\u0435\u043b\u043e\u043c\u043b\u044f\u0435\u0442 \u0432 \u0433\u043e\u0442\u0438\u0447\u0435\u0441\u043a\u043e\u043c \u043f\u043b\u0430\u0442\u044c\u0435. \u0412 \u0441\u0432\u043e\u0435\u0439 \u0433\u043e\u0444\u0440\u0438\u0440\u043e\u0432\u0430\u043d\u043d\u043e\u0439 \u044e\u0431\u043a\u0435 \u043e\u043d\u0430 \u0433\u043e\u0442\u043e\u0432\u0430 \u0431\u0440\u043e\u0441\u0438\u0442\u044c\u0441\u044f \u043d\u0430 \u0442\u0430\u043d\u0446\u043f\u043e\u043b, \u043a\u0430\u043a \u043e\u0434\u0435\u0440\u0436\u0438\u043c\u0430\u044f.<\/p>\n<p>- \u041a\u043e\u043b\u043b\u0435\u043a\u0446\u0438\u044f Monster High x Wednesday \u043e\u0442\u0434\u0430\u0435\u0442 \u0434\u0430\u043d\u044c \u0443\u0432\u0430\u0436\u0435\u043d\u0438\u044f \u043c\u0440\u0430\u0447\u043d\u043e\u043c\u0443 \u0438 \u0441\u043e\u0432\u0435\u0440\u0448\u0435\u043d\u043d\u043e \u0436\u0443\u0442\u043a\u043e\u043c\u0443 \u0441\u0435\u0440\u0438\u0430\u043b\u0443 \u0441 \u0441\u0435\u0440\u0438\u0435\u0439 \u043a\u0440\u0438\u0447\u0430\u0449\u0438\u0445 \u043a\u0443\u043a\u043e\u043b.<br \/>\n- \u041e, \u0447\u0442\u043e \u0437\u0430 \u043d\u043e\u0447\u044c! \u0412\u0434\u043e\u0445\u043d\u043e\u0432\u043b\u0435\u043d\u043d\u0430\u044f \u0432\u0438\u043d\u0442\u0430\u0436\u043d\u044b\u043c \u043f\u043b\u0430\u0442\u044c\u0435\u043c \u0435\u0435 \u0433\u0435\u0440\u043e\u0438\u043d\u0438 \u0432 \u0441\u0446\u0435\u043d\u0435 \u0448\u043a\u043e\u043b\u044c\u043d\u044b\u0445 \u0442\u0430\u043d\u0446\u0435\u0432, \u044d\u0442\u0430 \u043a\u0443\u043a\u043b\u0430 Rave'N Wednesday \u0441\u043e\u0437\u0434\u0430\u0435\u0442 \u0433\u043e\u0442\u0438\u0447\u0435\u0441\u043a\u0438\u0439 \u0433\u043b\u0430\u043c\u0443\u0440 \u0432 \u0441\u0432\u043e\u0435\u043c \u0447\u0435\u0440\u043d\u043e\u043c \u043f\u043b\u0430\u0442\u044c\u0435.<br \/>\n- \u0422\u0435\u043c\u043d\u043e\u0435, \u043a\u0430\u043a \u0435\u0435 \u0447\u0443\u0432\u0441\u0442\u0432\u043e \u044e\u043c\u043e\u0440\u0430, \u043f\u043b\u0430\u0442\u044c\u0435 \u0438\u0437 \u043e\u0440\u0433\u0430\u043d\u0437\u044b Rave'N Wednesday \u0438\u043c\u0435\u0435\u0442 \u043f\u0440\u043e\u0437\u0440\u0430\u0447\u043d\u044b\u0435 \u0441\u043b\u043e\u0438, \u043a\u043e\u0442\u043e\u0440\u044b\u0435 \u0432\u044b\u0433\u043b\u044f\u0434\u044f\u0442 \u0441\u043e\u0442\u043a\u0430\u043d\u043d\u044b\u043c\u0438 \u0438\u0437 \u0442\u0435\u043d\u0435\u0439. \u042d\u0444\u0444\u0435\u043a\u0442\u043d\u044b\u0439 \u043f\u043e\u044f\u0441 \u0438 \u0441\u0435\u0440\u044c\u0433\u0438 Monster High \u0437\u0430\u0432\u0435\u0440\u0448\u0430\u044e\u0442 \u0435\u0435 \u0434\u0435\u0440\u0437\u043a\u0438\u0439 \u0448\u0438\u043a\u0430\u0440\u043d\u044b\u0439 \u043e\u0431\u0440\u0430\u0437.<br \/>\n- \u041e\u043d\u0430 \u0433\u043e\u0442\u043e\u0432\u0430 \u0448\u0430\u0433\u043d\u0443\u0442\u044c \u0432 \u043a\u043e\u0448\u043c\u0430\u0440\u043d\u0443\u044e \u043d\u043e\u0447\u044c \u0432 \u0441\u0432\u043e\u0438\u0445 \u0442\u0443\u0444\u043b\u044f\u0445 \u0441 \u043a\u0438\u0441\u0442\u043e\u0447\u043a\u0430\u043c\u0438! \u0418\u0445 \u0441\u043e\u0441\u0443\u043b\u044c\u043a\u0438 \u0438 \u043a\u0430\u0431\u043b\u0443\u043a\u0438 \u0439\u0435\u0442\u0438 \u043e\u0442\u0434\u0430\u044e\u0442 \u0434\u0430\u043d\u044c \u0443\u0432\u0430\u0436\u0435\u043d\u0438\u044f \u0442\u0430\u043d\u0446\u0435\u0432\u0430\u043b\u044c\u043d\u043e\u0439 \u0442\u0435\u043c\u0435 Rave'N: \u043a\u043b\u0438\u043c\u0430\u0442\u0438\u0447\u0435\u0441\u043a\u0438\u0439 \u043a\u0440\u0438\u0437\u0438\u0441 \u043f\u0440\u0438\u0431\u043b\u0438\u0436\u0430\u0435\u0442\u0441\u044f \u043a \u0438\u0441\u0447\u0435\u0437\u043d\u043e\u0432\u0435\u043d\u0438\u044e.<br \/>\n- \u041e\u0437\u043d\u0430\u043a\u043e\u043c\u044c\u0442\u0435\u0441\u044c \u0441\u043e \u0432\u0441\u0435\u0439 \u043b\u0438\u043d\u0435\u0439\u043a\u043e\u0439 Monster High x Wednesday, \u0447\u0442\u043e\u0431\u044b \u0443\u0432\u0438\u0434\u0435\u0442\u044c \u0435\u0449\u0435 \u0431\u043e\u043b\u044c\u0448\u0435 \u0432\u043e\u0441\u0445\u0438\u0442\u0438\u0442\u0435\u043b\u044c\u043d\u043e \u0443\u0436\u0430\u0441\u043d\u044b\u0445 \u043a\u0443\u043a\u043e\u043b. \u041e\u043d\u0438 \u0441\u0442\u0430\u043d\u0443\u0442 \u043f\u0430\u043c\u044f\u0442\u043d\u044b\u043c\u0438 \u043f\u043e\u0434\u0430\u0440\u043a\u0430\u043c\u0438 \u0434\u043b\u044f \u043a\u043e\u043b\u043b\u0435\u043a\u0446\u0438\u043e\u043d\u0435\u0440\u043e\u0432 \u0438 \u0444\u0430\u043d\u0430\u0442\u043e\u0432. \u041a\u0430\u0436\u0434\u0430\u044f \u043f\u0440\u043e\u0434\u0430\u0435\u0442\u0441\u044f \u043e\u0442\u0434\u0435\u043b\u044c\u043d\u043e, \u0432 \u0437\u0430\u0432\u0438\u0441\u0438\u043c\u043e\u0441\u0442\u0438 \u043e\u0442 \u043d\u0430\u043b\u0438\u0447\u0438\u044f.<\/p>\n<p>\u0425\u0430\u0440\u0430\u043a\u0442\u0435\u0440\u0438\u0441\u0442\u0438\u043a\u0438:<br \/>\n- \u0412 \u043d\u0430\u0431\u043e\u0440\u0435: 1 \u043a\u0443\u043a\u043b\u0430 Wednesday Addams, 1 \u043f\u043e\u0434\u0441\u0442\u0430\u0432\u043a\u0430 \u0434\u043b\u044f \u043a\u0443\u043a\u043b\u044b \u0438 1 \u0441\u0435\u0440\u0442\u0438\u0444\u0438\u043a\u0430\u0442 \u043f\u043e\u0434\u043b\u0438\u043d\u043d\u043e\u0441\u0442\u0438.<br \/>\n- \u0412\u043e\u0437\u0440\u0430\u0441\u0442: \u043e\u0442 6 \u043b\u0435\u0442.<br \/>\n- \u0412\u044b\u0441\u043e\u0442\u0430 \u043a\u0443\u043a\u043b\u044b: 29 \u0441\u043c.<br \/>\n- \u041f\u0440\u043e\u0438\u0437\u0432\u043e\u0434\u0438\u0442\u0435\u043b\u044c: Mattel (\u0421\u0428\u0410).<\/p>","protected":false},"excerpt":{"rendered":"<p>Monster High \u0219i Wednesday au f\u0103cut echip\u0103 pentru a crea o linie de p\u0103pu\u0219i \u00eenfrico\u0219\u0103tor de frumoas\u0103, inspirat\u0103 din serialul<\/p>","protected":false},"featured_media":207185,"comment_status":"closed","ping_status":"closed","template":"..\/public\/views\/revslider-page-template.php","meta":{"_monsterinsights_skip_tracking":false,"_monsterinsights_sitenote_active":false,"_monsterinsights_sitenote_note":"","_monsterinsights_sitenote_category":0},"product_brand":[],"product_cat":[1137,34,1117,1635,55],"product_tag":[1891,1885],"class_list":{"0":"post-207184","1":"product","2":"type-product","3":"status-publish","4":"has-post-thumbnail","6":"product_cat-jucarii","7":"product_cat-papusi-casute","8":"product_cat-papusi-si-seturi","9":"product_cat-personaje-papusi-casute","10":"product_cat-toate-produsele","11":"product_tag-mattel-bf","12":"product_tag-mattel50","14":"first","15":"instock","16":"shipping-taxable","17":"purchasable","18":"product-type-simple"},"_links":{"self":[{"href":"http:\/\/toystoys.md\/ru\/wp-json\/wp\/v2\/product\/207184","targetHints":{"allow":["GET"]}}],"collection":[{"href":"http:\/\/toystoys.md\/ru\/wp-json\/wp\/v2\/product"}],"about":[{"href":"http:\/\/toystoys.md\/ru\/wp-json\/wp\/v2\/types\/product"}],"replies":[{"embeddable":true,"href":"http:\/\/toystoys.md\/ru\/wp-json\/wp\/v2\/comments?post=207184"}],"wp:featuredmedia":[{"embeddable":true,"href":"http:\/\/toystoys.md\/ru\/wp-json\/wp\/v2\/media\/207185"}],"wp:attachment":[{"href":"http:\/\/toystoys.md\/ru\/wp-json\/wp\/v2\/media?parent=207184"}],"wp:term":[{"taxonomy":"product_brand","embeddable":true,"href":"http:\/\/toystoys.md\/ru\/wp-json\/wp\/v2\/product_brand?post=207184"},{"taxonomy":"product_cat","embeddable":true,"href":"http:\/\/toystoys.md\/ru\/wp-json\/wp\/v2\/product_cat?post=207184"},{"taxonomy":"product_tag","embeddable":true,"href":"http:\/\/toystoys.md\/ru\/wp-json\/wp\/v2\/product_tag?post=207184"}],"curies":[{"name":"wp","href":"https:\/\/api.w.org\/{rel}","templated":true}]}}