{"id":207175,"date":"2024-10-15T22:36:53","date_gmt":"2024-10-15T20:36:53","guid":{"rendered":"https:\/\/toystoys.md\/?post_type=product&#038;p=207175"},"modified":"2024-10-15T22:38:27","modified_gmt":"2024-10-15T20:38:27","slug":"set-de-joc-pista-action-4-loop-crash-out-hot-wheels-mattel","status":"publish","type":"product","link":"http:\/\/toystoys.md\/ru\/shop\/set-de-joc-pista-action-4-loop-crash-out-hot-wheels-mattel\/","title":{"rendered":"\u0418\u0433\u0440\u043e\u0432\u043e\u0439 \u043d\u0430\u0431\u043e\u0440 \u0422\u0440\u0435\u043a Action 4-Loop Crash Out Hot Wheels MATTEL"},"content":{"rendered":"<p>\u041f\u0440\u043e\u043c\u0447\u0438\u0442\u0435\u0441\u044c \u043f\u043e \u0447\u0435\u0442\u044b\u0440\u0435\u043c \u043a\u0440\u0443\u0442\u044b\u043c \u043f\u0435\u0442\u043b\u044f\u043c \u0438 \u0442\u0440\u0435\u0445\u0441\u0442\u043e\u0440\u043e\u043d\u043d\u0435\u0439 \u0437\u043e\u043d\u0435 \u0441\u0442\u043e\u043b\u043a\u043d\u043e\u0432\u0435\u043d\u0438\u044f \u0441 \u043d\u0430\u0431\u043e\u0440\u043e\u043c \u0442\u0440\u0430\u0441\u0441\u044b Hot Wheels Action 4-Loop Crash Out.<\/p>\n<p>\u041c\u043e\u0442\u043e\u0440\u0438\u0437\u043e\u0432\u0430\u043d\u043d\u044b\u0439 \u0443\u0441\u043a\u043e\u0440\u0438\u0442\u0435\u043b\u044c \u0437\u0430\u0441\u0442\u0430\u0432\u043b\u044f\u0435\u0442 \u0430\u0432\u0442\u043e\u043c\u043e\u0431\u0438\u043b\u0438 \u0434\u0432\u0438\u0433\u0430\u0442\u044c\u0441\u044f \u0434\u043b\u044f \u0431\u043e\u043b\u044c\u0448\u0435\u0433\u043e \u0443\u0434\u043e\u0432\u043e\u043b\u044c\u0441\u0442\u0432\u0438\u044f, \u0430 \u0437\u0430\u0434\u0430\u0447\u0430 \u0437\u0430\u043a\u043b\u044e\u0447\u0430\u0435\u0442\u0441\u044f \u0432 \u0442\u043e\u043c, \u0441\u043a\u043e\u043b\u044c\u043a\u043e \u0430\u0432\u0442\u043e\u043c\u043e\u0431\u0438\u043b\u0435\u0439 \u043c\u043e\u0433\u0443\u0442 \u0443\u0447\u0430\u0441\u0442\u0432\u043e\u0432\u0430\u0442\u044c \u0432 \u0433\u043e\u043d\u043a\u0435 \u043e\u0434\u043d\u043e\u0432\u0440\u0435\u043c\u0435\u043d\u043d\u043e, \u043f\u0440\u0435\u0436\u0434\u0435 \u0447\u0435\u043c \u043f\u0440\u043e\u0438\u0437\u043e\u0439\u0434\u0435\u0442 \u043d\u0435\u0438\u0437\u0431\u0435\u0436\u043d\u043e\u0435 \u0441\u0442\u043e\u043b\u043a\u043d\u043e\u0432\u0435\u043d\u0438\u0435.<\/p>\n<p>\u041d\u0430\u0431\u043e\u0440 \u0441\u043a\u043b\u0430\u0434\u044b\u0432\u0430\u0435\u0442\u0441\u044f \u0434\u043b\u044f \u0443\u0434\u043e\u0431\u0441\u0442\u0432\u0430 \u0445\u0440\u0430\u043d\u0435\u043d\u0438\u044f, \u0430 \u043d\u0430 \u0443\u0441\u043a\u043e\u0440\u0438\u0442\u0435\u043b\u0435 \u0435\u0441\u0442\u044c \u043c\u0435\u0441\u0442\u043e \u0434\u043b\u044f \u043f\u0430\u0440\u043a\u043e\u0432\u043a\u0438 \u043f\u044f\u0442\u0438 \u0438\u0433\u0440\u0443\u0448\u0435\u0447\u043d\u044b\u0445 \u0430\u0432\u0442\u043e\u043c\u043e\u0431\u0438\u043b\u0435\u0439 \u043c\u0430\u0441\u0448\u0442\u0430\u0431\u0430 1:64.<\/p>\n<p>\u0412 \u043a\u043e\u043c\u043f\u043b\u0435\u043a\u0442 \u0432\u0445\u043e\u0434\u0438\u0442 \u0430\u0432\u0442\u043e\u043c\u043e\u0431\u0438\u043b\u044c \u0432 \u043c\u0430\u0441\u0448\u0442\u0430\u0431\u0435 1:64, \u0434\u043e\u043f\u043e\u043b\u043d\u0438\u0442\u0435\u043b\u044c\u043d\u044b\u0435 \u0430\u0432\u0442\u043e\u043c\u043e\u0431\u0438\u043b\u0438 \u043f\u0440\u043e\u0434\u0430\u044e\u0442\u0441\u044f \u043e\u0442\u0434\u0435\u043b\u044c\u043d\u043e.<\/p>\n<p>\u0412\u043e\u0437\u0440\u0430\u0441\u0442: \u043e\u0442 4 \u043b\u0435\u0442.<br \/>\n\u0420\u0430\u0437\u043c\u0435\u0440\u044b \u0443\u043f\u0430\u043a\u043e\u043e\u0432\u043a\u0438: \u200e35 x 73 x 68 \u0441\u043c.<br \/>\n\u041f\u0440\u043e\u0438\u0437\u0432\u043e\u0434\u0438\u0442\u0435\u043b\u044c: Mattel (\u0421\u0428\u0410).<\/p>","protected":false},"excerpt":{"rendered":"<p>Cursa\u021bi prin patru bucle de r\u0103sucire p\u00e2n\u0103 la zona de accident cu setul de pist\u0103 Hot Wheels Action 4-Loop Crash<\/p>","protected":false},"featured_media":207177,"comment_status":"closed","ping_status":"closed","template":"..\/public\/views\/revslider-page-template.php","meta":{"_monsterinsights_skip_tracking":false,"_monsterinsights_sitenote_active":false,"_monsterinsights_sitenote_note":"","_monsterinsights_sitenote_category":0},"product_brand":[],"product_cat":[1670,55,1137,49,1109],"product_tag":[],"class_list":{"0":"post-207175","1":"product","2":"type-product","3":"status-publish","4":"has-post-thumbnail","6":"product_cat-seturi-de-jocuri","7":"product_cat-toate-produsele","8":"product_cat-jucarii","9":"product_cat-transport","10":"product_cat-piste-garaje-parcare","12":"first","13":"instock","14":"shipping-taxable","15":"purchasable","16":"product-type-simple"},"_links":{"self":[{"href":"http:\/\/toystoys.md\/ru\/wp-json\/wp\/v2\/product\/207175","targetHints":{"allow":["GET"]}}],"collection":[{"href":"http:\/\/toystoys.md\/ru\/wp-json\/wp\/v2\/product"}],"about":[{"href":"http:\/\/toystoys.md\/ru\/wp-json\/wp\/v2\/types\/product"}],"replies":[{"embeddable":true,"href":"http:\/\/toystoys.md\/ru\/wp-json\/wp\/v2\/comments?post=207175"}],"wp:featuredmedia":[{"embeddable":true,"href":"http:\/\/toystoys.md\/ru\/wp-json\/wp\/v2\/media\/207177"}],"wp:attachment":[{"href":"http:\/\/toystoys.md\/ru\/wp-json\/wp\/v2\/media?parent=207175"}],"wp:term":[{"taxonomy":"product_brand","embeddable":true,"href":"http:\/\/toystoys.md\/ru\/wp-json\/wp\/v2\/product_brand?post=207175"},{"taxonomy":"product_cat","embeddable":true,"href":"http:\/\/toystoys.md\/ru\/wp-json\/wp\/v2\/product_cat?post=207175"},{"taxonomy":"product_tag","embeddable":true,"href":"http:\/\/toystoys.md\/ru\/wp-json\/wp\/v2\/product_tag?post=207175"}],"curies":[{"name":"wp","href":"https:\/\/api.w.org\/{rel}","templated":true}]}}