{"id":207168,"date":"2024-10-15T22:31:46","date_gmt":"2024-10-15T20:31:46","guid":{"rendered":"https:\/\/toystoys.md\/?post_type=product&#038;p=207168"},"modified":"2025-06-24T09:08:05","modified_gmt":"2025-06-24T07:08:05","slug":"papusa-enid-sinclair-monster-high-mattel","status":"publish","type":"product","link":"http:\/\/toystoys.md\/ru\/shop\/papusa-enid-sinclair-monster-high-mattel\/","title":{"rendered":"\u041a\u0443\u043a\u043b\u0430 Enid Sinclair Monster High MATTEL"},"content":{"rendered":"<p>Monster High \u0438 Wednesday, \u043e\u0431\u044a\u0435\u0434\u0438\u043d\u0438\u043b\u0438\u0441\u044c, \u0447\u0442\u043e\u0431\u044b \u0441\u043e\u0437\u0434\u0430\u0442\u044c \u043b\u0435\u0434\u0435\u043d\u044f\u0449\u0443\u044e \u0434\u0443\u0448\u0443 \u043a\u0440\u0430\u0441\u0438\u0432\u0443\u044e \u043b\u0438\u043d\u0438\u044e \u043a\u0443\u043a\u043e\u043b, \u0432\u0434\u043e\u0445\u043d\u043e\u0432\u043b\u0435\u043d\u043d\u0443\u044e \u043f\u043e\u043f\u0443\u043b\u044f\u0440\u043d\u044b\u043c \u0442\u0435\u043b\u0435\u0441\u0435\u0440\u0438\u0430\u043b\u043e\u043c. \u0412\u0434\u043e\u0445\u043d\u043e\u0432\u043b\u0435\u043d\u043d\u0430\u044f \u044f\u0440\u043a\u0438\u043c \u0438 \u043a\u0440\u0430\u0441\u043e\u0447\u043d\u044b\u043c \u0441\u0442\u0438\u043b\u0435\u043c \u0435\u0435 \u043f\u0435\u0440\u0441\u043e\u043d\u0430\u0436\u0430, \u044d\u0442\u0430 \u043a\u043e\u043b\u043b\u0435\u043a\u0446\u0438\u043e\u043d\u043d\u0430\u044f \u043a\u0443\u043a\u043b\u0430 \u042d\u043d\u0438\u0434 \u0421\u0438\u043d\u043a\u043b\u0435\u0440 \u0432\u044b\u0433\u043b\u044f\u0434\u0438\u0442 iclawnic \u0432 \u043f\u043e\u043b\u043d\u043e\u0441\u0442\u044c\u044e \u0440\u043e\u0437\u043e\u0432\u043e\u043c \u043e\u0431\u0440\u0430\u0437\u0435 \u0441 \u0431\u0435\u0440\u0435\u0442\u043e\u043c \u0438 \u0430\u043a\u0441\u0435\u0441\u0441\u0443\u0430\u0440\u0430\u043c\u0438 \u0432 \u0432\u0438\u0434\u0435 \u0440\u044e\u043a\u0437\u0430\u043a\u0430. \u0422\u0430\u043a\u0430\u044f \u0436\u0435 \u043e\u0431\u0430\u044f\u0442\u0435\u043b\u044c\u043d\u0430\u044f \u0432 \u043a\u0443\u043a\u043e\u043b\u044c\u043d\u043e\u0439 \u0444\u043e\u0440\u043c\u0435, \u043a\u0430\u043a \u0438 \u0432 \u0441\u0435\u0440\u0438\u0430\u043b\u0435, \u042d\u043d\u0438\u0434 \u0433\u043e\u0442\u043e\u0432\u0430 \u043a\u043e \u0432\u0441\u0435\u043c\u0443 \u2014 \u0431\u0443\u0434\u044c \u0442\u043e \u043f\u043e\u043b\u0443\u0447\u0435\u043d\u0438\u0435 \u0438\u043d\u0444\u043e\u0440\u043c\u0430\u0446\u0438\u0438 \u043e \u0448\u043a\u043e\u043b\u044c\u043d\u044b\u0445 \u0441\u043f\u043b\u0435\u0442\u043d\u044f\u0445 \u0438\u043b\u0438 \u0431\u043e\u0440\u044c\u0431\u0430 \u0441 \u043c\u043e\u043d\u0441\u0442\u0440\u043e\u043c-\u0443\u0431\u0438\u0439\u0446\u0435\u0439!<\/p>\n<p>- \u041a\u043e\u043b\u043b\u0435\u043a\u0446\u0438\u044f Monster High x Wednesday \u043e\u0442\u0434\u0430\u0435\u0442 \u0434\u0430\u043d\u044c \u0443\u0432\u0430\u0436\u0435\u043d\u0438\u044f \u043c\u0440\u0430\u0447\u043d\u043e\u043c\u0443 \u0438 \u0441\u043e\u0432\u0435\u0440\u0448\u0435\u043d\u043d\u043e \u0436\u0443\u0442\u043a\u043e\u043c\u0443 \u0441\u0435\u0440\u0438\u0430\u043b\u0443.<br \/>\n- \u0420\u043e\u0437\u043e\u0432\u044b\u0439 \u0446\u0432\u0435\u0442 \u043d\u0438\u043a\u043e\u0433\u0434\u0430 \u043d\u0435 \u0431\u044b\u043b \u0442\u0430\u043a\u0438\u043c \u043f\u0443\u0433\u0430\u044e\u0449\u0435 \u0448\u0438\u043a\u0430\u0440\u043d\u044b\u043c! \u042d\u0442\u0430 \u043a\u0443\u043a\u043b\u0430 \u042d\u043d\u0438\u0434 \u0421\u0438\u043d\u043a\u043b\u0435\u0440 \u043f\u0435\u0440\u0435\u043e\u0441\u043c\u044b\u0441\u043b\u0438\u0432\u0430\u0435\u0442 \u0436\u0438\u0437\u043d\u0435\u0440\u0430\u0434\u043e\u0441\u0442\u043d\u0443\u044e \u0441\u043e\u0441\u0435\u0434\u043a\u0443 \u0423\u044d\u043d\u0441\u0434\u0435\u0439 \u0438 \u0435\u0435 \u044f\u0440\u043a\u0438\u0439 \u0441\u0442\u0438\u043b\u044c \u0447\u0435\u0440\u0435\u0437 \u043f\u0440\u0438\u0437\u043c\u0443 Monster High.<br \/>\n- \u042d\u043d\u0438\u0434 \u0441\u043c\u0435\u0448\u0438\u0432\u0430\u0435\u0442 \u0443\u0437\u043e\u0440\u044b \u0441 \u043f\u043e\u043b\u043e\u0441\u0430\u0442\u043e\u0439 \u0432\u043e\u0434\u043e\u043b\u0430\u0437\u043a\u043e\u0439, \u043a\u043b\u0435\u0442\u0447\u0430\u0442\u043e\u0439 \u200b\u200b\u044e\u0431\u043a\u043e\u0439, \u043c\u0440\u0430\u043c\u043e\u0440\u043d\u044b\u043c\u0438 \u043a\u043e\u043b\u0433\u043e\u0442\u043a\u0430\u043c\u0438 \u0438 \u0433\u043e\u0444\u0440\u0438\u0440\u043e\u0432\u0430\u043d\u043d\u044b\u043c\u0438 \u0433\u0435\u0442\u0440\u0430\u043c\u0438. \u0416\u0435\u043b\u0442\u044b\u0435 \u043a\u0440\u043e\u0441\u0441\u043e\u0432\u043a\u0438 \u0441 \u043a\u0430\u0431\u043b\u0443\u043a\u0430\u043c\u0438 \u0432 \u0432\u0438\u0434\u0435 \u043f\u043b\u044e\u0448\u0435\u0432\u044b\u0445 \u0436\u0438\u0432\u043e\u0442\u043d\u044b\u0445 \u2014 \u0434\u0430\u043d\u044c \u0434\u0435\u043a\u043e\u0440\u0443 \u0435\u0435 \u043a\u043e\u043c\u043d\u0430\u0442\u044b \u0432 \u043e\u0431\u0449\u0435\u0436\u0438\u0442\u0438\u0438!<br \/>\n- \u041e\u043d\u0430 \u0432\u044b\u0433\u043b\u044f\u0434\u0438\u0442 \u0442\u043e\u0447\u044c-\u0432-\u0442\u043e\u0447\u044c \u043a\u0430\u043a \u042d\u043d\u0438\u0434 \u0432 \u0441\u0435\u0440\u0438\u0430\u043b\u0435 \u0441 \u0435\u0435 \u043c\u0435\u043b\u0438\u0440\u043e\u0432\u0430\u043d\u043d\u044b\u043c\u0438 \u0432\u043e\u043b\u043e\u0441\u0430\u043c\u0438 \u0438 \u044f\u0440\u043a\u0438\u043c\u0438, \u0432\u043e\u043b\u0447\u044c\u0438\u043c\u0438 \u043a\u043e\u0433\u0442\u044f\u043c\u0438! \u0410\u043a\u0441\u0435\u0441\u0441\u0443\u0430\u0440\u044b, \u0442\u0430\u043a\u0438\u0435 \u043a\u0430\u043a \u0440\u043e\u0437\u043e\u0432\u044b\u0439 \u0431\u0435\u0440\u0435\u0442 \u0438 \u0440\u044e\u043a\u0437\u0430\u043a \u0441 \u043c\u0435\u0445\u043e\u0432\u043e\u0439 \u0442\u0435\u043a\u0441\u0442\u0443\u0440\u043e\u0439, \u0434\u043e\u043f\u043e\u043b\u043d\u044f\u044e\u0442 \u0435\u0435 \u043e\u0431\u0440\u0430\u0437.<br \/>\n- \u041e\u0437\u043d\u0430\u043a\u043e\u043c\u044c\u0442\u0435\u0441\u044c \u0441\u043e \u0432\u0441\u0435\u0439 \u043b\u0438\u043d\u0435\u0439\u043a\u043e\u0439 Monster High x Wednesday, \u0447\u0442\u043e\u0431\u044b \u0443\u0432\u0438\u0434\u0435\u0442\u044c \u0435\u0449\u0435 \u0431\u043e\u043b\u044c\u0448\u0435 \u0432\u043e\u0441\u0445\u0438\u0442\u0438\u0442\u0435\u043b\u044c\u043d\u043e \u0443\u0436\u0430\u0441\u043d\u044b\u0445 \u043a\u0443\u043a\u043e\u043b. \u041e\u043d\u0438 \u0441\u0442\u0430\u043d\u0443\u0442 \u043f\u0430\u043c\u044f\u0442\u043d\u044b\u043c\u0438 \u043f\u043e\u0434\u0430\u0440\u043a\u0430\u043c\u0438 \u0434\u043b\u044f \u043a\u043e\u043b\u043b\u0435\u043a\u0446\u0438\u043e\u043d\u0435\u0440\u043e\u0432 \u0438 \u0444\u0430\u043d\u0430\u0442\u043e\u0432. \u041a\u0430\u0436\u0434\u0430\u044f \u043f\u0440\u043e\u0434\u0430\u0435\u0442\u0441\u044f \u043e\u0442\u0434\u0435\u043b\u044c\u043d\u043e, \u0432 \u0437\u0430\u0432\u0438\u0441\u0438\u043c\u043e\u0441\u0442\u0438 \u043e\u0442 \u043d\u0430\u043b\u0438\u0447\u0438\u044f.<\/p>\n<p>\u0425\u0430\u0440\u0430\u043a\u0442\u0435\u0440\u0438\u0441\u0442\u0438\u043a\u0438:<br \/>\n- \u0412 \u043d\u0430\u0431\u043e\u0440\u0435:1 \u043a\u0443\u043a\u043b\u0430 \u042d\u043d\u0438\u0434 \u0421\u0438\u043d\u043a\u043b\u0435\u0440, 1 \u0431\u0435\u0440\u0435\u0442, 1 \u0440\u044e\u043a\u0437\u0430\u043a \u0438 1 \u043f\u043e\u0434\u0441\u0442\u0430\u0432\u043a\u0430 \u0434\u043b\u044f \u043a\u0443\u043a\u043b\u044b.<br \/>\n- \u0412\u043e\u0437\u0440\u0430\u0441\u0442: \u043e\u0442 6 \u043b\u0435\u0442.<br \/>\n- \u0412\u044b\u0441\u043e\u0442\u0430 \u043a\u0443\u043a\u043b\u044b: 29 \u0441\u043c.<br \/>\n- \u041f\u0440\u043e\u0438\u0437\u0432\u043e\u0434\u0438\u0442\u0435\u043b\u044c: Mattel (\u0421\u0428\u0410).<\/p>","protected":false},"excerpt":{"rendered":"<p>Monster High \u0219i Wednesday au f\u0103cut echip\u0103 pentru a crea o linie de p\u0103pu\u0219i \u00eenfrico\u0219\u0103tor de frumoas\u0103, inspirat\u0103 din serialul<\/p>","protected":false},"featured_media":207169,"comment_status":"closed","ping_status":"closed","template":"..\/public\/views\/revslider-page-template.php","meta":{"_monsterinsights_skip_tracking":false,"_monsterinsights_sitenote_active":false,"_monsterinsights_sitenote_note":"","_monsterinsights_sitenote_category":0},"product_brand":[],"product_cat":[1635,55,1137,34,1117],"product_tag":[1859],"class_list":{"0":"post-207168","1":"product","2":"type-product","3":"status-publish","4":"has-post-thumbnail","6":"product_cat-personaje-papusi-casute","7":"product_cat-toate-produsele","8":"product_cat-jucarii","9":"product_cat-papusi-casute","10":"product_cat-papusi-si-seturi","11":"product_tag-barbie-disney-monster-high-40","13":"first","14":"outofstock","15":"shipping-taxable","16":"purchasable","17":"product-type-simple"},"_links":{"self":[{"href":"http:\/\/toystoys.md\/ru\/wp-json\/wp\/v2\/product\/207168","targetHints":{"allow":["GET"]}}],"collection":[{"href":"http:\/\/toystoys.md\/ru\/wp-json\/wp\/v2\/product"}],"about":[{"href":"http:\/\/toystoys.md\/ru\/wp-json\/wp\/v2\/types\/product"}],"replies":[{"embeddable":true,"href":"http:\/\/toystoys.md\/ru\/wp-json\/wp\/v2\/comments?post=207168"}],"wp:featuredmedia":[{"embeddable":true,"href":"http:\/\/toystoys.md\/ru\/wp-json\/wp\/v2\/media\/207169"}],"wp:attachment":[{"href":"http:\/\/toystoys.md\/ru\/wp-json\/wp\/v2\/media?parent=207168"}],"wp:term":[{"taxonomy":"product_brand","embeddable":true,"href":"http:\/\/toystoys.md\/ru\/wp-json\/wp\/v2\/product_brand?post=207168"},{"taxonomy":"product_cat","embeddable":true,"href":"http:\/\/toystoys.md\/ru\/wp-json\/wp\/v2\/product_cat?post=207168"},{"taxonomy":"product_tag","embeddable":true,"href":"http:\/\/toystoys.md\/ru\/wp-json\/wp\/v2\/product_tag?post=207168"}],"curies":[{"name":"wp","href":"https:\/\/api.w.org\/{rel}","templated":true}]}}