{"id":206983,"date":"2024-10-14T13:05:06","date_gmt":"2024-10-14T11:05:06","guid":{"rendered":"https:\/\/toystoys.md\/?post_type=product&#038;p=206983"},"modified":"2025-01-10T10:25:09","modified_gmt":"2025-01-10T08:25:09","slug":"papusa-disney-princess-moana-mattel","status":"publish","type":"product","link":"http:\/\/toystoys.md\/ru\/shop\/papusa-disney-princess-moana-mattel\/","title":{"rendered":"\u041a\u0443\u043a\u043b\u0430 Disney Princess \u2013 Moana Mattel"},"content":{"rendered":"<p>\u0412\u0434\u043e\u0445\u043d\u043e\u0432\u043b\u0435\u043d\u043d\u0430\u044f \u0430\u043d\u0438\u043c\u0430\u0446\u0438\u043e\u043d\u043d\u044b\u043c \u043f\u0435\u0440\u0441\u043e\u043d\u0430\u0436\u0435\u043c \u0438\u0437 \u043b\u044e\u0431\u0438\u043c\u043e\u0433\u043e \u0444\u0438\u043b\u044c\u043c\u0430 Disney, \u043a\u0443\u043a\u043b\u0430 Moana \u0433\u043e\u0442\u043e\u0432\u0430 \u043e\u0442\u043f\u0440\u0430\u0432\u0438\u0442\u044c\u0441\u044f \u0432 \u044d\u043f\u0438\u0447\u0435\u0441\u043a\u043e\u0435 \u043c\u043e\u0440\u0441\u043a\u043e\u0435 \u043f\u0440\u0438\u043a\u043b\u044e\u0447\u0435\u043d\u0438\u0435! \u042d\u0442\u0430 \u043f\u043e\u0434\u0432\u0438\u0436\u043d\u0430\u044f \u043a\u0443\u043a\u043b\u0430 \u043d\u043e\u0441\u0438\u0442 \u0444\u0438\u0440\u043c\u0435\u043d\u043d\u0443\u044e \u043e\u0434\u0435\u0436\u0434\u0443 \u0438\u0437 \u0444\u0438\u043b\u044c\u043c\u0430, \u0432\u043a\u043b\u044e\u0447\u0430\u044f \u0441\u044a\u0435\u043c\u043d\u043e\u0435 \u043e\u0436\u0435\u0440\u0435\u043b\u044c\u0435 \u0438 \u043e\u0431\u043e\u0434\u043e\u043a.<\/p>\n<p>\u0415\u0451 \u043d\u0430\u0440\u044f\u0434 \u0441\u043e\u0441\u0442\u043e\u0438\u0442 \u0438\u0437 \u0430\u0443\u0442\u0435\u043d\u0442\u0438\u0447\u043d\u043e\u0433\u043e \u0442\u043e\u043f\u0430 \u0438 \u0441\u044a\u0435\u043c\u043d\u043e\u0439 \u043c\u044f\u0433\u043a\u043e\u0439 \u044e\u0431\u043a\u0438 \u0441 \u0443\u043d\u0438\u043a\u0430\u043b\u044c\u043d\u044b\u043c \u0443\u0437\u043e\u0440\u043e\u043c, \u0440\u0430\u0441\u0441\u043a\u0430\u0437\u044b\u0432\u0430\u044e\u0449\u0438\u043c \u0438\u0441\u0442\u043e\u0440\u0438\u044e Moana. \u041a\u0443\u043a\u043b\u0430 Disney \u0442\u0430\u043a\u0436\u0435 \u0438\u043c\u0435\u0435\u0442 \u0434\u043b\u0438\u043d\u043d\u044b\u0435 \u0432\u043e\u043b\u043d\u0438\u0441\u0442\u044b\u0435 \u0432\u043e\u043b\u043e\u0441\u044b, \u043a\u043e\u0442\u043e\u0440\u044b\u0435 \u043c\u043e\u0436\u043d\u043e \u0443\u043a\u043b\u0430\u0434\u044b\u0432\u0430\u0442\u044c \u0434\u043b\u044f \u0434\u043e\u043f\u043e\u043b\u043d\u0438\u0442\u0435\u043b\u044c\u043d\u043e\u0433\u043e \u0432\u0435\u0441\u0435\u043b\u044c\u044f!<\/p>\n<p>\u041e\u0442\u043b\u0438\u0447\u043d\u044b\u0439 \u043f\u043e\u0434\u0430\u0440\u043e\u043a \u0434\u043b\u044f \u0434\u0435\u0442\u0435\u0439, \u043a\u043e\u0442\u043e\u0440\u044b\u0435 \u0441\u043c\u043e\u0433\u0443\u0442 \u0432\u043e\u0441\u043f\u0440\u043e\u0438\u0437\u0432\u0435\u0441\u0442\u0438 \u0441\u0432\u043e\u0438 \u043b\u044e\u0431\u0438\u043c\u044b\u0435 \u043c\u043e\u043c\u0435\u043d\u0442\u044b \u0438\u0437 \u0444\u0438\u043b\u044c\u043c\u0430 \u0438\u043b\u0438 \u043f\u0440\u0438\u0434\u0443\u043c\u0430\u0442\u044c \u0441\u043e\u0431\u0441\u0442\u0432\u0435\u043d\u043d\u044b\u0435 \u043f\u0440\u0438\u043a\u043b\u044e\u0447\u0435\u043d\u0438\u044f!<\/p>\n<p>\u0424\u0430\u043d\u0430\u0442\u044b \u043c\u043e\u0433\u0443\u0442 \u0441\u043e\u0431\u0440\u0430\u0442\u044c \u0432\u0441\u0435 \u043a\u0443\u043a\u043b\u044b Disney Princess \u0434\u043b\u044f \u0441\u043e\u0437\u0434\u0430\u043d\u0438\u044f \u043d\u0435\u0437\u0430\u0431\u044b\u0432\u0430\u0435\u043c\u043e\u0433\u043e \u043f\u0440\u0438\u043a\u043b\u044e\u0447\u0435\u043d\u0438\u044f! \u041a\u0430\u0436\u0434\u0430\u044f \u043f\u0440\u043e\u0434\u0430\u0435\u0442\u0441\u044f \u043e\u0442\u0434\u0435\u043b\u044c\u043d\u043e \u0438 \u0434\u043e\u0441\u0442\u0443\u043f\u043d\u043e\u0441\u0442\u044c \u043c\u043e\u0436\u0435\u0442 \u0432\u0430\u0440\u044c\u0438\u0440\u043e\u0432\u0430\u0442\u044c\u0441\u044f.<\/p>","protected":false},"excerpt":{"rendered":"<p>Inspirat\u0103 de personajul animat din filmul \u00eendr\u0103git Disney, aceast\u0103 p\u0103pu\u0219\u0103 Moana este preg\u0103tit\u0103 s\u0103 plece \u00eentr-o aventur\u0103 epic\u0103 pe mare!<\/p>","protected":false},"featured_media":206984,"comment_status":"closed","ping_status":"closed","template":"..\/public\/views\/revslider-page-template.php","meta":{"_monsterinsights_skip_tracking":false,"_monsterinsights_sitenote_active":false,"_monsterinsights_sitenote_note":"","_monsterinsights_sitenote_category":0},"product_brand":[],"product_cat":[1635,55,1137,34,1117],"product_tag":[],"class_list":{"0":"post-206983","1":"product","2":"type-product","3":"status-publish","4":"has-post-thumbnail","6":"product_cat-personaje-papusi-casute","7":"product_cat-toate-produsele","8":"product_cat-jucarii","9":"product_cat-papusi-casute","10":"product_cat-papusi-si-seturi","12":"first","13":"instock","14":"shipping-taxable","15":"purchasable","16":"product-type-simple"},"_links":{"self":[{"href":"http:\/\/toystoys.md\/ru\/wp-json\/wp\/v2\/product\/206983","targetHints":{"allow":["GET"]}}],"collection":[{"href":"http:\/\/toystoys.md\/ru\/wp-json\/wp\/v2\/product"}],"about":[{"href":"http:\/\/toystoys.md\/ru\/wp-json\/wp\/v2\/types\/product"}],"replies":[{"embeddable":true,"href":"http:\/\/toystoys.md\/ru\/wp-json\/wp\/v2\/comments?post=206983"}],"wp:featuredmedia":[{"embeddable":true,"href":"http:\/\/toystoys.md\/ru\/wp-json\/wp\/v2\/media\/206984"}],"wp:attachment":[{"href":"http:\/\/toystoys.md\/ru\/wp-json\/wp\/v2\/media?parent=206983"}],"wp:term":[{"taxonomy":"product_brand","embeddable":true,"href":"http:\/\/toystoys.md\/ru\/wp-json\/wp\/v2\/product_brand?post=206983"},{"taxonomy":"product_cat","embeddable":true,"href":"http:\/\/toystoys.md\/ru\/wp-json\/wp\/v2\/product_cat?post=206983"},{"taxonomy":"product_tag","embeddable":true,"href":"http:\/\/toystoys.md\/ru\/wp-json\/wp\/v2\/product_tag?post=206983"}],"curies":[{"name":"wp","href":"https:\/\/api.w.org\/{rel}","templated":true}]}}