{"id":206527,"date":"2024-10-09T23:41:30","date_gmt":"2024-10-09T21:41:30","guid":{"rendered":"https:\/\/toystoys.md\/?post_type=product&#038;p=206527"},"modified":"2025-04-14T10:10:39","modified_gmt":"2025-04-14T08:10:39","slug":"scutece-chilotei-premium-soft-xxl-15-20kg-28buc-joonies","status":"publish","type":"product","link":"http:\/\/toystoys.md\/ru\/shop\/scutece-chilotei-premium-soft-xxl-15-20kg-28buc-joonies\/","title":{"rendered":"\u041f\u043e\u0434\u0433\u0443\u0437\u043d\u0438\u043a\u0438-\u0442\u0440\u0443\u0441\u0438\u043a\u0438 Premium Soft XXL 15-20\u043a\u0433 28\u0448\u0442 Joonies"},"content":{"rendered":"<p>\u0422\u0440\u0443\u0441\u0438\u043a\u0438 \u043d\u043e\u0432\u043e\u0433\u043e \u043f\u043e\u043a\u043e\u043b\u0435\u043d\u0438\u044f, \u0441\u0442\u0430\u043b\u0438 \u0435\u0449\u0451 \u043b\u0443\u0447\u0448\u0435 - \u043c\u044b \u0434\u043e\u0431\u0430\u0432\u0438\u043b\u0438 \u0431\u043e\u043b\u044c\u0448\u0435 \u0430\u0431\u0441\u043e\u0440\u0431\u0435\u043d\u0442\u0430, \u0447\u0442\u043e\u0431\u044b \u0443\u043b\u044c\u0442\u0440\u0430\u0442\u043e\u043d\u043a\u0438\u0435 \u0442\u0440\u0443\u0441\u0438\u043a\u0438 TM Joonies Premium Soft \u0432\u043f\u0438\u0442\u044b\u0432\u0430\u043b\u0438 \u0415\u0429\u0415 \u0411\u041e\u041b\u042c\u0428\u0415 \u0436\u0438\u0434\u043a\u043e\u0441\u0442\u0438. \u0412\u043d\u0435\u0448\u043d\u044f\u044f \u043f\u043e\u0432\u0435\u0440\u0445\u043d\u043e\u0441\u0442\u044c \u0442\u0440\u0443\u0441\u0438\u043a\u043e\u0432 \u043d\u0430\u043f\u043e\u043c\u0438\u043d\u0430\u0435\u0442 \u041a\u0410\u0428\u0415\u041c\u0418\u0420, \u043e\u043d\u0438 \u043e\u0447\u0435\u043d\u044c \u043f\u0440\u0438\u044f\u0442\u043d\u044b \u0442\u0435\u043b\u0443 \u0438 \u043d\u0435 \u0437\u0430\u043c\u0435\u0442\u043d\u044b \u043f\u043e\u0434 \u043e\u0434\u0435\u0436\u0434\u043e\u0439. \u0420\u0430\u0432\u043d\u043e\u043c\u0435\u0440\u043d\u043e\u0435 \u0432\u043f\u0438\u0442\u044b\u0432\u0430\u043d\u0438\u0435 \u043f\u043e \u0432\u0441\u0435\u0439 \u043f\u043e\u0432\u0435\u0440\u0445\u043d\u043e\u0441\u0442\u0438 \u0432\u043d\u0443\u0442\u0440\u0435\u043d\u043d\u0435\u0433\u043e \u0441\u043b\u043e\u044f \u043f\u043e\u0437\u0432\u043e\u043b\u044f\u0435\u0442 \u043c\u0430\u043b\u044b\u0448\u0443 \u0447\u0443\u0432\u0441\u0442\u0432\u043e\u0432\u0430\u0442\u044c \u0441\u0435\u0431\u044f \u043a\u043e\u043c\u0444\u043e\u0440\u0442\u043d\u043e \u0432 \u0442\u0440\u0443\u0441\u0438\u043a\u0430\u0445 \u0434\u043e 12 \u0447\u0430\u0441\u043e\u0432. 3D \u0440\u0435\u043b\u044c\u0435\u0444 \u0432\u043d\u0443\u0442\u0440\u0435\u043d\u043d\u0435\u0439 \u043f\u043e\u0432\u0435\u0440\u0445\u043d\u043e\u0441\u0442\u0438 \u0443\u043c\u0435\u043d\u044c\u0448\u0430\u0435\u0442 \u043f\u043b\u043e\u0449\u0430\u0434\u044c \u043a\u0430\u0441\u0430\u043d\u0438\u044f \u043f\u043e\u0434\u0433\u0443\u0437\u043d\u0438\u043a\u0430 \u0441 \u043a\u043e\u0436\u0435\u0439 \u0440\u0435\u0431\u0435\u043d\u043a\u0430, \u0447\u0442\u043e \u043f\u043e\u043c\u043e\u0433\u0430\u0435\u0442 \u0438\u0437\u0431\u0435\u0436\u0430\u0442\u044c \u0440\u0430\u0437\u0434\u0440\u0430\u0436\u0435\u043d\u0438\u044f. \u0411\u043b\u0430\u0433\u043e\u0434\u0430\u0440\u044f \u0434\u0432\u0443\u0445\u0441\u043b\u043e\u0439\u043d\u043e\u043c\u0443 \u043c\u0430\u0442\u0435\u0440\u0438\u0430\u043b\u0443, \u043f\u043e\u0432\u0435\u0440\u0445\u043d\u043e\u0441\u0442\u044c \u0432\u0441\u0435\u0433\u0434\u0430 \u043e\u0441\u0442\u0430\u0435\u0442\u0441\u044f \u0441\u0443\u0445\u043e\u0439. \u0412\u043f\u0438\u0442\u044b\u0432\u0430\u044e\u0449\u0438\u0439 \u0441\u043b\u043e\u0439 \u0442\u0440\u0443\u0441\u0438\u043a\u043e\u0432 \u0441\u043e\u0441\u0442\u043e\u0438\u0442 \u0438\u0437 \u043f\u0440\u0435\u043c\u0438\u0430\u043b\u044c\u043d\u043e\u0433\u043e \u0441\u043e\u0432\u0440\u0435\u043c\u0435\u043d\u043d\u043e\u0433\u043e \u0430\u0431\u0441\u043e\u0440\u0431\u0435\u043d\u0442\u0430, \u0432\u043e\u0437\u0434\u0443\u0448\u043d\u043e\u0439 \u0446\u0435\u043b\u043b\u044e\u043b\u043e\u0437\u044b \u0438 \u0432\u043e\u0437\u0434\u0443\u0448\u043d\u043e\u0433\u043e \u043d\u0435\u0442\u043a\u0430\u043d\u043e\u0433\u043e \u043c\u0430\u0442\u0435\u0440\u0438\u0430\u043b\u0430, \u0431\u043b\u0430\u0433\u043e\u0434\u0430\u0440\u044f \u0447\u0435\u043c\u0443 \u0430\u0431\u0441\u043e\u0440\u0431\u0438\u0440\u0443\u044e\u0449\u0438\u0439 \u0441\u043b\u043e\u0439 \u043d\u0435 \u0440\u0430\u0437\u0434\u0443\u0435\u0442\u0441\u044f \u0438 \u043d\u0435 \u0441\u043a\u043e\u043c\u043a\u0430\u0435\u0442\u0441\u044f. \u0423 \u043a\u0430\u0436\u0434\u043e\u0433\u043e \u0440\u0430\u0437\u043c\u0435\u0440\u0430 \u0442\u0435\u043f\u0435\u0440\u044c \u0441\u0432\u043e\u0439 \u043c\u0438\u043b\u0435\u0439\u0448\u0438\u0439 \u0434\u0438\u0437\u0430\u0439\u043d \u0442\u0440\u0443\u0441\u0438\u043a\u043e\u0432.<\/p>\n<p>\u0421\u043e\u0441\u0442\u0430\u0432:<br \/>\n- \u0412\u043d\u0443\u0442\u0440\u0435\u043d\u043d\u044f\u044f \u043f\u043e\u0432\u0435\u0440\u0445\u043d\u043e\u0441\u0442\u044c: \u043f\u043e\u043b\u0438\u043e\u043b\u0435\u0444\u0438\u043d \u043d\u0435\u0442\u043a\u0430\u043d\u043e\u0433\u043e \u0442\u0438\u043f\u0430 .<br \/>\n- \u0412\u043f\u0438\u0442\u044b\u0432\u0430\u044e\u0449\u0438\u0439 \u0441\u043b\u043e\u0439: \u043f\u043e\u043b\u0438\u043f\u0440\u043e\u043f\u0438\u043b\u0435\u043d, \u043f\u043e\u043b\u0438\u044d\u0441\u0442\u0435\u0440, \u0434\u0440\u0435\u0432\u0435\u0441\u043d\u043e\u0435 \u0432\u043e\u043b\u043e\u043a\u043d\u043e, \u043f\u043e\u043b\u0438\u043e\u043b\u0435\u0444\u0438\u043d, \u0432\u044b\u0441\u043e\u043a\u043e\u043b\u043c\u043e\u043b\u0435\u043a\u0443\u043b\u044f\u0440\u043d\u044b\u0439 \u0430\u0431\u0441\u043e\u0440\u0431\u0438\u0440\u0443\u044e\u0449\u0438\u0439 \u043f\u043e\u043b\u0438\u043c\u0435\u0440.<br \/>\n- \u0412\u043e\u0434\u043e\u043d\u0435\u043f\u0440\u043e\u0438\u043d\u0438\u0446\u0430\u0435\u043c\u044b\u0439 \u043c\u0430\u0442\u0435\u0440\u0438\u0430\u043b: \u043f\u043e\u043b\u0438\u044d\u0442\u0438\u043b\u0435\u043d\u043e\u0432\u0430\u044f \u043f\u043b\u0435\u043d\u043a\u0430.<br \/>\n- \u0411\u043e\u0440\u0442\u0438\u043a\u0438 \u043e\u0442 \u0431\u043e\u043a\u043e\u0432\u044b\u0445 \u043f\u0440\u043e\u0442\u0435\u043a\u0430\u043d\u0438\u0439: \u043f\u043e\u043b\u0438\u043e\u043b\u0435\u0444\u0438\u043d. \u041b\u0438\u043f\u0443\u0447\u043a\u0438: \u043f\u043e\u043b\u0438\u043f\u0440\u043e\u043f\u0438\u043b\u0435\u043d.<br \/>\n- \u042d\u043b\u0430\u0441\u0442\u0438\u0447\u043d\u044b\u0439 \u043c\u0430\u0442\u0435\u0440\u0438\u0430\u043b: \u043f\u043e\u043b\u0438\u0443\u0440\u0435\u0442\u0430\u043d.<br \/>\n- \u0421\u0432\u044f\u0437\u044b\u0432\u0430\u044e\u0449\u0438\u0439 \u043c\u0430\u0442\u0435\u0440\u0438\u0430\u043b: \u044d\u043b\u0430\u0441\u0442\u043e\u043f\u043e\u043b\u0438\u043c\u0435\u0440 \u0441\u0442\u0438\u0440\u043e\u043b\u043e\u0432\u043e\u0433\u043e \u0442\u0438\u043f\u0430.<\/p>","protected":false},"excerpt":{"rendered":"<p>Chilo\u021bii de nou\u0103 genera\u021bie tocmai au devenit \u0219i mai buni \u2013 am ad\u0103ugat mai mult absorbant, astfel \u00eenc\u00e2t chilo\u021bii ultra-sub\u021biri<\/p>","protected":false},"featured_media":206528,"comment_status":"closed","ping_status":"closed","template":"..\/public\/views\/revslider-page-template.php","meta":{"_monsterinsights_skip_tracking":false,"_monsterinsights_sitenote_active":false,"_monsterinsights_sitenote_note":"","_monsterinsights_sitenote_category":0},"product_brand":[],"product_cat":[55,1141,50,317],"product_tag":[],"class_list":{"0":"post-206527","1":"product","2":"type-product","3":"status-publish","4":"has-post-thumbnail","6":"product_cat-toate-produsele","7":"product_cat-produse-pentru-bebelusi","8":"product_cat-iginina","9":"product_cat-scutece","11":"first","12":"instock","13":"shipping-taxable","14":"purchasable","15":"product-type-simple"},"_links":{"self":[{"href":"http:\/\/toystoys.md\/ru\/wp-json\/wp\/v2\/product\/206527","targetHints":{"allow":["GET"]}}],"collection":[{"href":"http:\/\/toystoys.md\/ru\/wp-json\/wp\/v2\/product"}],"about":[{"href":"http:\/\/toystoys.md\/ru\/wp-json\/wp\/v2\/types\/product"}],"replies":[{"embeddable":true,"href":"http:\/\/toystoys.md\/ru\/wp-json\/wp\/v2\/comments?post=206527"}],"wp:featuredmedia":[{"embeddable":true,"href":"http:\/\/toystoys.md\/ru\/wp-json\/wp\/v2\/media\/206528"}],"wp:attachment":[{"href":"http:\/\/toystoys.md\/ru\/wp-json\/wp\/v2\/media?parent=206527"}],"wp:term":[{"taxonomy":"product_brand","embeddable":true,"href":"http:\/\/toystoys.md\/ru\/wp-json\/wp\/v2\/product_brand?post=206527"},{"taxonomy":"product_cat","embeddable":true,"href":"http:\/\/toystoys.md\/ru\/wp-json\/wp\/v2\/product_cat?post=206527"},{"taxonomy":"product_tag","embeddable":true,"href":"http:\/\/toystoys.md\/ru\/wp-json\/wp\/v2\/product_tag?post=206527"}],"curies":[{"name":"wp","href":"https:\/\/api.w.org\/{rel}","templated":true}]}}