{"id":206310,"date":"2024-10-09T00:18:15","date_gmt":"2024-10-08T22:18:15","guid":{"rendered":"https:\/\/toystoys.md\/?post_type=product&#038;p=206310"},"modified":"2024-10-09T00:18:20","modified_gmt":"2024-10-08T22:18:20","slug":"set-de-baie-i-need-more-spase-martinelia","status":"publish","type":"product","link":"http:\/\/toystoys.md\/ru\/shop\/set-de-baie-i-need-more-spase-martinelia\/","title":{"rendered":"Set de baie I Need More Spase MARTINELIA"},"content":{"rendered":"<p>Descoperi\u021bi \u00eengrijirea corporal\u0103 complet\u0103 \u0219i de calitate superioar\u0103 pentru cei mici cu Setul de Baie Martinelia I Need More Space Infantil. Acest set exclusiv con\u021bine tot ce ave\u021bi nevoie pentru a asigura igiena personal\u0103 perfect\u0103 a copiilor vo\u0219tri, oferindu-le o experien\u021b\u0103 pl\u0103cut\u0103 \u0219i relaxant\u0103 \u00een timpul b\u0103ii.<\/p>\n<p>Cu produsele originale Martinelia, sunte\u021bi sigur de a alege cele mai bune produse de \u00eengrijire personal\u0103 pentru cei mici. Setul include o trus\u0103 practic\u0103, un burete delicat, precum \u0219i un gel de du\u0219 \u0219i o lo\u021biune de corp, ambele cu un volum de 100 ml.<\/p>\n<p>Aceste produse sunt potrivite pentru copiii cu v\u00e2rsta de peste 3 ani \u0219i au un parfum proasp\u0103t \u0219i revigorant ce va transforma timpul de baie \u00eentr-un moment plin de \u00eenviorare \u0219i energie. Formula lor hidratant\u0103 asigur\u0103 o piele moale \u0219i catifelat\u0103, l\u0103s\u00e2nd un parfum subtil \u0219i r\u0103coritor.<\/p>\n<p>Setul de Baie Martinelia I Need More Space Infantil este un cadou perfect pentru cei mici, oferindu-le o experien\u021b\u0103 pl\u0103cut\u0103 \u0219i distractiv\u0103 \u00een timpul b\u0103ii. Acum pute\u021bi transforma baia \u00eentr-o adev\u0103rat\u0103 aventur\u0103 spa\u021bial\u0103.<\/p>\n<p>Alege\u021bi calitatea \u0219i \u00eendr\u0103zni\u021bi s\u0103 visa\u021bi cu Martinelia!<\/p>","protected":false},"excerpt":{"rendered":"<p>Descoperi\u021bi \u00eengrijirea corporal\u0103 complet\u0103 \u0219i de calitate superioar\u0103 pentru cei mici cu Setul de Baie Martinelia I Need More Space<\/p>","protected":false},"featured_media":206313,"comment_status":"closed","ping_status":"closed","template":"..\/public\/views\/revslider-page-template.php","meta":{"_monsterinsights_skip_tracking":false,"_monsterinsights_sitenote_active":false,"_monsterinsights_sitenote_note":"","_monsterinsights_sitenote_category":0},"product_brand":[],"product_cat":[55,50,1105,1102],"product_tag":[],"class_list":{"0":"post-206310","1":"product","2":"type-product","3":"status-publish","4":"has-post-thumbnail","6":"product_cat-toate-produsele","7":"product_cat-iginina","8":"product_cat-produse-pentru-baie","9":"product_cat-produse-cosmetice-pentru-ingrijirea-pielii","11":"first","12":"instock","13":"shipping-taxable","14":"purchasable","15":"product-type-simple"},"_links":{"self":[{"href":"http:\/\/toystoys.md\/ru\/wp-json\/wp\/v2\/product\/206310","targetHints":{"allow":["GET"]}}],"collection":[{"href":"http:\/\/toystoys.md\/ru\/wp-json\/wp\/v2\/product"}],"about":[{"href":"http:\/\/toystoys.md\/ru\/wp-json\/wp\/v2\/types\/product"}],"replies":[{"embeddable":true,"href":"http:\/\/toystoys.md\/ru\/wp-json\/wp\/v2\/comments?post=206310"}],"wp:featuredmedia":[{"embeddable":true,"href":"http:\/\/toystoys.md\/ru\/wp-json\/wp\/v2\/media\/206313"}],"wp:attachment":[{"href":"http:\/\/toystoys.md\/ru\/wp-json\/wp\/v2\/media?parent=206310"}],"wp:term":[{"taxonomy":"product_brand","embeddable":true,"href":"http:\/\/toystoys.md\/ru\/wp-json\/wp\/v2\/product_brand?post=206310"},{"taxonomy":"product_cat","embeddable":true,"href":"http:\/\/toystoys.md\/ru\/wp-json\/wp\/v2\/product_cat?post=206310"},{"taxonomy":"product_tag","embeddable":true,"href":"http:\/\/toystoys.md\/ru\/wp-json\/wp\/v2\/product_tag?post=206310"}],"curies":[{"name":"wp","href":"https:\/\/api.w.org\/{rel}","templated":true}]}}