{"id":206293,"date":"2024-10-09T00:07:05","date_gmt":"2024-10-08T22:07:05","guid":{"rendered":"https:\/\/toystoys.md\/?post_type=product&#038;p=206293"},"modified":"2024-10-09T00:07:10","modified_gmt":"2024-10-08T22:07:10","slug":"set-16-lacuri-de-unghii-little-unicorn-martinelia","status":"publish","type":"product","link":"http:\/\/toystoys.md\/ru\/shop\/set-16-lacuri-de-unghii-little-unicorn-martinelia\/","title":{"rendered":"Set 16 lacuri de unghii LITTLE UNICORN MARTINELIA"},"content":{"rendered":"<p>Acest set de 12 decora\u021biuni pentru unghii cu ceas este perfect pentru copiii de toate v\u00e2rstele.<br \/>\nLas\u0103-i s\u0103-\u0219i dezl\u0103n\u021buie creativitatea \u00een timp ce se distreaz\u0103 pict\u00e2ndu-\u0219i unghiile.<\/p>","protected":false},"excerpt":{"rendered":"<p>Acest set de 12 decora\u021biuni pentru unghii cu ceas este perfect pentru copiii de toate v\u00e2rstele. Las\u0103-i s\u0103-\u0219i dezl\u0103n\u021buie creativitatea<\/p>","protected":false},"featured_media":206297,"comment_status":"closed","ping_status":"closed","template":"..\/public\/views\/revslider-page-template.php","meta":{"_monsterinsights_skip_tracking":false,"_monsterinsights_sitenote_active":false,"_monsterinsights_sitenote_note":"","_monsterinsights_sitenote_category":0},"product_brand":[],"product_cat":[55,1137,38],"product_tag":[],"class_list":{"0":"post-206293","1":"product","2":"type-product","3":"status-publish","4":"has-post-thumbnail","6":"product_cat-toate-produsele","7":"product_cat-jucarii","8":"product_cat-cosmetica-decorativa","10":"first","11":"instock","12":"shipping-taxable","13":"purchasable","14":"product-type-simple"},"_links":{"self":[{"href":"http:\/\/toystoys.md\/ru\/wp-json\/wp\/v2\/product\/206293","targetHints":{"allow":["GET"]}}],"collection":[{"href":"http:\/\/toystoys.md\/ru\/wp-json\/wp\/v2\/product"}],"about":[{"href":"http:\/\/toystoys.md\/ru\/wp-json\/wp\/v2\/types\/product"}],"replies":[{"embeddable":true,"href":"http:\/\/toystoys.md\/ru\/wp-json\/wp\/v2\/comments?post=206293"}],"wp:featuredmedia":[{"embeddable":true,"href":"http:\/\/toystoys.md\/ru\/wp-json\/wp\/v2\/media\/206297"}],"wp:attachment":[{"href":"http:\/\/toystoys.md\/ru\/wp-json\/wp\/v2\/media?parent=206293"}],"wp:term":[{"taxonomy":"product_brand","embeddable":true,"href":"http:\/\/toystoys.md\/ru\/wp-json\/wp\/v2\/product_brand?post=206293"},{"taxonomy":"product_cat","embeddable":true,"href":"http:\/\/toystoys.md\/ru\/wp-json\/wp\/v2\/product_cat?post=206293"},{"taxonomy":"product_tag","embeddable":true,"href":"http:\/\/toystoys.md\/ru\/wp-json\/wp\/v2\/product_tag?post=206293"}],"curies":[{"name":"wp","href":"https:\/\/api.w.org\/{rel}","templated":true}]}}