{"id":206284,"date":"2024-10-09T00:03:20","date_gmt":"2024-10-08T22:03:20","guid":{"rendered":"https:\/\/toystoys.md\/?post_type=product&#038;p=206284"},"modified":"2024-10-09T00:03:26","modified_gmt":"2024-10-08T22:03:26","slug":"set-de-infrumusetare-nails-and-tattoo-my-best-friends-martinelia","status":"publish","type":"product","link":"http:\/\/toystoys.md\/ru\/shop\/set-de-infrumusetare-nails-and-tattoo-my-best-friends-martinelia\/","title":{"rendered":"Set de infrumusetare Nails and Tattoo My Best Friends MARTINELIA"},"content":{"rendered":"<p>Puterea unghiilor! \u00cen acest set de unghii vei g\u0103si tot ce ai nevoie pentru cea mai fantastic\u0103 manichiur\u0103. Include 3 lacuri de unghii in culorile tale preferate, diverse sclipici si forme de decorat. Include, de asemenea, c\u00e2teva tatuaje temporare frumoase \u0219i o pung\u0103 de toalet\u0103 pentru a depozita totul!<br \/>\n\u0421\u043e\u0434\u0435\u0440\u0436\u0430\u043d\u0438\u0435:<br \/>\n&#8211; 3 lacuri de unghii<br \/>\n&#8211; Autocolante cu pietre pre\u021bioase<br \/>\n&#8211; Tatuaje corporale<br \/>\n&#8211; Geanta cosmetice<\/p>\n<p>Cu aceste produse, cei mici de acasa isi vor putea explora creativitatea si se vor bucura de momente de joaca si distractie in timp ce experimenteaza cu diferite culori si stiluri.<br \/>\nTestat dermatologic, sigur pentru pielea sensibil\u0103 a copiilor.<br \/>\nIndepartati machiajul\/oja folosind sapun si apa calduta.<\/p>\n<p>Avertismente: Nerecomandat copiilor cu varsta sub 3 ani. Se recomanda a se utiliza sub supravegherea unui adult. Poate contine parti mici ce pot fi inghitite. A se evita ingerarea produselor, sau contactul cu ochii. In acest caz, clatiti cu multa apa. Contine arome care pot cauza alergii. Daca apar semne de iritatii, intrerupeti folosirea. Depozitati 5-25 grade C.<\/p>","protected":false},"excerpt":{"rendered":"<p>Puterea unghiilor! \u00cen acest set de unghii vei g\u0103si tot ce ai nevoie pentru cea mai fantastic\u0103 manichiur\u0103. Include 3<\/p>","protected":false},"featured_media":206287,"comment_status":"closed","ping_status":"closed","template":"..\/public\/views\/revslider-page-template.php","meta":{"_monsterinsights_skip_tracking":false,"_monsterinsights_sitenote_active":false,"_monsterinsights_sitenote_note":"","_monsterinsights_sitenote_category":0},"product_brand":[],"product_cat":[55,1137,38],"product_tag":[],"class_list":{"0":"post-206284","1":"product","2":"type-product","3":"status-publish","4":"has-post-thumbnail","6":"product_cat-toate-produsele","7":"product_cat-jucarii","8":"product_cat-cosmetica-decorativa","10":"first","11":"instock","12":"shipping-taxable","13":"product-type-simple"},"_links":{"self":[{"href":"http:\/\/toystoys.md\/ru\/wp-json\/wp\/v2\/product\/206284","targetHints":{"allow":["GET"]}}],"collection":[{"href":"http:\/\/toystoys.md\/ru\/wp-json\/wp\/v2\/product"}],"about":[{"href":"http:\/\/toystoys.md\/ru\/wp-json\/wp\/v2\/types\/product"}],"replies":[{"embeddable":true,"href":"http:\/\/toystoys.md\/ru\/wp-json\/wp\/v2\/comments?post=206284"}],"wp:featuredmedia":[{"embeddable":true,"href":"http:\/\/toystoys.md\/ru\/wp-json\/wp\/v2\/media\/206287"}],"wp:attachment":[{"href":"http:\/\/toystoys.md\/ru\/wp-json\/wp\/v2\/media?parent=206284"}],"wp:term":[{"taxonomy":"product_brand","embeddable":true,"href":"http:\/\/toystoys.md\/ru\/wp-json\/wp\/v2\/product_brand?post=206284"},{"taxonomy":"product_cat","embeddable":true,"href":"http:\/\/toystoys.md\/ru\/wp-json\/wp\/v2\/product_cat?post=206284"},{"taxonomy":"product_tag","embeddable":true,"href":"http:\/\/toystoys.md\/ru\/wp-json\/wp\/v2\/product_tag?post=206284"}],"curies":[{"name":"wp","href":"https:\/\/api.w.org\/{rel}","templated":true}]}}