{"id":206281,"date":"2024-10-09T00:00:17","date_gmt":"2024-10-08T22:00:17","guid":{"rendered":"https:\/\/toystoys.md\/?post_type=product&#038;p=206281"},"modified":"2024-10-09T00:13:08","modified_gmt":"2024-10-08T22:13:08","slug":"set-de-baie-complete-bath-set-galaxy-dreams-martinelia","status":"publish","type":"product","link":"http:\/\/toystoys.md\/ru\/shop\/set-de-baie-complete-bath-set-galaxy-dreams-martinelia\/","title":{"rendered":"Set de baie Complete Bath Set GALAXY DREAMS Martinelia"},"content":{"rendered":"<p>Acest set din colec\u021bia Galaxy Dreams con\u021bine tot ce ave\u021bi nevoie pentru a crea un adev\u0103rat spa acas\u0103. Toate produsele au o compozi\u021bie moale, ideal\u0103 pentru \u00eengrijirea p\u0103rului \u0219i a corpului copiilor. Ritualuri de baie relaxante direct din visele tale.<\/p>\n<p>Setul \u00eenclude:<br \/>\n&#8211; Sampon 150 ml.<br \/>\n&#8211; Gel de dus 150 ml.<br \/>\n&#8211; Spray de corp 150 ml.<br \/>\n&#8211; Sare de baie 100 g.<br \/>\n&#8211; Bule de baie 3x60g.<\/p>","protected":false},"excerpt":{"rendered":"<p>Acest set din colec\u021bia Galaxy Dreams con\u021bine tot ce ave\u021bi nevoie pentru a crea un adev\u0103rat spa acas\u0103. Toate produsele<\/p>","protected":false},"featured_media":206285,"comment_status":"closed","ping_status":"closed","template":"..\/public\/views\/revslider-page-template.php","meta":{"_monsterinsights_skip_tracking":false,"_monsterinsights_sitenote_active":false,"_monsterinsights_sitenote_note":"","_monsterinsights_sitenote_category":0},"product_brand":[],"product_cat":[55,50,1105,1103,1102],"product_tag":[],"class_list":{"0":"post-206281","1":"product","2":"type-product","3":"status-publish","4":"has-post-thumbnail","6":"product_cat-toate-produsele","7":"product_cat-iginina","8":"product_cat-produse-pentru-baie","9":"product_cat-ingrijirea-parului","10":"product_cat-produse-cosmetice-pentru-ingrijirea-pielii","12":"first","13":"instock","14":"shipping-taxable","15":"product-type-simple"},"_links":{"self":[{"href":"http:\/\/toystoys.md\/ru\/wp-json\/wp\/v2\/product\/206281","targetHints":{"allow":["GET"]}}],"collection":[{"href":"http:\/\/toystoys.md\/ru\/wp-json\/wp\/v2\/product"}],"about":[{"href":"http:\/\/toystoys.md\/ru\/wp-json\/wp\/v2\/types\/product"}],"replies":[{"embeddable":true,"href":"http:\/\/toystoys.md\/ru\/wp-json\/wp\/v2\/comments?post=206281"}],"wp:featuredmedia":[{"embeddable":true,"href":"http:\/\/toystoys.md\/ru\/wp-json\/wp\/v2\/media\/206285"}],"wp:attachment":[{"href":"http:\/\/toystoys.md\/ru\/wp-json\/wp\/v2\/media?parent=206281"}],"wp:term":[{"taxonomy":"product_brand","embeddable":true,"href":"http:\/\/toystoys.md\/ru\/wp-json\/wp\/v2\/product_brand?post=206281"},{"taxonomy":"product_cat","embeddable":true,"href":"http:\/\/toystoys.md\/ru\/wp-json\/wp\/v2\/product_cat?post=206281"},{"taxonomy":"product_tag","embeddable":true,"href":"http:\/\/toystoys.md\/ru\/wp-json\/wp\/v2\/product_tag?post=206281"}],"curies":[{"name":"wp","href":"https:\/\/api.w.org\/{rel}","templated":true}]}}