{"id":205662,"date":"2024-10-02T09:55:06","date_gmt":"2024-10-02T07:55:06","guid":{"rendered":"https:\/\/toystoys.md\/?post_type=product&#038;p=205662"},"modified":"2024-11-06T14:50:29","modified_gmt":"2024-11-06T12:50:29","slug":"jucarie-mmw-chitara-electronica-56-cm-simba","status":"publish","type":"product","link":"http:\/\/toystoys.md\/ru\/shop\/jucarie-mmw-chitara-electronica-56-cm-simba\/","title":{"rendered":"\u0418\u0433\u0440\u0443\u0448\u043a\u0430 MMW \u042d\u043b\u0435\u043a\u0442\u0440\u043e\u043d\u043d\u0430\u044f \u0433\u0438\u0442\u0430\u0440\u0430 56 \u0441\u043c Simba"},"content":{"rendered":"<p>\u042d\u043b\u0435\u043a\u0442\u0440\u043e\u043d\u043d\u0430\u044f \u0420\u043e\u043a-\u0433\u0438\u0442\u0430\u0440\u0430 \u043e\u0442 Simba \u043f\u043e\u0437\u0432\u043e\u043b\u044f\u0442 \u0432\u0430\u0448\u0435\u043c\u0443 \u0440\u0435\u0431\u0451\u043d\u043a\u0443 \u043f\u0440\u043e\u0434\u0435\u043c\u043e\u043d\u0441\u0442\u0440\u0438\u0440\u043e\u0432\u0430\u0442\u044c \u0441\u0432\u043e\u0439 \u0442\u0430\u043b\u0430\u043d\u0442. \u0423 \u0433\u0438\u0442\u0430\u0440\u044b \u043c\u0435\u0442\u0430\u043b\u043b\u0438\u0447\u0435\u0441\u043a\u0438\u0435 \u0441\u0442\u0440\u0443\u043d\u044b \u2014 \u043e\u043d\u0430 \u0437\u0432\u0443\u0447\u0438\u0442 \u0438 \u0432\u044b\u0433\u043b\u044f\u0434\u0438\u0442 \u0441\u043e\u0432\u0441\u0435\u043c \u043a\u0430\u043a \u043d\u0430\u0441\u0442\u043e\u044f\u0449\u0430\u044f!<\/p>\n<p>\u0414\u0438\u0437\u0430\u0439\u043d \u0432\u044b\u043f\u043e\u043b\u043d\u0435\u043d \u0432 \u0440\u043e\u0437\u043e\u0432\u044b\u0445 \u0442\u043e\u043d\u0430\u0445 \u0438 \u043f\u0440\u0435\u043a\u0440\u0430\u0441\u043d\u043e \u043f\u043e\u0434\u043e\u0439\u0434\u0451\u0442 \u0434\u043b\u044f \u043d\u0430\u0447\u0438\u043d\u0430\u044e\u0449\u0438\u0445 \u0440\u043e\u043a-\u0438\u0441\u043f\u043e\u043b\u043d\u0438\u0442\u0435\u043b\u044c\u043d\u0438\u0446.<\/p>\n<p>\u0418\u0433\u0440\u0443\u0448\u0435\u0447\u043d\u0430\u044f \u0433\u0438\u0442\u0430\u0440\u0430 \u0434\u043b\u044f \u0434\u0435\u0432\u043e\u0447\u0435\u043a \u0432 \u043d\u0435\u043f\u043e\u0432\u0442\u043e\u0440\u0438\u043c\u043e\u043c \u0440\u043e\u0437\u043e\u0432\u043e\u043c \u0446\u0432\u0435\u0442\u0435 \u0441 \u043d\u0430\u0441\u0442\u043e\u044f\u0449\u0438\u043c\u0438 \u043c\u0435\u0442\u0430\u043b\u043b\u0438\u0447\u0435\u0441\u043a\u0438\u043c\u0438 \u0441\u0442\u0440\u0443\u043d\u0430\u043c\u0438, \u043a\u043e\u0442\u043e\u0440\u044b\u0435 \u043c\u043e\u0436\u043d\u043e \u043d\u0430\u0441\u0442\u0440\u0430\u0438\u0432\u0430\u0442\u044c \u0438 \u0438\u0433\u0440\u0430\u0442\u044c! \u0410 \u0435\u0449\u0435 \u043d\u0430 \u0433\u0438\u0442\u0430\u0440\u0435 \u0435\u0441\u0442\u044c \u043a\u043d\u043e\u043f\u043e\u0447\u043a\u0438 \u0441 \u043c\u0435\u043b\u043e\u0434\u0438\u044f\u043c\u0438!<\/p>","protected":false},"excerpt":{"rendered":"<p>Chitara rock electronic\u0103 Simba permite copilului dumneavoastr\u0103 s\u0103-\u0219i arate talentul. Chitara are corzi metalice &#8211; sun\u0103 \u0219i arat\u0103 exact ca<\/p>","protected":false},"featured_media":205663,"comment_status":"closed","ping_status":"closed","template":"..\/public\/views\/revslider-page-template.php","meta":{"_monsterinsights_skip_tracking":false,"_monsterinsights_sitenote_active":false,"_monsterinsights_sitenote_note":"","_monsterinsights_sitenote_category":0},"product_brand":[],"product_cat":[55,1137,37],"product_tag":[],"class_list":{"0":"post-205662","1":"product","2":"type-product","3":"status-publish","4":"has-post-thumbnail","6":"product_cat-toate-produsele","7":"product_cat-jucarii","8":"product_cat-instrumente-muzicale","10":"first","11":"outofstock","12":"shipping-taxable","13":"purchasable","14":"product-type-simple"},"_links":{"self":[{"href":"http:\/\/toystoys.md\/ru\/wp-json\/wp\/v2\/product\/205662","targetHints":{"allow":["GET"]}}],"collection":[{"href":"http:\/\/toystoys.md\/ru\/wp-json\/wp\/v2\/product"}],"about":[{"href":"http:\/\/toystoys.md\/ru\/wp-json\/wp\/v2\/types\/product"}],"replies":[{"embeddable":true,"href":"http:\/\/toystoys.md\/ru\/wp-json\/wp\/v2\/comments?post=205662"}],"wp:featuredmedia":[{"embeddable":true,"href":"http:\/\/toystoys.md\/ru\/wp-json\/wp\/v2\/media\/205663"}],"wp:attachment":[{"href":"http:\/\/toystoys.md\/ru\/wp-json\/wp\/v2\/media?parent=205662"}],"wp:term":[{"taxonomy":"product_brand","embeddable":true,"href":"http:\/\/toystoys.md\/ru\/wp-json\/wp\/v2\/product_brand?post=205662"},{"taxonomy":"product_cat","embeddable":true,"href":"http:\/\/toystoys.md\/ru\/wp-json\/wp\/v2\/product_cat?post=205662"},{"taxonomy":"product_tag","embeddable":true,"href":"http:\/\/toystoys.md\/ru\/wp-json\/wp\/v2\/product_tag?post=205662"}],"curies":[{"name":"wp","href":"https:\/\/api.w.org\/{rel}","templated":true}]}}