{"id":202984,"date":"2024-08-26T14:35:33","date_gmt":"2024-08-26T12:35:33","guid":{"rendered":"https:\/\/toystoys.md\/?post_type=product&#038;p=202984"},"modified":"2025-01-21T15:04:32","modified_gmt":"2025-01-21T13:04:32","slug":"set-de-joc-papusa-picknic-cu-accesorii-barbie-mattel","status":"publish","type":"product","link":"http:\/\/toystoys.md\/ru\/shop\/set-de-joc-papusa-picknic-cu-accesorii-barbie-mattel\/","title":{"rendered":"\u0418\u0433\u0440\u043e\u0432\u043e\u0439 \u043d\u0430\u0431\u043e\u0440 \u041a\u0443\u043a\u043b\u0430 - \u041f\u0438\u043a\u043d\u0438\u043a \u0441 \u0430\u043a\u0441\u0435\u0441\u0441\u0443\u0430\u0440\u0430\u043c\u0438 Barbie MATTEL"},"content":{"rendered":"<p>\u041f\u043e\u0447\u0443\u0432\u0441\u0442\u0432\u0443\u0439\u0442\u0435 \u043f\u0430\u0440\u0438\u0436\u0441\u043a\u0438\u0439 \u0448\u0430\u0440\u043c \u0441 \u044d\u0442\u043e\u0439 \u043a\u0443\u043a\u043b\u043e\u0439 Barbie Pink passport \u0412 \u041f\u0430\u0440\u0438\u0436\u0435!<br \/>\n\u0418\u0437\u044b\u0441\u043a\u0430\u043d\u043d\u0430\u044f \u0438 \u0441\u0442\u0438\u043b\u044c\u043d\u0430\u044f \u043a\u0443\u043a\u043e\u043b\u043a\u0430 \u0433\u043e\u0442\u043e\u0432\u0430 \u043a \u043f\u0440\u043e\u0433\u0443\u043b\u043a\u0435 \u043f\u043e \u043f\u0430\u0440\u043a\u0443 \u0438\u043b\u0438 \u043d\u0435\u0437\u0430\u0431\u044b\u0432\u0430\u0435\u043c\u043e\u043c\u0443 \u043f\u0438\u043a\u043d\u0438\u043a\u0443 \u0432 \u0441\u0432\u043e\u0435\u043c \u043f\u043e\u043b\u043e\u0441\u0430\u0442\u043e\u043c \u0431\u0435\u043b\u043e-\u043a\u0440\u0430\u0441\u043d\u043e\u043c \u043f\u043b\u0430\u0442\u044c\u0435, \u043d\u0430 \u043a\u0430\u0431\u043b\u0443\u043a\u0435, \u0441 \u0440\u043e\u0437\u043e\u0432\u044b\u043c \u0431\u0435\u0440\u0435\u0442\u043e\u043c \u0438 \u0441\u0443\u043c\u043e\u0447\u043a\u043e\u0439.<\/p>\n<p>\u0421\u043e\u0437\u0434\u0430\u0439\u0442\u0435 \u0430\u0442\u043c\u043e\u0441\u0444\u0435\u0440\u0443 \u0444\u0440\u0430\u043d\u0446\u0443\u0437\u0441\u043a\u043e\u0433\u043e \u0448\u0438\u043a\u0430 \u0441 \u0430\u043a\u0441\u0435\u0441\u0441\u0443\u0430\u0440\u0430\u043c\u0438, \u0432\u0445\u043e\u0434\u044f\u0449\u0438\u043c\u0438 \u0432 \u043d\u0430\u0431\u043e\u0440, \u0430 \u0438\u043c\u0435\u043d\u043d\u043e:<br \/>\n- \u0446\u0432\u0435\u0442\u043e\u0447\u043d\u044b\u043c \u043e\u0434\u0435\u044f\u043b\u043e\u043c \u0434\u043b\u044f \u043f\u0438\u043a\u043d\u0438\u043a\u0430;<br \/>\n- \u0441\u0442\u043e\u043b\u0438\u043a\u043e\u043c \u0434\u043b\u044f \u0443\u0434\u043e\u0431\u043d\u043e\u0433\u043e \u0443\u0433\u043e\u0449\u0435\u043d\u0438\u044f;<br \/>\n- \u043f\u043b\u0435\u0442\u0435\u043d\u043e\u0439 \u043a\u043e\u0440\u0437\u0438\u043d\u043e\u0439, \u0432 \u043a\u043e\u0442\u043e\u0440\u043e\u0439 Barbie \u043c\u043e\u0436\u0435\u0442 \u043d\u0435\u0441\u0442\u0438 \u0432\u043a\u0443\u0441\u043d\u044b\u0439 \u0431\u0430\u0433\u0435\u0442, \u043a\u0440\u0443\u0430\u0441\u0441\u0430\u043d \u0438 \u0431\u0443\u043a\u0435\u0442 \u0446\u0432\u0435\u0442\u043e\u0432;<br \/>\n- \u0442\u0435\u0440\u043c\u043e\u0441 \u0441 \u043d\u0430\u043f\u0438\u0442\u043a\u043e\u043c \u0434\u043b\u044f \u0443\u0442\u043e\u043b\u0435\u043d\u0438\u044f \u0436\u0430\u0436\u0434\u044b;<br \/>\n- \u0430 \u0442\u0430\u043a\u0436\u0435 \u043a\u0430\u043c\u0435\u0440\u043e\u0439, \u0447\u0442\u043e\u0431\u044b \u0437\u0430\u043f\u0435\u0447\u0430\u0442\u043b\u0435\u0442\u044c \u043b\u0443\u0447\u0448\u0438\u0435 \u043c\u043e\u043c\u0435\u043d\u0442\u044b.<\/p>\n<p>\u0412\u0441\u0435, \u0447\u0442\u043e \u0432\u0430\u043c \u043d\u0443\u0436\u043d\u043e, \u0447\u0442\u043e\u0431\u044b \u0437\u0430\u0432\u0435\u0440\u0448\u0438\u0442\u044c \u0442\u0430\u043a\u043e\u0439 \u0437\u0430\u043c\u0435\u0447\u0430\u0442\u0435\u043b\u044c\u043d\u044b\u0439 \u0434\u0435\u043d\u044c! \u0414\u0435\u0442\u0438 \u043e\u0442 3 \u043b\u0435\u0442 \u0438 \u0441\u0442\u0430\u0440\u0448\u0435 \u043c\u043e\u0433\u0443\u0442 \u043e\u0442\u043f\u0440\u0430\u0432\u0438\u0442\u044c\u0441\u044f \u0432 \u0443\u0432\u043b\u0435\u043a\u0430\u0442\u0435\u043b\u044c\u043d\u043e\u0435 \u043f\u0443\u0442\u0435\u0448\u0435\u0441\u0442\u0432\u0438\u0435 \u043f\u043e \u0432\u0441\u0435\u043c\u0443 \u043c\u0438\u0440\u0443 \u0432\u043c\u0435\u0441\u0442\u0435 \u0441 \u0411\u0430\u0440\u0431\u0438!<\/p>\n<p>\u0412\u043e\u0437\u0440\u0430\u0441\u0442: \u043e\u0442 3 \u043b\u0435\u0442.<br \/>\n\u0412\u044b\u0441\u043e\u0442\u0430 \u043a\u0443\u043a\u043b\u044b: 29 \u0441\u043c.<br \/>\n\u0420\u0430\u0437\u043c\u0435\u0440 \u0443\u043f\u0430\u043a\u043e\u0432\u043a\u0438: 6 \u0445 21 \u0445 33 \u0441\u043c.<br \/>\n\u041f\u0440\u043e\u0438\u0437\u0432\u043e\u0434\u0438\u0442\u0435\u043b\u044c: Mattel (\u0421\u0428\u0410).<\/p>","protected":false},"excerpt":{"rendered":"<p>Sim\u021bi\u021bi farmecul parizian cu aceast\u0103 p\u0103pu\u0219\u0103 pa\u0219aport Barbie Pink la Paris! P\u0103pu\u0219a sofisticat\u0103 \u0219i stilat\u0103 este preg\u0103tit\u0103 pentru o plimbare<\/p>","protected":false},"featured_media":202986,"comment_status":"closed","ping_status":"closed","template":"..\/public\/views\/revslider-page-template.php","meta":{"_monsterinsights_skip_tracking":false,"_monsterinsights_sitenote_active":false,"_monsterinsights_sitenote_note":"","_monsterinsights_sitenote_category":0},"product_brand":[],"product_cat":[55,1137,34,1117,1039,1523],"product_tag":[],"class_list":{"0":"post-202984","1":"product","2":"type-product","3":"status-publish","4":"has-post-thumbnail","6":"product_cat-toate-produsele","7":"product_cat-jucarii","8":"product_cat-papusi-casute","9":"product_cat-papusi-si-seturi","10":"product_cat-eroii","11":"product_cat-barbie-eroii","13":"first","14":"instock","15":"shipping-taxable","16":"purchasable","17":"product-type-simple"},"_links":{"self":[{"href":"http:\/\/toystoys.md\/ru\/wp-json\/wp\/v2\/product\/202984","targetHints":{"allow":["GET"]}}],"collection":[{"href":"http:\/\/toystoys.md\/ru\/wp-json\/wp\/v2\/product"}],"about":[{"href":"http:\/\/toystoys.md\/ru\/wp-json\/wp\/v2\/types\/product"}],"replies":[{"embeddable":true,"href":"http:\/\/toystoys.md\/ru\/wp-json\/wp\/v2\/comments?post=202984"}],"wp:featuredmedia":[{"embeddable":true,"href":"http:\/\/toystoys.md\/ru\/wp-json\/wp\/v2\/media\/202986"}],"wp:attachment":[{"href":"http:\/\/toystoys.md\/ru\/wp-json\/wp\/v2\/media?parent=202984"}],"wp:term":[{"taxonomy":"product_brand","embeddable":true,"href":"http:\/\/toystoys.md\/ru\/wp-json\/wp\/v2\/product_brand?post=202984"},{"taxonomy":"product_cat","embeddable":true,"href":"http:\/\/toystoys.md\/ru\/wp-json\/wp\/v2\/product_cat?post=202984"},{"taxonomy":"product_tag","embeddable":true,"href":"http:\/\/toystoys.md\/ru\/wp-json\/wp\/v2\/product_tag?post=202984"}],"curies":[{"name":"wp","href":"https:\/\/api.w.org\/{rel}","templated":true}]}}