{"id":202801,"date":"2024-08-21T23:41:15","date_gmt":"2024-08-21T21:41:15","guid":{"rendered":""},"modified":"2025-11-18T09:41:19","modified_gmt":"2025-11-18T07:41:19","slug":"prod_6943478038059_sc97996","status":"publish","type":"product","link":"http:\/\/toystoys.md\/ru\/shop\/prod_6943478038059_sc97996\/","title":{"rendered":"\u0421\u043a\u043b\u0430\u0434\u043d\u043e\u0439 \u0434\u0432\u0443\u0441\u0442\u043e\u0440\u043e\u043d\u043d\u0438\u0439 \u0438\u0433\u0440\u043e\u0432\u043e\u0439 \u043a\u043e\u0432\u0440\u0438\u043a \u0434\u043b\u044f \u0434\u0435\u0442\u0435\u0439 177\u0441\u043c X 147\u0441\u043c Hape"},"content":{"rendered":"<p>\u0421\u043e\u0437\u0434\u0430\u0439\u0442\u0435 \u0438\u0434\u0435\u0430\u043b\u044c\u043d\u043e\u0435 \u043c\u0435\u0441\u0442\u043e \u0434\u043b\u044f \u0432\u0430\u0448\u0438\u0445 \u043c\u0430\u043b\u044b\u0448\u0435\u0439, \u0433\u0434\u0435 \u043e\u043d\u0438 \u0441\u043c\u043e\u0433\u0443\u0442 \u0430\u043a\u0442\u0438\u0432\u043d\u043e \u0438\u0433\u0440\u0430\u0442\u044c \u0438 \u0432\u0435\u0441\u0435\u043b\u043e \u0443\u0447\u0438\u0442\u044c\u0441\u044f! \u042d\u0442\u043e\u0442 \u0431\u043e\u043b\u044c\u0448\u043e\u0439, \u0431\u0435\u0437\u043e\u043f\u0430\u0441\u043d\u044b\u0439 \u0438 \u0443\u0434\u043e\u0431\u043d\u044b\u0439 \u043a\u043e\u0432\u0440\u0438\u043a \u0438\u0434\u0435\u0430\u043b\u044c\u043d\u043e \u043f\u043e\u0434\u043e\u0439\u0434\u0435\u0442 \u0434\u043b\u044f \u0432\u0430\u0448\u0435\u0439 \u0433\u043e\u0441\u0442\u0438\u043d\u043e\u0439. \u041d\u0430\u0431\u043b\u044e\u0434\u0430\u0439\u0442\u0435, \u043a\u0430\u043a \u0432\u0430\u0448\u0438 \u043c\u0430\u043b\u044b\u0448\u0438 \u043f\u043e\u043b\u0437\u0430\u044e\u0442 \u0438 \u043a\u0430\u0442\u0430\u044e\u0442\u0441\u044f \u043f\u043e \u043c\u044f\u0433\u043a\u043e\u0439 \u043f\u043e\u0432\u0435\u0440\u0445\u043d\u043e\u0441\u0442\u0438 \u0442\u043e\u043b\u0449\u0438\u043d\u043e\u0439 10 \u043c\u043c, \u043a\u043e\u0442\u043e\u0440\u0430\u044f \u043e\u0431\u0435\u0441\u043f\u0435\u0447\u0438\u0432\u0430\u0435\u0442 \u0434\u043e\u043f\u043e\u043b\u043d\u0438\u0442\u0435\u043b\u044c\u043d\u0443\u044e \u0437\u0430\u0449\u0438\u0442\u0443. \u0411\u043b\u0430\u0433\u043e\u0434\u0430\u0440\u044f \u0431\u043e\u043b\u044c\u0448\u043e\u043c\u0443 \u0440\u0430\u0437\u043c\u0435\u0440\u0443 \u043a\u043e\u0432\u0440\u0438\u043a\u0430, \u0443 \u0432\u0430\u0448\u0435\u0433\u043e \u0440\u0435\u0431\u0435\u043d\u043a\u0430 \u0431\u0443\u0434\u0435\u0442 \u0434\u043e\u0441\u0442\u0430\u0442\u043e\u0447\u043d\u043e \u043c\u0435\u0441\u0442\u0430 \u0434\u043b\u044f \u0438\u0433\u0440 \u0441 \u0434\u0440\u0443\u0433\u0438\u043c\u0438 \u0438\u0433\u0440\u0443\u0448\u043a\u0430\u043c\u0438 \u0438\u043b\u0438 \u0432\u043e\u0441\u043f\u0438\u0442\u0430\u0442\u0435\u043b\u044f\u043c\u0438. \u041d\u0430 \u043e\u0434\u043d\u043e\u0439 \u0441\u0442\u043e\u0440\u043e\u043d\u0435 \u043a\u043e\u0432\u0440\u0438\u043a\u0430 \u0438\u0437\u043e\u0431\u0440\u0430\u0436\u0435\u043d\u044b \u0431\u0443\u043a\u0432\u044b \u0430\u043b\u0444\u0430\u0432\u0438\u0442\u0430, \u0447\u0442\u043e \u0441\u043f\u043e\u0441\u043e\u0431\u0441\u0442\u0432\u0443\u0435\u0442 \u0440\u0430\u043d\u043d\u0435\u043c\u0443 \u0447\u0442\u0435\u043d\u0438\u044e, \u0430 \u043d\u0430 \u0434\u0440\u0443\u0433\u043e\u0439 \u0441\u0442\u043e\u0440\u043e\u043d\u0435 \u2014 \u0438\u0437\u043c\u0435\u0440\u0438\u0442\u0435\u043b\u044c\u043d\u0430\u044f \u0448\u043a\u0430\u043b\u0430, \u043f\u043e\u0437\u0432\u043e\u043b\u044f\u044e\u0449\u0430\u044f \u0441\u043b\u0435\u0434\u0438\u0442\u044c \u0437\u0430 \u0440\u043e\u0441\u0442\u043e\u043c \u0432\u0430\u0448\u0435\u0433\u043e \u043c\u0430\u043b\u044b\u0448\u0430.<\/p>\n<p>\u0425\u0430\u0440\u0430\u043a\u0442\u0435\u0440\u0438\u0441\u0442\u0438\u043a\u0438:<br \/>\n- \u0422\u043e\u043b\u0449\u0438\u043d\u0430 10 \u043c\u043c: \u041e\u0431\u0435\u0441\u043f\u0435\u0447\u0438\u0432\u0430\u0435\u0442 \u043c\u044f\u0433\u043a\u0443\u044e \u0438 \u0431\u0435\u0437\u043e\u043f\u0430\u0441\u043d\u0443\u044e \u043f\u043e\u0432\u0435\u0440\u0445\u043d\u043e\u0441\u0442\u044c \u0434\u043b\u044f \u043f\u043e\u043b\u0437\u0430\u043d\u0438\u044f \u0438 \u0438\u0433\u0440 \u0432\u0430\u0448\u0435\u0433\u043e \u043c\u0430\u043b\u044b\u0448\u0430.<br \/>\n- \u0411\u043e\u043b\u044c\u0448\u043e\u0439 \u0440\u0430\u0437\u043c\u0435\u0440: \u0414\u043e\u0441\u0442\u0430\u0442\u043e\u0447\u043d\u043e \u043f\u0440\u043e\u0441\u0442\u043e\u0440\u043d\u044b\u0439, \u0447\u0442\u043e\u0431\u044b \u0440\u0430\u0437\u043c\u0435\u0441\u0442\u0438\u0442\u044c \u0434\u0440\u0443\u0433\u0438\u0435 \u0438\u0433\u0440\u0443\u0448\u043a\u0438 \u0438 \u043d\u0430\u0441\u043b\u0430\u0436\u0434\u0430\u0442\u044c\u0441\u044f \u0438\u0433\u0440\u043e\u0439.<br \/>\n- \u0412\u043e\u0434\u043e\u043d\u0435\u043f\u0440\u043e\u043d\u0438\u0446\u0430\u0435\u043c\u043e\u0441\u0442\u044c: \u041b\u0435\u0433\u043a\u043e \u043e\u0447\u0438\u0449\u0430\u0435\u0442\u0441\u044f \u043e\u0442 \u043f\u044f\u0442\u0435\u043d \u0438 \u0433\u0440\u044f\u0437\u0438, \u0447\u0442\u043e \u0434\u0435\u043b\u0430\u0435\u0442 \u0435\u0433\u043e \u0438\u0434\u0435\u0430\u043b\u044c\u043d\u044b\u043c \u0434\u043b\u044f \u0435\u0436\u0435\u0434\u043d\u0435\u0432\u043d\u043e\u0433\u043e \u0438\u0441\u043f\u043e\u043b\u044c\u0437\u043e\u0432\u0430\u043d\u0438\u044f.<br \/>\n- \u0423\u0434\u043e\u0431\u043d\u043e\u0435 \u0445\u0440\u0430\u043d\u0435\u043d\u0438\u0435: \u041a\u043e\u0432\u0440\u0438\u043a \u043b\u0435\u0433\u043a\u043e \u0441\u043a\u043b\u0430\u0434\u044b\u0432\u0430\u0435\u0442\u0441\u044f, \u0447\u0442\u043e \u043f\u043e\u0437\u0432\u043e\u043b\u044f\u0435\u0442 \u0430\u043a\u043a\u0443\u0440\u0430\u0442\u043d\u043e \u0435\u0433\u043e \u0445\u0440\u0430\u043d\u0438\u0442\u044c.<br \/>\n- \u0418\u0437\u043c\u0435\u0440\u0438\u0442\u0435\u043b\u044c\u043d\u0430\u044f \u0448\u043a\u0430\u043b\u0430: \u041d\u0430 \u043e\u0434\u043d\u043e\u0439 \u0441\u0442\u043e\u0440\u043e\u043d\u0435 \u043a\u043e\u0432\u0440\u0438\u043a\u0430 \u0440\u0430\u0437\u043c\u0435\u0449\u0435\u043d\u0430 \u0448\u043a\u0430\u043b\u0430 \u0434\u043b\u044f \u043e\u0442\u0441\u043b\u0435\u0436\u0438\u0432\u0430\u043d\u0438\u044f \u0440\u043e\u0441\u0442\u0430 \u0432\u0430\u0448\u0435\u0433\u043e \u043c\u0430\u043b\u044b\u0448\u0430.<br \/>\n- \u0420\u0430\u043d\u043d\u0435\u0435 \u0440\u0430\u0437\u0432\u0438\u0442\u0438\u0435: \u0418\u0437\u043e\u0431\u0440\u0430\u0436\u0435\u043d\u0438\u044f \u0431\u0443\u043a\u0432 \u0430\u043b\u0444\u0430\u0432\u0438\u0442\u0430 \u043d\u0430 \u043e\u0434\u043d\u043e\u0439 \u0441\u0442\u043e\u0440\u043e\u043d\u0435 \u043a\u043e\u0432\u0440\u0438\u043a\u0430 \u043f\u043e\u043c\u043e\u0433\u0430\u044e\u0442 \u0432 \u0440\u0430\u0437\u0432\u0438\u0442\u0438\u0438 \u043d\u0430\u0432\u044b\u043a\u043e\u0432 \u0440\u0430\u043d\u043d\u0435\u0433\u043e \u0447\u0442\u0435\u043d\u0438\u044f.<\/p>\n<p>\u042d\u0442\u043e\u0442 \u043a\u043e\u0432\u0440\u0438\u043a \u043e\u0431\u0435\u0441\u043f\u0435\u0447\u0438\u0442 \u0432\u0430\u0448\u0435\u043c\u0443 \u043c\u0430\u043b\u044b\u0448\u0443 \u0431\u0435\u0437\u043e\u043f\u0430\u0441\u043d\u043e\u0435 \u0438 \u0443\u0432\u043b\u0435\u043a\u0430\u0442\u0435\u043b\u044c\u043d\u043e\u0435 \u0438\u0433\u0440\u043e\u0432\u043e\u0435 \u043f\u0440\u043e\u0441\u0442\u0440\u0430\u043d\u0441\u0442\u0432\u043e, \u043f\u043e\u0434\u0434\u0435\u0440\u0436\u0438\u0432\u0430\u044f \u0435\u0433\u043e \u0440\u0430\u0437\u0432\u0438\u0442\u0438\u0435 \u0438 \u0432\u0435\u0441\u0435\u043b\u044c\u0435.<\/p>","protected":false},"excerpt":{"rendered":"<p>Crea\u021bi locul perfect pentru ca micu\u021bii dvs. s\u0103 se joace activ \u0219i s\u0103 se distreze \u00eenv\u0103\u021b\u00e2nd! Acest covora\u0219 mare, sigur<\/p>","protected":false},"featured_media":202834,"comment_status":"closed","ping_status":"closed","template":"","meta":{"_monsterinsights_skip_tracking":false,"_monsterinsights_sitenote_active":false,"_monsterinsights_sitenote_note":"","_monsterinsights_sitenote_category":0},"product_brand":[],"product_cat":[1134,1137,36,55],"product_tag":[],"class_list":{"0":"post-202801","1":"product","2":"type-product","3":"status-publish","4":"has-post-thumbnail","6":"product_cat-covorase-educative","7":"product_cat-jucarii","8":"product_cat-jucarii-pentru-bebelusi","9":"product_cat-toate-produsele","11":"first","12":"instock","13":"shipping-taxable","14":"purchasable","15":"product-type-simple"},"_links":{"self":[{"href":"http:\/\/toystoys.md\/ru\/wp-json\/wp\/v2\/product\/202801","targetHints":{"allow":["GET"]}}],"collection":[{"href":"http:\/\/toystoys.md\/ru\/wp-json\/wp\/v2\/product"}],"about":[{"href":"http:\/\/toystoys.md\/ru\/wp-json\/wp\/v2\/types\/product"}],"replies":[{"embeddable":true,"href":"http:\/\/toystoys.md\/ru\/wp-json\/wp\/v2\/comments?post=202801"}],"wp:featuredmedia":[{"embeddable":true,"href":"http:\/\/toystoys.md\/ru\/wp-json\/wp\/v2\/media\/202834"}],"wp:attachment":[{"href":"http:\/\/toystoys.md\/ru\/wp-json\/wp\/v2\/media?parent=202801"}],"wp:term":[{"taxonomy":"product_brand","embeddable":true,"href":"http:\/\/toystoys.md\/ru\/wp-json\/wp\/v2\/product_brand?post=202801"},{"taxonomy":"product_cat","embeddable":true,"href":"http:\/\/toystoys.md\/ru\/wp-json\/wp\/v2\/product_cat?post=202801"},{"taxonomy":"product_tag","embeddable":true,"href":"http:\/\/toystoys.md\/ru\/wp-json\/wp\/v2\/product_tag?post=202801"}],"curies":[{"name":"wp","href":"https:\/\/api.w.org\/{rel}","templated":true}]}}