{"id":202573,"date":"2024-08-19T22:48:29","date_gmt":"2024-08-19T20:48:29","guid":{"rendered":""},"modified":"2026-04-08T01:37:02","modified_gmt":"2026-04-07T23:37:02","slug":"prod_194735178377_sc97927","status":"publish","type":"product","link":"http:\/\/toystoys.md\/ru\/shop\/prod_194735178377_sc97927\/","title":{"rendered":"\u0414\u043e\u043c\u0438\u043a \u0434\u043b\u044f \u043a\u0443\u043a\u043e\u043b \u0441 4 \u0437\u043e\u043d\u0430\u043c\u0438 \u0438 \u0430\u043a\u0441\u0435\u0441\u0441\u0443\u0430\u0440\u0430\u043c\u0438 \u0434\u0435\u043a\u043e\u0440\u0430 Barbie MATTEL"},"content":{"rendered":"<p>\u0418\u0433\u0440\u043e\u0432\u043e\u0439 \u043d\u0430\u0431\u043e\u0440 Barbie \u0414\u043e\u043c\u0438\u043a \u0434\u043b\u044f \u043e\u0442\u0434\u044b\u0445\u0430 \u2014 \u044d\u0442\u043e \u043f\u043e\u043b\u043d\u043e\u0441\u0442\u044c\u044e \u043c\u0435\u0431\u043b\u0438\u0440\u043e\u0432\u0430\u043d\u043d\u044b\u0439 \u0434\u043e\u043c\u0438\u043a \u0434\u043b\u044f \u043a\u0443\u043a\u043e\u043b.<br \/>\n\u041e\u043d \u0432\u044b\u043f\u043e\u043b\u043d\u0435\u043d \u0432 \u0441\u043e\u0432\u0440\u0435\u043c\u0435\u043d\u043d\u043e\u043c \u0434\u0438\u0437\u0430\u0439\u043d\u0435 \u0441 \u0444\u0438\u0440\u043c\u0435\u043d\u043d\u044b\u043c \u0441\u0442\u0438\u043b\u0435\u043c Barbie, \u0438 \u0441\u043e\u0434\u0435\u0440\u0436\u0438\u0442 \u0432\u0441\u0435 \u043d\u0435\u043e\u0431\u0445\u043e\u0434\u0438\u043c\u043e\u0435 \u0434\u043b\u044f \u0438\u0433\u0440\u044b.<br \/>\n\u0414\u043e\u043c\u0438\u043a \u0438\u043c\u0435\u0435\u0442 \u0434\u0432\u0430 \u044d\u0442\u0430\u0436\u0430, \u0447\u0435\u0442\u044b\u0440\u0435 \u0438\u0433\u0440\u043e\u0432\u044b\u0445 \u0437\u043e\u043d\u044b \u0438 11 \u0430\u043a\u0441\u0435\u0441\u0441\u0443\u0430\u0440\u043e\u0432 \u0434\u043b\u044f \u0431\u0435\u0441\u043a\u043e\u043d\u0435\u0447\u043d\u044b\u0445 \u0447\u0430\u0441\u043e\u0432 \u0432\u0435\u0441\u0435\u043b\u044c\u044f.<br \/>\n\u0412 \u043d\u0430\u0431\u043e\u0440\u0435: \u0430\u043a\u0441\u0435\u0441\u0441\u0443\u0430\u0440\u044b \u0434\u043b\u044f \u0434\u0435\u043a\u043e\u0440\u0430; \u043f\u043e\u0441\u0443\u0434\u0430; 2 \u0441\u0442\u0443\u043b\u0430; \u043f\u043e\u043b\u043e\u0442\u0435\u043d\u0446\u0435 \u0438 \u043e\u0434\u0435\u044f\u043b\u043e.<br \/>\n\u0413\u0440\u0430\u0444\u0438\u043a\u0430, \u043a\u0430\u043a \u043a\u043e\u043d\u0442\u0435\u0439\u043d\u0435\u0440\u044b \u0434\u043b\u044f \u043f\u0435\u0440\u0435\u0440\u0430\u0431\u043e\u0442\u043a\u0438 \u043a\u043e\u043c\u043f\u043e\u0441\u0442\u0430, \u0440\u0430\u0441\u0442\u0435\u043d\u0438\u044f, \u0441\u043e\u043b\u043d\u0435\u0447\u043d\u044b\u0435 \u043f\u0430\u043d\u0435\u043b\u0438 \u043d\u0430 \u043a\u0440\u044b\u0448\u0435 \u0438 \u044d\u043b\u0435\u043a\u0442\u0440\u043e\u043c\u043e\u0431\u0438\u043b\u044c, \u043f\u043e\u043c\u043e\u0433\u0443\u0442 \u0434\u0435\u0442\u044f\u043c \u0443\u0437\u043d\u0430\u0442\u044c, \u0447\u0442\u043e \u044d\u043a\u043e\u043b\u043e\u0433\u0438\u0447\u0435\u0441\u043a\u0438\u0435 \u043f\u0440\u0438\u0432\u044b\u0447\u043a\u0438 \u2014 \u044d\u0442\u043e \u043e\u0447\u0435\u043d\u044c \u043a\u0440\u0443\u0442\u043e!<br \/>\n\u0412 \u0434\u043e\u043c\u0435 \u0435\u0441\u0442\u044c \u043a\u0443\u0445\u043d\u044f \u0441 \u0432\u044b\u0434\u0432\u0438\u0436\u043d\u044b\u043c \u0441\u0442\u043e\u043b\u043e\u043c, \u0432\u0430\u043d\u043d\u0430\u044f \u043a\u043e\u043c\u043d\u0430\u0442\u0430, \u0441\u043f\u0430\u043b\u044c\u043d\u044f \u043d\u0430 \u0447\u0435\u0440\u0434\u0430\u043a\u0435 \u0438 \u0443\u044e\u0442\u043d\u044b\u0439 \u043b\u0430\u0443\u043d\u0434\u0436 \u0434\u043b\u044f \u043f\u0440\u043e\u0441\u043c\u043e\u0442\u0440\u0430 \u0444\u0438\u043b\u044c\u043c\u043e\u0432 \u0438 \u0438\u0433\u0440!<br \/>\n\u0414\u0435\u0442\u0438 \u043c\u043e\u0433\u0443\u0442 \u0441\u043e\u0431\u0440\u0430\u0442\u044c \u0440\u0430\u0437\u043d\u044b\u0445 \u043a\u0443\u043a\u043e\u043b Barbie \u0438 \u0434\u043e\u043c\u0430\u0448\u043d\u0438\u0445 \u0436\u0438\u0432\u043e\u0442\u043d\u044b\u0445 (\u043f\u0440\u043e\u0434\u0430\u044e\u0442\u0441\u044f \u043e\u0442\u0434\u0435\u043b\u044c\u043d\u043e) \u0438 \u043f\u0440\u0438\u0434\u0443\u043c\u044b\u0432\u0430\u0442\u044c \u0440\u0430\u0437\u043d\u044b\u0435 \u0438\u043d\u0442\u0435\u0440\u0435\u0441\u043d\u044b\u0435 \u0441\u044e\u0436\u0435\u0442\u044b.<br \/>\n\u041f\u043e\u0441\u043b\u0435 \u0437\u0430\u0432\u0435\u0440\u0448\u0435\u043d\u0438\u044f \u0438\u0433\u0440\u044b, \u0432\u0435\u0441\u044c \u043d\u0430\u0431\u043e\u0440 \u043c\u043e\u0436\u043d\u043e \u043b\u0435\u0433\u043a\u043e \u0441\u043e\u0431\u0440\u0430\u0442\u044c \u0434\u043b\u044f \u0443\u0434\u043e\u0431\u043d\u043e\u0433\u043e \u0438 \u043a\u043e\u043c\u043f\u0430\u043a\u0442\u043d\u043e\u0433\u043e \u0445\u0440\u0430\u043d\u0435\u043d\u0438\u044f.<\/p>\n<p>\u041a\u0443\u043a\u043b\u044b \u043d\u0435 \u0432\u0445\u043e\u0434\u044f\u0442 \u0432 \u043d\u0430\u0431\u043e\u0440.<br \/>\n\u0420\u0430\u0437\u043c\u0435\u0440 \u043a\u043e\u0440\u043e\u0431\u043a\u0438: 13 x 31 x 33 \u0441\u043c.<br \/>\n\u0412\u043e\u0437\u0440\u0430\u0441\u0442: \u043e\u0442 3 \u043b\u0435\u0442.<br \/>\n\u041f\u0440\u043e\u0438\u0437\u0432\u043e\u0434\u0438\u0442\u0435\u043b\u044c: Mattel (\u0421\u0428\u0410).<\/p>","protected":false},"excerpt":{"rendered":"<p>Set de joc &#8222;Casa de vacan\u021b\u0103 Barbie&#8221; este o cas\u0103 de joac\u0103 complet mobilat\u0103 pentru p\u0103pu\u0219i. Are un design modern<\/p>","protected":false},"featured_media":202587,"comment_status":"closed","ping_status":"closed","template":"..\/public\/views\/revslider-page-template.php","meta":{"_monsterinsights_skip_tracking":false,"_monsterinsights_sitenote_active":false,"_monsterinsights_sitenote_note":"","_monsterinsights_sitenote_category":0},"product_brand":[],"product_cat":[55,1137,34,1119,1039,1523],"product_tag":[1891,1930,1885],"class_list":{"0":"post-202573","1":"product","2":"type-product","3":"status-publish","4":"has-post-thumbnail","6":"product_cat-toate-produsele","7":"product_cat-jucarii","8":"product_cat-papusi-casute","9":"product_cat-case-si-mobilier","10":"product_cat-eroii","11":"product_cat-barbie-eroii","12":"product_tag-mattel-bf","13":"product_tag-mattel30","14":"product_tag-mattel50","16":"first","17":"instock","18":"sale","19":"shipping-taxable","20":"purchasable","21":"product-type-simple"},"_links":{"self":[{"href":"http:\/\/toystoys.md\/ru\/wp-json\/wp\/v2\/product\/202573","targetHints":{"allow":["GET"]}}],"collection":[{"href":"http:\/\/toystoys.md\/ru\/wp-json\/wp\/v2\/product"}],"about":[{"href":"http:\/\/toystoys.md\/ru\/wp-json\/wp\/v2\/types\/product"}],"replies":[{"embeddable":true,"href":"http:\/\/toystoys.md\/ru\/wp-json\/wp\/v2\/comments?post=202573"}],"wp:featuredmedia":[{"embeddable":true,"href":"http:\/\/toystoys.md\/ru\/wp-json\/wp\/v2\/media\/202587"}],"wp:attachment":[{"href":"http:\/\/toystoys.md\/ru\/wp-json\/wp\/v2\/media?parent=202573"}],"wp:term":[{"taxonomy":"product_brand","embeddable":true,"href":"http:\/\/toystoys.md\/ru\/wp-json\/wp\/v2\/product_brand?post=202573"},{"taxonomy":"product_cat","embeddable":true,"href":"http:\/\/toystoys.md\/ru\/wp-json\/wp\/v2\/product_cat?post=202573"},{"taxonomy":"product_tag","embeddable":true,"href":"http:\/\/toystoys.md\/ru\/wp-json\/wp\/v2\/product_tag?post=202573"}],"curies":[{"name":"wp","href":"https:\/\/api.w.org\/{rel}","templated":true}]}}