{"id":202508,"date":"2024-08-19T15:08:48","date_gmt":"2024-08-19T13:08:48","guid":{"rendered":""},"modified":"2025-01-01T23:07:23","modified_gmt":"2025-01-01T21:07:23","slug":"prod_194735230495_sc97936","status":"publish","type":"product","link":"http:\/\/toystoys.md\/ru\/shop\/prod_194735230495_sc97936\/","title":{"rendered":"\u0418\u0433\u0440\u043e\u0432\u043e\u0439 \u043d\u0430\u0431\u043e\u0440 Skultimate Secrete, \u041a\u0443\u043a\u043b\u0430 \u0414\u0440\u0430\u043a\u0443\u043b\u0430\u0443\u0440\u0430 \u0441 19 \u0441\u044e\u0440\u043f\u0440\u0438\u0437\u0430\u043c\u0438 Monster High MATTEL"},"content":{"rendered":"<p>\u041d\u0430\u0431\u043e\u0440-\u0441\u044e\u0440\u043f\u0440\u0438\u0437 Monster High \u0422\u0430\u0439\u043d\u044b \"\u0421\u0435\u043a\u0440\u0435\u0442\u044b \u0414\u0440\u0430\u043a\u0443\u043b\u0430\u0443\u0440\u044b\" \u2013 \u044d\u0442\u043e \u0446\u0435\u043b\u043e\u0435 \u043f\u0440\u0438\u043a\u043b\u044e\u0447\u0435\u043d\u0438\u0435, \u043f\u043e\u043b\u043d\u043e\u0435 \u0437\u0430\u0433\u0430\u0434\u043e\u043a \u0438 \u0441\u044e\u0440\u043f\u0440\u0438\u0437\u043e\u0432!<\/p>\n<p>\u0414\u0440\u0430\u043a\u0443\u043b\u043e\u0440\u0430 \u0441\u043a\u0440\u044b\u0432\u0430\u0435\u0442\u0441\u044f \u0433\u0434\u0435-\u0442\u043e \u0432 \u0448\u043a\u0430\u0444\u0443, \u043a\u043e\u0442\u043e\u0440\u044b\u0439 \u043f\u043e \u0444\u043e\u0440\u043c\u0435 \u043d\u0430\u043f\u043e\u043c\u0438\u043d\u0430\u0435\u0442 \u0432\u043e\u0440\u043e\u0442\u0430 \u0448\u043a\u043e\u043b\u044b Monster High.<\/p>\n<p>\u0418\u0449\u0438\u0442\u0435 \u043f\u043e\u0434\u0441\u043a\u0430\u0437\u043a\u0438 \u0432 \u0438\u043d\u0441\u0442\u0440\u0443\u043a\u0446\u0438\u0438, \u0447\u0442\u043e\u0431\u044b \u0443\u0437\u043d\u0430\u0442\u044c \u0435\u0435 \u043c\u0435\u0441\u0442\u043e\u043d\u0430\u0445\u043e\u0436\u0434\u0435\u043d\u0438\u0435, \u0438 \u0432 \u043f\u0440\u043e\u0446\u0435\u0441\u0441\u0435 \u043d\u0430\u0439\u0434\u0438\u0442\u0435 \u0431\u043e\u043b\u0435\u0435 19 \u0434\u0440\u0443\u0433\u0438\u0445 \u0444\u0430\u043d\u0442\u0430\u0441\u0442\u0438\u0447\u0435\u0441\u043a\u0438\u0445 \u0441\u044e\u0440\u043f\u0440\u0438\u0437\u043e\u0432.<\/p>\n<p>\u0421 \u043f\u043e\u043c\u043e\u0449\u044c\u044e \u043a\u043b\u044e\u0447\u0430-\u043b\u0443\u043f\u044b \u0440\u0430\u0437\u0433\u0430\u0434\u0430\u0439\u0442\u0435, \u0447\u0442\u043e \u0437\u0430 \u0441\u0438\u043c\u0432\u043e\u043b\u044b \u0438\u0437\u043e\u0431\u0440\u0430\u0436\u0435\u043d\u044b \u0432 \u0438\u043d\u0441\u0442\u0440\u0443\u043a\u0446\u0438\u0438 \u043d\u0430 \u043a\u0430\u0440\u0442\u0435 \u0441\u043e\u043a\u0440\u043e\u0432\u0438\u0449.<\/p>\n<p>\u041e\u0442\u043a\u0440\u043e\u0439\u0442\u0435 \u0434\u0432\u0435\u0440\u0446\u0443 \u0448\u043a\u0430\u0444\u0430, \u0447\u0442\u043e\u0431\u044b \u043d\u0430\u0439\u0442\u0438 \u0436\u0435\u0442\u043e\u043d\u044b, \u0441\u043e\u043e\u0442\u0432\u0435\u0442\u0441\u0442\u0432\u0443\u044e\u0449\u0438\u0435 \u0441\u0438\u043c\u0432\u043e\u043b\u0430\u043c \u043d\u0430 \u043a\u0430\u0440\u0442\u0435. \u0421\u043e\u0441\u0442\u0430\u0432\u044c\u0442\u0435 3 \u0436\u0435\u0442\u043e\u043d\u0430 \u0432\u043c\u0435\u0441\u0442\u0435 \u2013 \u0438 \u0432\u044b \u043f\u043e\u043b\u0443\u0447\u0438\u0442\u0435 \u0435\u0434\u0438\u043d\u0441\u0442\u0432\u0435\u043d\u043d\u044b\u0439 \u0442\u0430\u043b\u0438\u0441\u043c\u0430\u043d.<\/p>\n<p>\u0412\u0441\u0442\u0430\u0432\u044c\u0442\u0435 \u0435\u0433\u043e \u0432 \u043e\u0442\u0432\u0435\u0440\u0441\u0442\u0438\u0435 \u0448\u043a\u0430\u0444\u0430, \u0430 \u0437\u0430\u0442\u0435\u043c \u0442\u044f\u043d\u0438\u0442\u0435 \u0442\u0430\u043b\u0438\u0441\u043c\u0430\u043d \u0432\u0432\u0435\u0440\u0445 \u0432\u0434\u043e\u043b\u044c \u043e\u0442\u0432\u0435\u0440\u0441\u0442\u0438\u044f, \u043a\u0430\u043a \u043c\u043e\u043b\u043d\u0438\u044e. \u0410 \u0432\u043e\u0442 \u0438 \u043e\u043d\u0430 \u2013 \u0443\u0436\u0430\u0441 \u043a\u0430\u043a\u0430\u044f \u043a\u0440\u0443\u0442\u0430\u044f \u0414\u0440\u0430\u043a\u0443\u043b\u043e\u0440\u0430, \u0432\u043e \u0432\u0441\u0435\u0439 \u0441\u0432\u043e\u0435\u0439 \u043f\u0440\u0435\u043b\u0435\u0441\u0442\u043d\u043e\u0439 \u043a\u0440\u0430\u0441\u043e\u0442\u0435, \u2013 \u043f\u043e\u0434\u043d\u0438\u043c\u0430\u0435\u0442\u0441\u044f, \u043a\u0430\u043a \u043b\u0438\u0444\u0442\u043e\u043c, \u0432\u0432\u0435\u0440\u0445!<\/p>\n<p>\u0411\u043e\u043b\u0435\u0435 125 \u043a\u043e\u043c\u0431\u0438\u043d\u0430\u0446\u0438\u0439 \u043e\u0434\u0435\u0436\u0434\u044b \u0438 \u0430\u043a\u0441\u0435\u0441\u0441\u0443\u0430\u0440\u043e\u0432 \u043f\u043e\u0437\u0432\u043e\u043b\u044f\u0442 \u0441\u043e\u0437\u0434\u0430\u0432\u0430\u0442\u044c \u043c\u043d\u043e\u0436\u0435\u0441\u0442\u0432\u043e \u0440\u0430\u0437\u043d\u044b\u0445 \u043e\u0431\u0440\u0430\u0437\u043e\u0432.<\/p>\n<p>\u0412 \u043d\u0430\u0431\u043e\u0440\u0435: 1 \u043a\u0443\u043a\u043b\u0430; 1 \u0448\u043a\u0430\u0444 \u0441 \u0434\u0432\u0443\u043c\u044f \u0434\u0432\u0435\u0440\u044f\u043c\u0438; 1 \u043a\u043b\u044e\u0447-\u043b\u0443\u043f\u0430; 1 \u043a\u0430\u0440\u0442\u0430; 3 \u0436\u0435\u0442\u043e\u043d\u0430; 2 \u0432\u0435\u0448\u0430\u043b\u043a\u0438; \u0440\u0430\u0437\u043d\u043e\u043e\u0431\u0440\u0430\u0437\u043d\u0430\u044f \u043e\u0434\u0435\u0436\u0434\u0430 \u0438 \u0430\u043a\u0441\u0435\u0441\u0441\u0443\u0430\u0440\u044b.<\/p>\n<p>\u0420\u0435\u043a\u043e\u043c\u0435\u043d\u0434\u043e\u0432\u0430\u043d\u043e \u0434\u043b\u044f \u0434\u0435\u0442\u0435\u0439 \u043e\u0442 4-\u0445 \u043b\u0435\u0442.<br \/>\n\u0412\u044b\u0441\u043e\u0442\u0430 \u0438\u0433\u0440\u0443\u0448\u043a\u0438: 26 \u0441\u043c.<br \/>\n\u0420\u0430\u0437\u043c\u0435\u0440\u044b \u0443\u043f\u0430\u043a\u043e\u0432\u043a\u0438: 7 x 20 x 32 \u0441\u043c.<br \/>\n\u041f\u0440\u043e\u0438\u0437\u0432\u043e\u0434\u0438\u0442\u0435\u043b\u044c: Mattel (\u0421\u0428\u0410).<\/p>","protected":false},"excerpt":{"rendered":"<p>Setul Surpriz\u0103 Monster High Mysteries \u201eSecretele lui Draculaura\u201d este o \u00eentreag\u0103 aventur\u0103 plin\u0103 de mistere \u0219i surprize! Dracula se ascunde<\/p>","protected":false},"featured_media":202567,"comment_status":"closed","ping_status":"closed","template":"..\/public\/views\/revslider-page-template.php","meta":{"_monsterinsights_skip_tracking":false,"_monsterinsights_sitenote_active":false,"_monsterinsights_sitenote_note":"","_monsterinsights_sitenote_category":0},"product_brand":[],"product_cat":[1137,34,1117,1635,55],"product_tag":[],"class_list":{"0":"post-202508","1":"product","2":"type-product","3":"status-publish","4":"has-post-thumbnail","6":"product_cat-jucarii","7":"product_cat-papusi-casute","8":"product_cat-papusi-si-seturi","9":"product_cat-personaje-papusi-casute","10":"product_cat-toate-produsele","12":"first","13":"instock","14":"shipping-taxable","15":"purchasable","16":"product-type-simple"},"_links":{"self":[{"href":"http:\/\/toystoys.md\/ru\/wp-json\/wp\/v2\/product\/202508","targetHints":{"allow":["GET"]}}],"collection":[{"href":"http:\/\/toystoys.md\/ru\/wp-json\/wp\/v2\/product"}],"about":[{"href":"http:\/\/toystoys.md\/ru\/wp-json\/wp\/v2\/types\/product"}],"replies":[{"embeddable":true,"href":"http:\/\/toystoys.md\/ru\/wp-json\/wp\/v2\/comments?post=202508"}],"wp:featuredmedia":[{"embeddable":true,"href":"http:\/\/toystoys.md\/ru\/wp-json\/wp\/v2\/media\/202567"}],"wp:attachment":[{"href":"http:\/\/toystoys.md\/ru\/wp-json\/wp\/v2\/media?parent=202508"}],"wp:term":[{"taxonomy":"product_brand","embeddable":true,"href":"http:\/\/toystoys.md\/ru\/wp-json\/wp\/v2\/product_brand?post=202508"},{"taxonomy":"product_cat","embeddable":true,"href":"http:\/\/toystoys.md\/ru\/wp-json\/wp\/v2\/product_cat?post=202508"},{"taxonomy":"product_tag","embeddable":true,"href":"http:\/\/toystoys.md\/ru\/wp-json\/wp\/v2\/product_tag?post=202508"}],"curies":[{"name":"wp","href":"https:\/\/api.w.org\/{rel}","templated":true}]}}