{"id":202409,"date":"2024-10-01T08:00:51","date_gmt":"2024-10-01T06:00:51","guid":{"rendered":"https:\/\/toystoys.md\/shop\/prod_194735222773_sc97955\/"},"modified":"2025-11-19T23:08:33","modified_gmt":"2025-11-19T21:08:33","slug":"prod_194735222773_sc97955","status":"publish","type":"product","link":"http:\/\/toystoys.md\/ru\/shop\/prod_194735222773_sc97955\/","title":{"rendered":"\u0410\u0434\u0432\u0435\u043d\u0442-\u043a\u0430\u043b\u0435\u043d\u0434\u0430\u0440\u044c Disney Frozen MATTEL"},"content":{"rendered":"<p>\u0421 \u0440\u043e\u0436\u0434\u0435\u0441\u0442\u0432\u0435\u043d\u0441\u043a\u0438\u043c \u043a\u0430\u043b\u0435\u043d\u0434\u0430\u0440\u0435\u043c Disney Frozen Advent Calendar \u0434\u0435\u0442\u0438 \u043c\u043e\u0433\u0443\u0442 \u043e\u0442\u043f\u0440\u0430\u0437\u0434\u043d\u043e\u0432\u0430\u0442\u044c \u0440\u0430\u0434\u043e\u0441\u0442\u044c \u043f\u0440\u0430\u0437\u0434\u043d\u0438\u043a\u043e\u0432 \u0432 \u0442\u0435\u0447\u0435\u043d\u0438\u0435 24 \u0434\u043d\u0435\u0439 \u0432\u0435\u0441\u0435\u043b\u044c\u044f!<\/p>\n<p>\u041a\u0430\u0436\u0434\u044b\u0439 \u0434\u0435\u043d\u044c \u043d\u0430\u043f\u043e\u043b\u043d\u0435\u043d \u0441\u044e\u0440\u043f\u0440\u0438\u0437\u0430\u043c\u0438, \u0432\u043a\u043b\u044e\u0447\u0430\u044f \u043c\u0430\u043b\u0435\u043d\u044c\u043a\u0438\u0445 \u043a\u0443\u043a\u043e\u043b \u0410\u043d\u043d\u0443 \u0438 \u042d\u043b\u044c\u0437\u0443 (8 \u0441\u043c) \u0438 \u0444\u0438\u0433\u0443\u0440\u043a\u0438 \u0434\u0440\u0443\u0437\u0435\u0439 \u043f\u0435\u0440\u0441\u043e\u043d\u0430\u0436\u0435\u0439 \u041e\u043b\u0430\u0444\u0430 \u0438 \u0421\u0432\u0435\u043d\u0430.<\/p>\n<p>\u0411\u043e\u043b\u0435\u0435 20 \u0434\u0440\u0443\u0433\u0438\u0445 \u043f\u043e\u0434\u0430\u0440\u043a\u043e\u0432 \u0436\u0434\u0443\u0442 \u0441\u0432\u043e\u0435\u0433\u043e \u043e\u0442\u043a\u0440\u044b\u0442\u0438\u044f, \u043d\u0430\u043f\u0440\u0438\u043c\u0435\u0440, \u0444\u043e\u0440\u043c\u043e\u0432\u043e\u0447\u043d\u044b\u0439 \u043f\u0435\u0441\u043e\u043a, \u0444\u043e\u0440\u043c\u043e\u0447\u043a\u0438 \u0434\u043b\u044f \u043f\u0435\u0441\u043a\u0430 \u0438 \u0432\u044b\u0434\u0432\u0438\u0436\u043d\u044b\u0435 \u0438\u0433\u0440\u043e\u0432\u044b\u0435 \u044d\u043b\u0435\u043c\u0435\u043d\u0442\u044b.<\/p>\n<p>\u042d\u0442\u043e \u0438\u0434\u0435\u0430\u043b\u044c\u043d\u044b\u0439 \u043f\u0440\u0430\u0437\u0434\u043d\u0438\u0447\u043d\u044b\u0439 \u043f\u043e\u0434\u0430\u0440\u043e\u043a \u0434\u043b\u044f \u043f\u043e\u043a\u043b\u043e\u043d\u043d\u0438\u043a\u043e\u0432 Disney's Frozen \u0438 Olaf's Frozen Adventure! \n\u041a\u0443\u043a\u043b\u044b \u043d\u0435 \u043c\u043e\u0433\u0443\u0442 \u0441\u0442\u043e\u044f\u0442\u044c \u043e\u0442\u0434\u0435\u043b\u044c\u043d\u043e. \n\u0426\u0432\u0435\u0442\u0430 \u0438 \u0443\u043a\u0440\u0430\u0448\u0435\u043d\u0438\u044f \u043c\u043e\u0433\u0443\u0442 \u043e\u0442\u043b\u0438\u0447\u0430\u0442\u044c\u0441\u044f.<\/p>\n<p>\u0420\u0435\u043a\u043e\u043c\u0435\u043d\u0434\u0443\u0435\u0442\u0441\u044f \u0434\u043b\u044f \u0434\u0435\u0442\u0435\u0439 \u0441\u0442\u0430\u0440\u0448\u0435 3 \u043b\u0435\u0442.<br \/>\n\u0420\u0430\u0437\u043c\u0435\u0440\u044b \u0443\u043f\u0430\u043a\u043e\u0432\u043a\u0438: 40,64 x 6,35 x 30,48 \u0441\u043c.<br \/>\n\u041f\u0440\u043e\u0438\u0437\u0432\u043e\u0434\u0438\u0442\u0435\u043b\u044c: Mattel (\u0421\u0428\u0410).<\/p>","protected":false},"excerpt":{"rendered":"<p>Cu Calendarul de Advent Disney Frozen, copiii pot s\u0103rb\u0103tori bucuria s\u0103rb\u0103torilor cu 24 de zile de distrac\u021bie! Fiecare zi este<\/p>","protected":false},"featured_media":202444,"comment_status":"closed","ping_status":"closed","template":"..\/public\/views\/revslider-page-template.php","meta":{"_monsterinsights_skip_tracking":false,"_monsterinsights_sitenote_active":false,"_monsterinsights_sitenote_note":"","_monsterinsights_sitenote_category":0},"product_brand":[],"product_cat":[1635,55,1137,34,1117,1039,1093],"product_tag":[1891],"class_list":{"0":"post-202409","1":"product","2":"type-product","3":"status-publish","4":"has-post-thumbnail","6":"product_cat-personaje-papusi-casute","7":"product_cat-toate-produsele","8":"product_cat-jucarii","9":"product_cat-papusi-casute","10":"product_cat-papusi-si-seturi","11":"product_cat-eroii","12":"product_cat-frozen","13":"product_tag-mattel-bf","15":"first","16":"instock","17":"shipping-taxable","18":"purchasable","19":"product-type-simple"},"_links":{"self":[{"href":"http:\/\/toystoys.md\/ru\/wp-json\/wp\/v2\/product\/202409","targetHints":{"allow":["GET"]}}],"collection":[{"href":"http:\/\/toystoys.md\/ru\/wp-json\/wp\/v2\/product"}],"about":[{"href":"http:\/\/toystoys.md\/ru\/wp-json\/wp\/v2\/types\/product"}],"replies":[{"embeddable":true,"href":"http:\/\/toystoys.md\/ru\/wp-json\/wp\/v2\/comments?post=202409"}],"wp:featuredmedia":[{"embeddable":true,"href":"http:\/\/toystoys.md\/ru\/wp-json\/wp\/v2\/media\/202444"}],"wp:attachment":[{"href":"http:\/\/toystoys.md\/ru\/wp-json\/wp\/v2\/media?parent=202409"}],"wp:term":[{"taxonomy":"product_brand","embeddable":true,"href":"http:\/\/toystoys.md\/ru\/wp-json\/wp\/v2\/product_brand?post=202409"},{"taxonomy":"product_cat","embeddable":true,"href":"http:\/\/toystoys.md\/ru\/wp-json\/wp\/v2\/product_cat?post=202409"},{"taxonomy":"product_tag","embeddable":true,"href":"http:\/\/toystoys.md\/ru\/wp-json\/wp\/v2\/product_tag?post=202409"}],"curies":[{"name":"wp","href":"https:\/\/api.w.org\/{rel}","templated":true}]}}