{"id":202237,"date":"2024-08-18T01:21:31","date_gmt":"2024-08-17T23:21:31","guid":{"rendered":""},"modified":"2026-04-08T01:36:51","modified_gmt":"2026-04-07T23:36:51","slug":"prod_194735176779_sc97909","status":"publish","type":"product","link":"http:\/\/toystoys.md\/ru\/shop\/prod_194735176779_sc97909\/","title":{"rendered":"\u041a\u0443\u043a\u043b\u0430 \u041c\u043e\u0434\u043d\u0438\u0446\u0430 # 213, \u0411\u043b\u043e\u043d\u0434\u0438\u043d\u043a\u0430 \u0432 \u0437\u043e\u043b\u043e\u0442\u043e\u043c \u043a\u043e\u043c\u0431\u0438\u043d\u0435\u0437\u043e\u043d\u0435 Barbie MATTEL"},"content":{"rendered":"<p>\u041a\u0443\u043a\u043b\u0430 Barbie Fashionistas \u041c\u043e\u0434\u043d\u0438\u0446\u0430 \u0432 \u0437\u043e\u043b\u043e\u0442\u0438\u0441\u0442\u043e\u043c \u043a\u043e\u043c\u0431\u0438\u043d\u0435\u0437\u043e\u043d\u0435 \u0432\u043e\u043f\u043b\u043e\u0449\u0430\u0435\u0442 \u0441\u0442\u0438\u043b\u044c \u043a\u0443\u043a\u043b\u044b Barbie, \u0438\u0437\u0432\u0435\u0441\u0442\u043d\u043e\u0439 \u043a\u0430\u043a \u00abGolden Dream\u00bb (\u043f\u0435\u0440. \u0441 \u0430\u043d\u0433\u043b. \u2013 \u00ab\u0417\u043e\u043b\u043e\u0442\u0430\u044f \u043c\u0435\u0447\u0442\u0430\u00bb), \u043a\u043e\u0442\u043e\u0440\u0430\u044f \u0434\u0435\u0431\u044e\u0442\u0438\u0440\u043e\u0432\u0430\u043b\u0430 \u0432 1980 \u0433\u043e\u0434\u0443.<\/p>\n<p>\u041d\u043e\u0432\u044b\u0439 \u0432\u044b\u043f\u0443\u0441\u043a \u043b\u0438\u043d\u0435\u0439\u043a\u0438 \u00ab\u041c\u043e\u0434\u043d\u0438\u0446\u044b\u00bb \u2013 \u044e\u0431\u0438\u043b\u0435\u0439\u043d\u044b\u0439, \u043f\u043e\u0441\u0432\u044f\u0449\u0435\u043d\u043d\u044b\u0439 65-\u043b\u0435\u0442\u0438\u044e \u043a\u0443\u043a\u043b\u044b Barbie. \u041a\u043e\u0440\u043e\u0431\u043a\u0430 \u0443\u043a\u0440\u0430\u0448\u0435\u043d\u0430 \u043d\u0430\u0434\u043f\u0438\u0441\u044c\u044e Barbie 65 inspiring stories \u0438 \u0438\u0437\u043e\u0431\u0440\u0430\u0436\u0435\u043d\u0438\u0435\u043c \u0440\u0435\u0442\u0440\u043e-\u043a\u0443\u043a\u043b\u044b.<\/p>\n<p>\u0421\u043e\u0432\u0440\u0435\u043c\u0435\u043d\u043d\u0430\u044f \u0438\u043d\u0442\u0435\u0440\u043f\u0440\u0435\u0442\u0430\u0446\u0438\u044f \u043a\u0443\u043b\u044c\u0442\u043e\u0432\u043e\u0433\u043e \u043e\u0431\u0440\u0430\u0437\u0430 \u0432\u043f\u0435\u0447\u0430\u0442\u043b\u044f\u0435\u0442! \u041a\u0443\u043a\u043e\u043b\u043a\u0430 \u043d\u0435\u043c\u043d\u043e\u0433\u043e \u043d\u0438\u0436\u0435 \u0440\u043e\u0441\u0442\u043e\u043c \u043a\u043b\u0430\u0441\u0441\u0438\u0447\u0435\u0441\u043a\u043e\u0439 Barbie, \u0431\u043b\u0430\u0433\u043e\u0434\u0430\u0440\u044f \u0447\u0435\u043c\u0443 \u0432\u044b\u0433\u043b\u044f\u0434\u0438\u0442 \u043c\u0438\u043d\u0438\u0430\u0442\u044e\u0440\u043d\u0435\u0435. \u041e\u043d\u0430 \u043e\u0434\u0435\u0442\u0430 \u0432 \u0437\u043e\u043b\u043e\u0442\u0438\u0441\u0442\u044b\u0439 \u043a\u043e\u043c\u0431\u0438\u043d\u0435\u0437\u043e\u043d, \u043a\u043e\u0442\u043e\u0440\u044b\u0439 \u043f\u0440\u0435\u043a\u0440\u0430\u0441\u043d\u043e \u043f\u043e\u0434\u0447\u0435\u0440\u043a\u0438\u0432\u0430\u0435\u0442 \u0435\u0451 \u0444\u0438\u0433\u0443\u0440\u0443, \u0430 \u043f\u0440\u043e\u0437\u0440\u0430\u0447\u043d\u044b\u0435 \u0441\u0430\u043f\u043e\u0436\u043a\u0438 \u043d\u0430 \u0432\u044b\u0441\u043e\u043a\u0438\u0445 \u043a\u0430\u0431\u043b\u0443\u043a\u0430\u0445 \u0438 \u0437\u043e\u043b\u043e\u0442\u0438\u0441\u0442\u044b\u0439 \u0447\u043e\u043a\u0435\u0440 \u00abDream\u00bb \u0434\u043e\u0431\u0430\u0432\u043b\u044f\u044e\u0442 \u0432\u043d\u0435\u0448\u043d\u043e\u0441\u0442\u0438 \u0442\u0440\u0435\u043d\u0434\u043e\u0432\u044b\u0445 \u0448\u0442\u0440\u0438\u0445\u043e\u0432. \u041d\u0430\u0440\u044f\u0434 \u0432\u044b\u0433\u043e\u0434\u043d\u043e \u0434\u043e\u043f\u043e\u043b\u043d\u0435\u043d \u044d\u043b\u0435\u0433\u0430\u043d\u0442\u043d\u043e\u0439 \u043f\u0440\u0438\u0447\u0451\u0441\u043a\u043e\u0439 \u2013 \u0434\u043b\u0438\u043d\u043d\u044b\u0435 \u0441\u0432\u0435\u0442\u043b\u044b\u0435 \u0432\u043e\u043b\u043e\u0441\u044b \u0441\u043f\u0443\u0441\u043a\u0430\u044e\u0442\u0441\u044f \u0440\u043e\u0441\u043a\u043e\u0448\u043d\u044b\u043c\u0438 \u0432\u043e\u043b\u043d\u0430\u043c\u0438. Barbie \u0432 \u0442\u0430\u043a\u043e\u043c \u044f\u0440\u043a\u043e\u043c \u043e\u0431\u0440\u0430\u0437\u0435 \u0433\u043e\u0442\u043e\u0432\u0430 \u043a \u043b\u044e\u0431\u043e\u043c\u0443 \u0432\u0435\u0447\u0435\u0440\u043d\u0435\u043c\u0443 \u043c\u0435\u0440\u043e\u043f\u0440\u0438\u044f\u0442\u0438\u044e!<\/p>\n<p>\u041e\u0442\u043b\u0438\u0447\u043d\u044b\u0439 \u043f\u043e\u0434\u0430\u0440\u043e\u043a \u0434\u043b\u044f \u0434\u0435\u0432\u043e\u0447\u0435\u043a \u043e\u0442 3-\u0445 \u043b\u0435\u0442, \u043e\u0441\u043e\u0431\u0435\u043d\u043d\u043e \u0442\u0435\u0445, \u043a\u0442\u043e \u043b\u044e\u0431\u0438\u0442 \u0438\u0433\u0440\u0430\u0442\u044c \u0432 \u043f\u0435\u0440\u0435\u043e\u0434\u0435\u0432\u0430\u043d\u0438\u044f, \u0441\u043e\u0437\u0434\u0430\u0432\u0430\u0442\u044c \u043f\u0440\u0438\u0447\u0451\u0441\u043a\u0438 \u0438 \u043f\u0440\u0438\u0434\u0443\u043c\u044b\u0432\u0430\u0442\u044c \u0440\u0430\u0437\u043d\u044b\u0435 \u0441\u044e\u0436\u0435\u0442\u044b \u0438\u0433\u0440\u044b.<\/p>\n<p>\u0412\u044b\u0441\u043e\u0442\u0430 \u0438\u0433\u0440\u0443\u0448\u043a\u0438: 27 \u0441\u043c.<br \/>\n\u0420\u0430\u0437\u043c\u0435\u0440 \u043a\u043e\u0440\u043e\u0431\u043a\u0438: 5 x 11 x 33 \u0441\u043c.<br \/>\n\u0412\u043e\u0437\u0440\u0430\u0441\u0442: \u043e\u0442 3 \u043b\u0435\u0442.<br \/>\n\u041f\u0440\u043e\u0438\u0437\u0432\u043e\u0434\u0438\u0442\u0435\u043b\u044c: Mattel (\u0421\u0428\u0410).<\/p>","protected":false},"excerpt":{"rendered":"<p>P\u0103pu\u0219a Barbie Fashionistas, purt\u00e2nd o salopet\u0103 aurie, \u00eentruchipeaz\u0103 stilul p\u0103pu\u0219ii Barbie cunoscut\u0103 sub numele de \u201eVisul de aur\u201d, care a<\/p>","protected":false},"featured_media":202307,"comment_status":"closed","ping_status":"closed","template":"..\/public\/views\/revslider-page-template.php","meta":{"_monsterinsights_skip_tracking":false,"_monsterinsights_sitenote_active":false,"_monsterinsights_sitenote_note":"","_monsterinsights_sitenote_category":0},"product_brand":[],"product_cat":[55,1137,34,1117,1039,1523],"product_tag":[1930,1885],"class_list":{"0":"post-202237","1":"product","2":"type-product","3":"status-publish","4":"has-post-thumbnail","6":"product_cat-toate-produsele","7":"product_cat-jucarii","8":"product_cat-papusi-casute","9":"product_cat-papusi-si-seturi","10":"product_cat-eroii","11":"product_cat-barbie-eroii","12":"product_tag-mattel30","13":"product_tag-mattel50","15":"first","16":"instock","17":"sale","18":"shipping-taxable","19":"purchasable","20":"product-type-simple"},"_links":{"self":[{"href":"http:\/\/toystoys.md\/ru\/wp-json\/wp\/v2\/product\/202237","targetHints":{"allow":["GET"]}}],"collection":[{"href":"http:\/\/toystoys.md\/ru\/wp-json\/wp\/v2\/product"}],"about":[{"href":"http:\/\/toystoys.md\/ru\/wp-json\/wp\/v2\/types\/product"}],"replies":[{"embeddable":true,"href":"http:\/\/toystoys.md\/ru\/wp-json\/wp\/v2\/comments?post=202237"}],"wp:featuredmedia":[{"embeddable":true,"href":"http:\/\/toystoys.md\/ru\/wp-json\/wp\/v2\/media\/202307"}],"wp:attachment":[{"href":"http:\/\/toystoys.md\/ru\/wp-json\/wp\/v2\/media?parent=202237"}],"wp:term":[{"taxonomy":"product_brand","embeddable":true,"href":"http:\/\/toystoys.md\/ru\/wp-json\/wp\/v2\/product_brand?post=202237"},{"taxonomy":"product_cat","embeddable":true,"href":"http:\/\/toystoys.md\/ru\/wp-json\/wp\/v2\/product_cat?post=202237"},{"taxonomy":"product_tag","embeddable":true,"href":"http:\/\/toystoys.md\/ru\/wp-json\/wp\/v2\/product_tag?post=202237"}],"curies":[{"name":"wp","href":"https:\/\/api.w.org\/{rel}","templated":true}]}}