{"id":199726,"date":"2024-08-01T00:00:09","date_gmt":"2024-07-31T22:00:09","guid":{"rendered":""},"modified":"2026-04-16T12:55:30","modified_gmt":"2026-04-16T10:55:30","slug":"prod_5702017584072_sc97031","status":"publish","type":"product","link":"http:\/\/toystoys.md\/ru\/shop\/prod_5702017584072_sc97031\/","title":{"rendered":"\u0413\u0438\u043f\u0435\u0440\u043a\u0430\u0440 Koenigsegg Jesko Absolut gri LEGO 42173"},"content":{"rendered":"<p>\u0412\u0434\u043e\u0445\u043d\u043e\u0432\u0438\u0442\u0435 \u0434\u0435\u0442\u0435\u0439 \u0432 \u0432\u043e\u0437\u0440\u0430\u0441\u0442\u0435 \u043e\u0442 10 \u043b\u0435\u0442 \u043f\u043e\u0441\u0442\u0440\u043e\u0438\u0442\u044c \u0441\u0432\u043e\u0439 \u0441\u043e\u0431\u0441\u0442\u0432\u0435\u043d\u043d\u044b\u0439 \u0440\u043e\u0441\u043a\u043e\u0448\u043d\u044b\u0439 \u0438\u0433\u0440\u0443\u0448\u0435\u0447\u043d\u044b\u0439 \u0433\u0438\u043f\u0435\u0440\u043a\u0430\u0440 \u0441 \u043f\u043e\u043c\u043e\u0449\u044c\u044e \u0441\u0442\u0440\u043e\u0438\u0442\u0435\u043b\u044c\u043d\u043e\u0433\u043e \u043d\u0430\u0431\u043e\u0440\u0430 LEGO Technic Koenigsegg Jesko Absolut Grey Hypercar (42173). \u0414\u0435\u0442\u0435\u0439, \u043a\u043e\u0442\u043e\u0440\u044b\u0435 \u043b\u044e\u0431\u044f\u0442 \u0441\u0431\u043e\u0440\u043d\u044b\u0435 \u043c\u043e\u0434\u0435\u043b\u0438 \u0430\u0432\u0442\u043e\u043c\u043e\u0431\u0438\u043b\u0435\u0439, \u0436\u0434\u0435\u0442 \u0438\u043d\u0442\u0435\u0440\u0435\u0441\u043d\u043e\u0435 \u0438\u0441\u043f\u044b\u0442\u0430\u043d\u0438\u0435, \u043a\u043e\u0433\u0434\u0430 \u043e\u043d\u0438 \u0431\u0443\u0434\u0443\u0442 \u0441\u043e\u0431\u0438\u0440\u0430\u0442\u044c \u0432\u0441\u0435 \u0434\u0435\u0442\u0430\u043b\u0438. \u0418 \u0441\u0442\u0440\u043e\u0438\u0442\u0435\u043b\u044c\u0441\u0442\u0432\u043e \u2013 \u044d\u0442\u043e \u0442\u043e\u043b\u044c\u043a\u043e \u043d\u0430\u0447\u0430\u043b\u043e! \u042d\u0442\u0430 \u0438\u0433\u0440\u0443\u0448\u043a\u0430 \u043e\u0442\u0434\u0430\u0435\u0442 \u0434\u0430\u043d\u044c \u0443\u0432\u0430\u0436\u0435\u043d\u0438\u044f \u043e\u0434\u043d\u043e\u043c\u0443 \u0438\u0437 \u0441\u0430\u043c\u044b\u0445 \u0431\u044b\u0441\u0442\u0440\u044b\u0445 \u0433\u0438\u043f\u0435\u0440\u043a\u0430\u0440\u043e\u0432 \u0432 \u043c\u0438\u0440\u0435, \u0440\u0430\u0437\u0440\u0435\u0448\u0435\u043d\u043d\u044b\u0445 \u0434\u043b\u044f \u0434\u043e\u0440\u043e\u0436\u043d\u043e\u0433\u043e \u0434\u0432\u0438\u0436\u0435\u043d\u0438\u044f, \u0438 \u043e\u0441\u043d\u0430\u0449\u0435\u043d\u0430 \u043c\u043d\u043e\u0436\u0435\u0441\u0442\u0432\u043e\u043c \u0444\u0443\u043d\u043a\u0446\u0438\u0439, \u043a\u043e\u0442\u043e\u0440\u044b\u0435 \u043c\u043e\u0433\u0443\u0442 \u043e\u0442\u043a\u0440\u044b\u0442\u044c \u0434\u043b\u044f \u0441\u0435\u0431\u044f \u0430\u0432\u0442\u043e\u043b\u044e\u0431\u0438\u0442\u0435\u043b\u0438.<\/p>\n<p>\u042e\u043d\u044b\u0435 \u0441\u0442\u0440\u043e\u0438\u0442\u0435\u043b\u0438 \u043c\u043e\u0433\u0443\u0442 \u0438\u0437\u0443\u0447\u0430\u0442\u044c \u0438\u043d\u0436\u0435\u043d\u0435\u0440\u043d\u044b\u0435 \u043a\u043e\u043d\u0446\u0435\u043f\u0446\u0438\u0438 \u043f\u0440\u0438 \u0441\u0431\u043e\u0440\u043a\u0435 \u0434\u0432\u0438\u0436\u0443\u0449\u0435\u0433\u043e\u0441\u044f \u0434\u0432\u0438\u0433\u0430\u0442\u0435\u043b\u044f V8 \u0438 \u0434\u0438\u0444\u0444\u0435\u0440\u0435\u043d\u0446\u0438\u0430\u043b\u0430. \u0417\u0430\u0442\u0435\u043c \u043e\u043d\u0438 \u0441\u043c\u043e\u0433\u0443\u0442 \u043f\u0440\u043e\u0432\u0435\u0440\u0438\u0442\u044c \u0440\u0443\u043b\u0435\u0432\u043e\u0435 \u0443\u043f\u0440\u0430\u0432\u043b\u0435\u043d\u0438\u0435 \u0441 \u043f\u043e\u043c\u043e\u0449\u044c\u044e \u0441\u044a\u0435\u043c\u043d\u043e\u0439 \u0440\u0443\u0447\u043a\u0438, \u043a\u043e\u0442\u043e\u0440\u0430\u044f \u043f\u043e\u043c\u0435\u0449\u0430\u0435\u0442\u0441\u044f \u0432\u043d\u0443\u0442\u0440\u0438 \u043f\u0435\u0440\u0435\u0434\u043d\u0435\u0439 \u0447\u0430\u0441\u0442\u0438 \u0430\u0432\u0442\u043e\u043c\u043e\u0431\u0438\u043b\u044f. \u041e\u0442\u043b\u0438\u0447\u0438\u0442\u0435\u043b\u044c\u043d\u043e\u0439 \u043e\u0441\u043e\u0431\u0435\u043d\u043d\u043e\u0441\u0442\u044c\u044e \u044d\u0442\u043e\u0433\u043e \u0438\u0433\u0440\u0443\u0448\u0435\u0447\u043d\u043e\u0433\u043e \u0430\u0432\u0442\u043e\u043c\u043e\u0431\u0438\u043b\u044f \u0434\u043b\u044f \u0434\u0435\u0442\u0435\u0439 \u044f\u0432\u043b\u044f\u0435\u0442\u0441\u044f \u0434\u0432\u0443\u0433\u0440\u0430\u043d\u043d\u0430\u044f \u0441\u0438\u043d\u0445\u0440\u043e\u043d\u043d\u043e-\u0441\u043f\u0438\u0440\u0430\u043b\u044c\u043d\u0430\u044f \u0441\u0438\u0441\u0442\u0435\u043c\u0430 \u0434\u0432\u0435\u0440\u0435\u0439, \u043a\u043e\u0442\u043e\u0440\u0430\u044f \u043f\u043e\u0437\u0432\u043e\u043b\u044f\u0435\u0442 \u0434\u0432\u0435\u0440\u044f\u043c \u043f\u043e\u0432\u043e\u0440\u0430\u0447\u0438\u0432\u0430\u0442\u044c\u0441\u044f \u043d\u0430 90 \u0433\u0440\u0430\u0434\u0443\u0441\u043e\u0432 \u0438 \u0432\u044b\u0434\u0432\u0438\u0433\u0430\u0442\u044c\u0441\u044f \u043d\u0430\u0440\u0443\u0436\u0443, \u043a\u0430\u043a \u0432 \u043d\u0430\u0441\u0442\u043e\u044f\u0449\u0435\u043c \u0433\u0438\u043f\u0435\u0440\u043a\u0430\u0440\u0435.<\/p>\n<p>\u042d\u0442\u043e\u0442 \u0430\u0432\u0442\u043e\u043c\u043e\u0431\u0438\u043b\u044c LEGO Technic \u0441\u0442\u0430\u043d\u0435\u0442 \u043e\u0442\u043b\u0438\u0447\u043d\u044b\u043c \u043f\u043e\u0434\u0430\u0440\u043a\u043e\u043c \u0434\u043b\u044f \u0434\u0435\u0442\u0435\u0439, \u043a\u043e\u0442\u043e\u0440\u044b\u0435 \u043b\u044e\u0431\u044f\u0442 \u0442\u0440\u0430\u043d\u0441\u043f\u043e\u0440\u0442\u043d\u044b\u0435 \u0441\u0440\u0435\u0434\u0441\u0442\u0432\u0430. \u0412 \u043a\u043e\u043c\u043f\u043b\u0435\u043a\u0442 \u043f\u043e\u0441\u0442\u0430\u0432\u043a\u0438 \u0432\u0445\u043e\u0434\u0438\u0442 \u043f\u0440\u0438\u043b\u043e\u0436\u0435\u043d\u0438\u0435 LEGO Builder, \u043a\u043e\u0442\u043e\u0440\u043e\u0435 \u043f\u043e\u0437\u0432\u043e\u043b\u044f\u0435\u0442 \u0441\u0442\u0440\u043e\u0438\u0442\u0435\u043b\u044f\u043c \u0443\u0432\u0435\u043b\u0438\u0447\u0438\u0432\u0430\u0442\u044c \u0438 \u0432\u0440\u0430\u0449\u0430\u0442\u044c \u043c\u043e\u0434\u0435\u043b\u0438 \u0432 3D.<\/p>","protected":false},"excerpt":{"rendered":"<p>Inspir\u0103 b\u0103ie\u021bii \u0219i fetele \u00een v\u00e2rst\u0103 de 10+ ani s\u0103 construiasc\u0103 propria lor ma\u0219in\u0103 hypercar cu setul de construit pentru<\/p>","protected":false},"featured_media":199798,"comment_status":"closed","ping_status":"closed","template":"","meta":{"_monsterinsights_skip_tracking":false,"_monsterinsights_sitenote_active":false,"_monsterinsights_sitenote_note":"","_monsterinsights_sitenote_category":0},"product_brand":[],"product_cat":[1137,288,289,55],"product_tag":[],"class_list":{"0":"post-199726","1":"product","2":"type-product","3":"status-publish","4":"has-post-thumbnail","6":"product_cat-jucarii","7":"product_cat-lego","8":"product_cat-lego-technic","9":"product_cat-toate-produsele","11":"first","12":"instock","13":"shipping-taxable","14":"purchasable","15":"product-type-simple"},"_links":{"self":[{"href":"http:\/\/toystoys.md\/ru\/wp-json\/wp\/v2\/product\/199726","targetHints":{"allow":["GET"]}}],"collection":[{"href":"http:\/\/toystoys.md\/ru\/wp-json\/wp\/v2\/product"}],"about":[{"href":"http:\/\/toystoys.md\/ru\/wp-json\/wp\/v2\/types\/product"}],"replies":[{"embeddable":true,"href":"http:\/\/toystoys.md\/ru\/wp-json\/wp\/v2\/comments?post=199726"}],"wp:featuredmedia":[{"embeddable":true,"href":"http:\/\/toystoys.md\/ru\/wp-json\/wp\/v2\/media\/199798"}],"wp:attachment":[{"href":"http:\/\/toystoys.md\/ru\/wp-json\/wp\/v2\/media?parent=199726"}],"wp:term":[{"taxonomy":"product_brand","embeddable":true,"href":"http:\/\/toystoys.md\/ru\/wp-json\/wp\/v2\/product_brand?post=199726"},{"taxonomy":"product_cat","embeddable":true,"href":"http:\/\/toystoys.md\/ru\/wp-json\/wp\/v2\/product_cat?post=199726"},{"taxonomy":"product_tag","embeddable":true,"href":"http:\/\/toystoys.md\/ru\/wp-json\/wp\/v2\/product_tag?post=199726"}],"curies":[{"name":"wp","href":"https:\/\/api.w.org\/{rel}","templated":true}]}}