{"id":199718,"date":"2024-08-01T00:00:28","date_gmt":"2024-07-31T22:00:28","guid":{"rendered":""},"modified":"2026-01-22T09:51:51","modified_gmt":"2026-01-22T07:51:51","slug":"prod_5702017592541_sc97013","status":"publish","type":"product","link":"http:\/\/toystoys.md\/ru\/shop\/prod_5702017592541_sc97013\/","title":{"rendered":"\u041d\u0430\u043a\u043b\u0437 \u0438 \u0433\u043b\u0430\u0432\u043d\u044b\u0439 \u0438\u0437\u0443\u043c\u0440\u0443\u0434\u043d\u044b\u0439 \u0445\u0440\u0430\u043c Sonic the Hedgehog LEGO 76998"},"content":{"rendered":"<p>\u041f\u043e\u0440\u0430\u0434\u0443\u0439\u0442\u0435 \u043f\u043e\u043a\u043b\u043e\u043d\u043d\u0438\u043a\u043e\u0432 \u0432\u0438\u0434\u0435\u043e\u0438\u0433\u0440 \u0432 \u0432\u043e\u0437\u0440\u0430\u0441\u0442\u0435 \u043e\u0442 8 \u043b\u0435\u0442 \u043f\u0440\u0438\u043a\u043b\u044e\u0447\u0435\u043d\u0438\u044f\u043c\u0438 \u0438 \u0433\u0435\u0440\u043e\u044f\u043c\u0438 \u044d\u0442\u043e\u0433\u043e \u0441\u0431\u043e\u0440\u043d\u043e\u0433\u043e \u043d\u0430\u0431\u043e\u0440\u0430 \u00ab\u041d\u0430\u043a\u043b\u0437 \u0438 \u0433\u043b\u0430\u0432\u043d\u044b\u0439 \u0438\u0437\u0443\u043c\u0440\u0443\u0434\u043d\u044b\u0439 \u0445\u0440\u0430\u043c\u00bb (76998). \u041a\u043e\u043b\u043b\u0435\u043a\u0446\u0438\u043e\u043d\u043d\u0430\u044f \u0438\u0433\u0440\u0443\u0448\u043a\u0430 LEGO Sonic the Hedgehog \u0432\u043a\u043b\u044e\u0447\u0430\u0435\u0442 \u0432 \u0441\u0435\u0431\u044f \u0445\u0440\u0430\u043c \u0441 4 \u0438\u0437\u0443\u043c\u0440\u0443\u0434\u0430\u043c\u0438 \u0425\u0430\u043e\u0441\u0430, \u0436\u0438\u043b\u0438\u0449\u0435 \u041d\u0430\u043a\u043b\u0437\u0430 \u043f\u043e\u0434 \u0445\u0440\u0430\u043c\u043e\u043c \u0441 \u0442\u0440\u0435\u043d\u0438\u0440\u043e\u0432\u043e\u0447\u043d\u043e\u0439 \u043f\u043b\u043e\u0449\u0430\u0434\u043a\u043e\u0439, \u0432\u0440\u0430\u0449\u0430\u044e\u0449\u0438\u0439\u0441\u044f \u043f\u043e\u043b \u0438 \u0432\u0438\u043d\u043e\u0433\u0440\u0430\u0434\u043d\u0443\u044e \u043b\u043e\u0437\u0443, \u043c\u043e\u043b\u043e\u0442 \u042d\u043c\u0438 \u0438 \u043a\u0430\u0442\u0430\u043f\u0443\u043b\u044c\u0442\u0443 \u0434\u043b\u044f \u0437\u0430\u043f\u0443\u0441\u043a\u0430 \u0432\u0438\u043d\u043e\u0433\u0440\u0430\u0434\u0430 \u0432 \u042d\u0433\u0433\u0440\u043e\u0431\u043e. \u0412 \u044d\u0442\u043e\u0442 \u0437\u0430\u0431\u0430\u0432\u043d\u044b\u0439 \u043f\u043e\u0434\u0430\u0440\u043e\u043a \u0434\u043b\u044f \u0433\u0435\u0439\u043c\u0435\u0440\u0430 \u0432\u0445\u043e\u0434\u044f\u0442 4 \u043f\u0435\u0440\u0441\u043e\u043d\u0430\u0436\u0430: \u043c\u0438\u043d\u0438\u0444\u0438\u0433\u0443\u0440\u043a\u0438 \u041d\u0430\u043a\u043b\u0437\u0430 \u0438 \u042d\u043c\u0438, \u043f\u043e\u0434\u0432\u0438\u0436\u043d\u044b\u0439 \u042d\u0433\u0433\u0440\u043e\u0431\u043e \u0411\u0430\u0434\u043d\u0438\u043a \u0441 \u0440\u0435\u0430\u043a\u0442\u0438\u0432\u043d\u044b\u043c \u0440\u0430\u043d\u0446\u0435\u043c \u0438 \u0433\u0440\u0430\u043d\u0430\u0442\u043e\u043c\u0435\u0442\u043e\u043c, \u0430 \u0442\u0430\u043a\u0436\u0435 \u041f\u0438\u043a\u043a\u0438.<\/p>\n<p>\u042d\u0442\u043e\u0442 \u043a\u043b\u0430\u0441\u0441\u043d\u044b\u0439 \u0438\u0433\u0440\u043e\u0432\u043e\u0439 \u043d\u0430\u0431\u043e\u0440 \u00ab\u0421\u043e\u043d\u0438\u043a\u00bb \u043c\u043e\u0436\u0435\u0442 \u0441\u0442\u0430\u0442\u044c \u0442\u0432\u043e\u0440\u0447\u0435\u0441\u043a\u043e\u0439 \u0438\u0433\u0440\u0443\u0448\u043a\u043e\u0439, \u043a\u043e\u0442\u043e\u0440\u0430\u044f \u043f\u043e\u0437\u0432\u043e\u043b\u0438\u0442 \u0444\u0430\u043d\u0430\u0442\u0430\u043c \u0441\u043e\u0437\u0434\u0430\u0432\u0430\u0442\u044c \u0438\u0441\u0442\u043e\u0440\u0438\u0438 \u0441 \u041d\u0430\u043a\u043b\u0437\u043e\u043c \u0438 \u042d\u043c\u0438: \u043e\u0442 \u0442\u0440\u0435\u043d\u0438\u0440\u043e\u0432\u043e\u043a \u0438 \u0441\u0431\u043e\u0440\u0430 \u0432\u0438\u043d\u043e\u0433\u0440\u0430\u0434\u0430 \u0434\u043e \u0437\u0430\u0449\u0438\u0442\u044b \u0445\u0440\u0430\u043c\u0430 \u0438 \u0418\u0437\u0443\u043c\u0440\u0443\u0434\u043e\u0432 \u0425\u0430\u043e\u0441\u0430, \u0434\u043e \u043e\u0442\u0434\u044b\u0445\u0430 \u0441 \u0437\u0430\u043a\u0443\u0441\u043a\u0430\u043c\u0438 \u043f\u043e\u0441\u043b\u0435 \u043f\u043e\u0431\u0435\u0434\u044b \u043d\u0430\u0434 \u042d\u0433\u0433\u0440\u043e\u0431\u043e \u0438 \u0441\u043f\u0430\u0441\u0435\u043d\u0438\u044f \u041f\u0440\u0438\u0434\u0438\u0440\u0447\u0438\u0432\u043e\u0433\u043e.<\/p>\n<p>\u0411\u044b\u0441\u0442\u0440\u043e\u0435 \u0440\u0430\u0437\u0432\u043b\u0435\u0447\u0435\u043d\u0438\u0435 \u0441\u043e\u0447\u0435\u0442\u0430\u0435\u0442\u0441\u044f \u0441 \u0441\u0430\u043c\u043e\u0441\u0442\u043e\u044f\u0442\u0435\u043b\u044c\u043d\u043e\u0439 \u0438\u0433\u0440\u043e\u0439 \u0441 \u0438\u0433\u0440\u0443\u0448\u043a\u0430\u043c\u0438 LEGO Sonic the Hedgehog. \u0414\u0435\u0442\u0438 \u0442\u0430\u043a\u0436\u0435 \u043f\u043e\u043b\u0443\u0447\u0430\u044e\u0442 \u0438\u043d\u0442\u0443\u0438\u0442\u0438\u0432\u043d\u043e \u043f\u043e\u043d\u044f\u0442\u043d\u043e\u0435 \u043f\u0440\u0438\u043a\u043b\u044e\u0447\u0435\u043d\u0438\u0435 \u043f\u043e \u0441\u0431\u043e\u0440\u043a\u0435 \u0441 \u043f\u043e\u043c\u043e\u0449\u044c\u044e \u043f\u0440\u0438\u043b\u043e\u0436\u0435\u043d\u0438\u044f LEGO Builder, \u0433\u0434\u0435 \u043e\u043d\u0438 \u043c\u043e\u0433\u0443\u0442 \u0443\u0432\u0435\u043b\u0438\u0447\u0438\u0432\u0430\u0442\u044c \u0438 \u043f\u043e\u0432\u043e\u0440\u0430\u0447\u0438\u0432\u0430\u0442\u044c \u043c\u043e\u0434\u0435\u043b\u0438, \u0441\u043e\u0445\u0440\u0430\u043d\u044f\u0442\u044c \u043d\u0430\u0431\u043e\u0440\u044b \u0438 \u043e\u0442\u0441\u043b\u0435\u0436\u0438\u0432\u0430\u0442\u044c \u043f\u0440\u043e\u0433\u0440\u0435\u0441\u0441.<\/p>","protected":false},"excerpt":{"rendered":"<p>\u00cenc\u00e2nt\u0103 fanii de 8+ ani ai jocurilor video cu aventurile \u015fi eroii din setul de construc\u0163ie Knuckles \u015fi Altarul Master<\/p>","protected":false},"featured_media":199760,"comment_status":"closed","ping_status":"closed","template":"..\/public\/views\/revslider-page-template.php","meta":{"_monsterinsights_skip_tracking":false,"_monsterinsights_sitenote_active":false,"_monsterinsights_sitenote_note":"","_monsterinsights_sitenote_category":0},"product_brand":[],"product_cat":[1137,288,1603,55],"product_tag":[1914],"class_list":{"0":"post-199718","1":"product","2":"type-product","3":"status-publish","4":"has-post-thumbnail","6":"product_cat-jucarii","7":"product_cat-lego","8":"product_cat-lego-sonic","9":"product_cat-toate-produsele","10":"product_tag-lego-30","12":"first","13":"instock","14":"shipping-taxable","15":"purchasable","16":"product-type-simple"},"_links":{"self":[{"href":"http:\/\/toystoys.md\/ru\/wp-json\/wp\/v2\/product\/199718","targetHints":{"allow":["GET"]}}],"collection":[{"href":"http:\/\/toystoys.md\/ru\/wp-json\/wp\/v2\/product"}],"about":[{"href":"http:\/\/toystoys.md\/ru\/wp-json\/wp\/v2\/types\/product"}],"replies":[{"embeddable":true,"href":"http:\/\/toystoys.md\/ru\/wp-json\/wp\/v2\/comments?post=199718"}],"wp:featuredmedia":[{"embeddable":true,"href":"http:\/\/toystoys.md\/ru\/wp-json\/wp\/v2\/media\/199760"}],"wp:attachment":[{"href":"http:\/\/toystoys.md\/ru\/wp-json\/wp\/v2\/media?parent=199718"}],"wp:term":[{"taxonomy":"product_brand","embeddable":true,"href":"http:\/\/toystoys.md\/ru\/wp-json\/wp\/v2\/product_brand?post=199718"},{"taxonomy":"product_cat","embeddable":true,"href":"http:\/\/toystoys.md\/ru\/wp-json\/wp\/v2\/product_cat?post=199718"},{"taxonomy":"product_tag","embeddable":true,"href":"http:\/\/toystoys.md\/ru\/wp-json\/wp\/v2\/product_tag?post=199718"}],"curies":[{"name":"wp","href":"https:\/\/api.w.org\/{rel}","templated":true}]}}